{"id":7462,"date":"2021-08-07T23:23:24","date_gmt":"2021-08-07T20:23:24","guid":{"rendered":"https:\/\/cirks.lv\/rezidences\/"},"modified":"2022-03-21T10:45:35","modified_gmt":"2022-03-21T08:45:35","slug":"rezidencii","status":"publish","type":"page","link":"https:\/\/cirks.lv\/ru\/pro\/rezidencii\/","title":{"rendered":"\u0420\u0435\u0437\u0438\u0434\u0435\u043d\u0446\u0438\u0438"},"content":{"rendered":"<blockquote><p>R\u012bgas cirka reziden\u010du programma ir rad\u012bta ar m\u0113r\u0137i pied\u0101v\u0101t jaunu m\u0101ksliniecisko mekl\u0113jumu un prak\u0161u starpdisciplin\u0101ru laboratoriju.<\/p><\/blockquote>\n<p>R\u012bgas cirks ir atv\u0113rts visda\u017e\u0101d\u0101ko m\u0101kslas jomu m\u0101ksliniekiem \u2013 cirka m\u0101ksliniekiem, dejot\u0101jiem, vizu\u0101l\u0101s m\u0101kslas p\u0101rst\u0101vjiem, filmu veidot\u0101jiem, dizaineriem, dramaturgiem u.c. \u2013 ar m\u0113r\u0137i veicin\u0101t laikmet\u012bg\u0101s m\u0101kslas procesus, galveno uzman\u012bbu piev\u0113r\u0161ot laikmet\u012bg\u0101 cirka att\u012bst\u012bbai Latvij\u0101 un Baltij\u0101.<\/p>\n<p>R\u012bgas cirka reziden\u010du programma m\u0101ksliniekiem pied\u0101v\u0101 iesp\u0113ju str\u0101d\u0101t pie jaunu cirka izr\u0101\u017eu idej\u0101m vai vietai piesaist\u012btiem (site-specific) projektiem, kas saist\u012bti ar R\u012bgas cirku un t\u0101 v\u0113sturisko \u0113ku Mer\u0137e\u013ca iel\u0101 4. Laik\u0101 no 2021. l\u012bdz 2023. gadam R\u012bgas cirka rezidences notiek R\u012bgas cirka pagaidu telp\u0101s Ze\u013c\u013cu iel\u0101 25, \u0100genskaln\u0101.<\/p>\n<p>No 2018. l\u012bdz 2020. gadam R\u012bgas cirks pied\u0101v\u0101ja reziden\u010du programmu ar <a href=\"https:\/\/www.nordiskkulturkontakt.org\/en\/\">Nordic Culture Point<\/a> atbalstu. T\u0101s m\u0113r\u0137is bija pied\u0101v\u0101t jaunu m\u0101ksliniecisko mekl\u0113jumu un prak\u0161u starpdisciplin\u0101ru laboratoriju visda\u017e\u0101d\u0101ko m\u0101kslas jomu p\u0101rst\u0101vjiem.<\/p>\n<p>2020. gad\u0101 R\u012bgas cirks organiz\u0113ja Labkl\u0101j\u012bbas rezidences, kas bija paredz\u0113tas Latvij\u0101, Lietuv\u0101 un Igaunij\u0101 m\u012bto\u0161iem m\u0101ksliniekiem un m\u0101kslinieku grup\u0101m, kuru profesion\u0101lo intere\u0161u lok\u0101 ir soci\u0101li atbild\u012bgu m\u0101kslas projektu veido\u0161ana. \u0160\u012b rezidence bija da\u013ca no starptautiska <a href=\"https:\/\/www.wellbeingresidency.net\/\">Labkl\u0101j\u012bbas reziden\u010du projekta<\/a>, kura m\u0113r\u0137is ir att\u012bst\u012bt veiksm\u012bgu labkl\u0101j\u012bbas reziden\u010du modeli.<\/p>\n<p>Kop\u0161 2019. gada R\u012bgas cirks ir Eiropas cirka platformas <a href=\"https:\/\/www.circusnext.eu\/\">Circusnext<\/a> biedrs. Platformas m\u0113r\u0137is ir atbalst\u012bt jaunos cirka m\u0101ksliniekus un apvien\u012bbas, izcelt rado\u0161umu un unikalit\u0101ti, veicin\u0101t jaunradi un sadarb\u012bbu. Platformas ietvaros R\u012bgas cirks uz\u0146em topo\u0161os m\u0101ksliniekus rezidenc\u0113s, k\u0101 ar\u012b izr\u0101da jaun\u0101kos Eiropas talantu darbus.<\/p>\n<blockquote><p>Pieteik\u0161an\u0101s dal\u012bbai k\u0101d\u0101 no programm\u0101m iesp\u0113jama k\u0101rt\u0113j\u0101 pieteikumu konkurs\u0101, iesniedzot nor\u0101d\u012bto inform\u0101ciju. L\u016bdzam sekot l\u012bdzi inform\u0101cijai par aktu\u0101lajiem konkursiem.<\/p><\/blockquote>\n<h3>\u0160OBR\u012aD NAV AKTU\u0100LU PIETEIK\u0160AN\u0100S KONKURSU.<\/h3>\n<p>Ja \u0161aj\u0101 lap\u0101 neatrad\u0101t j\u016bs interes\u0113jo\u0161o inform\u0101ciju par rezidenc\u0113m, l\u016bdzu rakstiet uz <a href=\"&#x6d;a&#x69;&#108;t&#x6f;&#58;&#x72;&#x65;z&#x69;&#100;e&#x6e;&#99;&#x65;&#115;&#64;&#x63;&#105;r&#x6b;&#115;&#x2e;&#108;v\">rez&#105;&#100;&#101;&#x6e;&#x63;&#x65;&#x73;&#x40;&#x63;irk&#115;&#46;&#108;&#118;<\/a><\/p>\n","protected":false},"excerpt":{"rendered":"<p>R\u012bgas cirka reziden\u010du programma ir rad\u012bta ar m\u0113r\u0137i pied\u0101v\u0101t jaunu m\u0101ksliniecisko mekl\u0113jumu un prak\u0161u starpdisciplin\u0101ru laboratoriju. R\u012bgas cirks ir atv\u0113rts visda\u017e\u0101d\u0101ko m\u0101kslas jomu m\u0101ksliniekiem \u2013 cirka m\u0101ksliniekiem, dejot\u0101jiem, vizu\u0101l\u0101s m\u0101kslas p\u0101rst\u0101vjiem, filmu veidot\u0101jiem, dizaineriem, dramaturgiem u.c. \u2013 ar m\u0113r\u0137i veicin\u0101t laikmet\u012bg\u0101s m\u0101kslas procesus, galveno uzman\u012bbu piev\u0113r\u0161ot laikmet\u012bg\u0101 cirka att\u012bst\u012bbai Latvij\u0101 un Baltij\u0101. R\u012bgas cirka reziden\u010du&#8230;<\/p>\n","protected":false},"author":1,"featured_media":13135,"parent":7465,"menu_order":118,"comment_status":"closed","ping_status":"closed","template":"","meta":{"_acf_changed":false,"footnotes":""},"class_list":["post-7462","page","type-page","status-publish","has-post-thumbnail","hentry"],"acf":[],"yoast_head":"<!-- This site is optimized with the Yoast SEO plugin v27.3 - https:\/\/yoast.com\/product\/yoast-seo-wordpress\/ -->\n<title>\u0420\u0435\u0437\u0438\u0434\u0435\u043d\u0446\u0438\u0438 - cirks.lv<\/title>\n<meta name=\"robots\" content=\"index, follow, max-snippet:-1, max-image-preview:large, max-video-preview:-1\" \/>\n<link rel=\"canonical\" href=\"https:\/\/cirks.lv\/ru\/pro\/rezidencii\/\" \/>\n<meta property=\"og:locale\" content=\"ru_RU\" \/>\n<meta property=\"og:type\" content=\"article\" \/>\n<meta property=\"og:title\" content=\"\u0420\u0435\u0437\u0438\u0434\u0435\u043d\u0446\u0438\u0438 - cirks.lv\" \/>\n<meta property=\"og:description\" content=\"R\u012bgas cirka reziden\u010du programma ir rad\u012bta ar m\u0113r\u0137i pied\u0101v\u0101t jaunu m\u0101ksliniecisko mekl\u0113jumu un prak\u0161u starpdisciplin\u0101ru laboratoriju. R\u012bgas cirks ir atv\u0113rts visda\u017e\u0101d\u0101ko m\u0101kslas jomu m\u0101ksliniekiem \u2013 cirka m\u0101ksliniekiem, dejot\u0101jiem, vizu\u0101l\u0101s m\u0101kslas p\u0101rst\u0101vjiem, filmu veidot\u0101jiem, dizaineriem, dramaturgiem u.c. \u2013 ar m\u0113r\u0137i veicin\u0101t laikmet\u012bg\u0101s m\u0101kslas procesus, galveno uzman\u012bbu piev\u0113r\u0161ot laikmet\u012bg\u0101 cirka att\u012bst\u012bbai Latvij\u0101 un Baltij\u0101. R\u012bgas cirka reziden\u010du...\" \/>\n<meta property=\"og:url\" content=\"https:\/\/cirks.lv\/ru\/pro\/rezidencii\/\" \/>\n<meta property=\"og:site_name\" content=\"cirks.lv\" \/>\n<meta property=\"article:modified_time\" content=\"2022-03-21T08:45:35+00:00\" \/>\n<meta name=\"twitter:card\" content=\"summary_large_image\" \/>\n<meta name=\"twitter:site\" content=\"@VISA_RigasCirks\" \/>\n<meta name=\"twitter:label1\" content=\"\u041f\u0440\u0438\u043c\u0435\u0440\u043d\u043e\u0435 \u0432\u0440\u0435\u043c\u044f \u0434\u043b\u044f \u0447\u0442\u0435\u043d\u0438\u044f\" \/>\n\t<meta name=\"twitter:data1\" content=\"2 \u043c\u0438\u043d\u0443\u0442\u044b\" \/>\n<script type=\"application\/ld+json\" class=\"yoast-schema-graph\">{\"@context\":\"https:\\\/\\\/schema.org\",\"@graph\":[{\"@type\":\"WebPage\",\"@id\":\"https:\\\/\\\/cirks.lv\\\/ru\\\/pro\\\/rezidencii\\\/\",\"url\":\"https:\\\/\\\/cirks.lv\\\/ru\\\/pro\\\/rezidencii\\\/\",\"name\":\"\u0420\u0435\u0437\u0438\u0434\u0435\u043d\u0446\u0438\u0438 - cirks.lv\",\"isPartOf\":{\"@id\":\"https:\\\/\\\/cirks.lv\\\/ru\\\/#website\"},\"primaryImageOfPage\":{\"@id\":\"https:\\\/\\\/cirks.lv\\\/ru\\\/pro\\\/rezidencii\\\/#primaryimage\"},\"image\":{\"@id\":\"https:\\\/\\\/cirks.lv\\\/ru\\\/pro\\\/rezidencii\\\/#primaryimage\"},\"thumbnailUrl\":\"https:\\\/\\\/cirks.lv\\\/wp-content\\\/uploads\\\/2021\\\/12\\\/pikto_pro-rezidences.svg\",\"datePublished\":\"2021-08-07T20:23:24+00:00\",\"dateModified\":\"2022-03-21T08:45:35+00:00\",\"breadcrumb\":{\"@id\":\"https:\\\/\\\/cirks.lv\\\/ru\\\/pro\\\/rezidencii\\\/#breadcrumb\"},\"inLanguage\":\"ru-RU\",\"potentialAction\":[{\"@type\":\"ReadAction\",\"target\":[\"https:\\\/\\\/cirks.lv\\\/ru\\\/pro\\\/rezidencii\\\/\"]}]},{\"@type\":\"ImageObject\",\"inLanguage\":\"ru-RU\",\"@id\":\"https:\\\/\\\/cirks.lv\\\/ru\\\/pro\\\/rezidencii\\\/#primaryimage\",\"url\":\"https:\\\/\\\/cirks.lv\\\/wp-content\\\/uploads\\\/2021\\\/12\\\/pikto_pro-rezidences.svg\",\"contentUrl\":\"https:\\\/\\\/cirks.lv\\\/wp-content\\\/uploads\\\/2021\\\/12\\\/pikto_pro-rezidences.svg\"},{\"@type\":\"BreadcrumbList\",\"@id\":\"https:\\\/\\\/cirks.lv\\\/ru\\\/pro\\\/rezidencii\\\/#breadcrumb\",\"itemListElement\":[{\"@type\":\"ListItem\",\"position\":1,\"name\":\"Home\",\"item\":\"https:\\\/\\\/cirks.lv\\\/ru\\\/\"},{\"@type\":\"ListItem\",\"position\":2,\"name\":\"PRO\",\"item\":\"https:\\\/\\\/cirks.lv\\\/ru\\\/pro\\\/\"},{\"@type\":\"ListItem\",\"position\":3,\"name\":\"\u0420\u0435\u0437\u0438\u0434\u0435\u043d\u0446\u0438\u0438\"}]},{\"@type\":\"WebSite\",\"@id\":\"https:\\\/\\\/cirks.lv\\\/ru\\\/#website\",\"url\":\"https:\\\/\\\/cirks.lv\\\/ru\\\/\",\"name\":\"cirks.lv\",\"description\":\"Circus, cirks, stage arts\",\"publisher\":{\"@id\":\"https:\\\/\\\/cirks.lv\\\/ru\\\/#organization\"},\"potentialAction\":[{\"@type\":\"SearchAction\",\"target\":{\"@type\":\"EntryPoint\",\"urlTemplate\":\"https:\\\/\\\/cirks.lv\\\/ru\\\/?s={search_term_string}\"},\"query-input\":{\"@type\":\"PropertyValueSpecification\",\"valueRequired\":true,\"valueName\":\"search_term_string\"}}],\"inLanguage\":\"ru-RU\"},{\"@type\":\"Organization\",\"@id\":\"https:\\\/\\\/cirks.lv\\\/ru\\\/#organization\",\"name\":\"R\u012bgas Cirks\",\"url\":\"https:\\\/\\\/cirks.lv\\\/ru\\\/\",\"logo\":{\"@type\":\"ImageObject\",\"inLanguage\":\"ru-RU\",\"@id\":\"https:\\\/\\\/cirks.lv\\\/ru\\\/#\\\/schema\\\/logo\\\/image\\\/\",\"url\":\"https:\\\/\\\/cirks.lv\\\/wp-content\\\/uploads\\\/2021\\\/08\\\/RC-logo-2018.jpg\",\"contentUrl\":\"https:\\\/\\\/cirks.lv\\\/wp-content\\\/uploads\\\/2021\\\/08\\\/RC-logo-2018.jpg\",\"width\":1753,\"height\":1240,\"caption\":\"R\u012bgas Cirks\"},\"image\":{\"@id\":\"https:\\\/\\\/cirks.lv\\\/ru\\\/#\\\/schema\\\/logo\\\/image\\\/\"},\"sameAs\":[\"https:\\\/\\\/x.com\\\/VISA_RigasCirks\",\"https:\\\/\\\/www.instagram.com\\\/VSIA_RigasCirks\\\/\"]}]}<\/script>\n<!-- \/ Yoast SEO plugin. -->","yoast_head_json":{"title":"\u0420\u0435\u0437\u0438\u0434\u0435\u043d\u0446\u0438\u0438 - cirks.lv","robots":{"index":"index","follow":"follow","max-snippet":"max-snippet:-1","max-image-preview":"max-image-preview:large","max-video-preview":"max-video-preview:-1"},"canonical":"https:\/\/cirks.lv\/ru\/pro\/rezidencii\/","og_locale":"ru_RU","og_type":"article","og_title":"\u0420\u0435\u0437\u0438\u0434\u0435\u043d\u0446\u0438\u0438 - cirks.lv","og_description":"R\u012bgas cirka reziden\u010du programma ir rad\u012bta ar m\u0113r\u0137i pied\u0101v\u0101t jaunu m\u0101ksliniecisko mekl\u0113jumu un prak\u0161u starpdisciplin\u0101ru laboratoriju. R\u012bgas cirks ir atv\u0113rts visda\u017e\u0101d\u0101ko m\u0101kslas jomu m\u0101ksliniekiem \u2013 cirka m\u0101ksliniekiem, dejot\u0101jiem, vizu\u0101l\u0101s m\u0101kslas p\u0101rst\u0101vjiem, filmu veidot\u0101jiem, dizaineriem, dramaturgiem u.c. \u2013 ar m\u0113r\u0137i veicin\u0101t laikmet\u012bg\u0101s m\u0101kslas procesus, galveno uzman\u012bbu piev\u0113r\u0161ot laikmet\u012bg\u0101 cirka att\u012bst\u012bbai Latvij\u0101 un Baltij\u0101. R\u012bgas cirka reziden\u010du...","og_url":"https:\/\/cirks.lv\/ru\/pro\/rezidencii\/","og_site_name":"cirks.lv","article_modified_time":"2022-03-21T08:45:35+00:00","twitter_card":"summary_large_image","twitter_site":"@VISA_RigasCirks","twitter_misc":{"\u041f\u0440\u0438\u043c\u0435\u0440\u043d\u043e\u0435 \u0432\u0440\u0435\u043c\u044f \u0434\u043b\u044f \u0447\u0442\u0435\u043d\u0438\u044f":"2 \u043c\u0438\u043d\u0443\u0442\u044b"},"schema":{"@context":"https:\/\/schema.org","@graph":[{"@type":"WebPage","@id":"https:\/\/cirks.lv\/ru\/pro\/rezidencii\/","url":"https:\/\/cirks.lv\/ru\/pro\/rezidencii\/","name":"\u0420\u0435\u0437\u0438\u0434\u0435\u043d\u0446\u0438\u0438 - cirks.lv","isPartOf":{"@id":"https:\/\/cirks.lv\/ru\/#website"},"primaryImageOfPage":{"@id":"https:\/\/cirks.lv\/ru\/pro\/rezidencii\/#primaryimage"},"image":{"@id":"https:\/\/cirks.lv\/ru\/pro\/rezidencii\/#primaryimage"},"thumbnailUrl":"https:\/\/cirks.lv\/wp-content\/uploads\/2021\/12\/pikto_pro-rezidences.svg","datePublished":"2021-08-07T20:23:24+00:00","dateModified":"2022-03-21T08:45:35+00:00","breadcrumb":{"@id":"https:\/\/cirks.lv\/ru\/pro\/rezidencii\/#breadcrumb"},"inLanguage":"ru-RU","potentialAction":[{"@type":"ReadAction","target":["https:\/\/cirks.lv\/ru\/pro\/rezidencii\/"]}]},{"@type":"ImageObject","inLanguage":"ru-RU","@id":"https:\/\/cirks.lv\/ru\/pro\/rezidencii\/#primaryimage","url":"https:\/\/cirks.lv\/wp-content\/uploads\/2021\/12\/pikto_pro-rezidences.svg","contentUrl":"https:\/\/cirks.lv\/wp-content\/uploads\/2021\/12\/pikto_pro-rezidences.svg"},{"@type":"BreadcrumbList","@id":"https:\/\/cirks.lv\/ru\/pro\/rezidencii\/#breadcrumb","itemListElement":[{"@type":"ListItem","position":1,"name":"Home","item":"https:\/\/cirks.lv\/ru\/"},{"@type":"ListItem","position":2,"name":"PRO","item":"https:\/\/cirks.lv\/ru\/pro\/"},{"@type":"ListItem","position":3,"name":"\u0420\u0435\u0437\u0438\u0434\u0435\u043d\u0446\u0438\u0438"}]},{"@type":"WebSite","@id":"https:\/\/cirks.lv\/ru\/#website","url":"https:\/\/cirks.lv\/ru\/","name":"cirks.lv","description":"Circus, cirks, stage arts","publisher":{"@id":"https:\/\/cirks.lv\/ru\/#organization"},"potentialAction":[{"@type":"SearchAction","target":{"@type":"EntryPoint","urlTemplate":"https:\/\/cirks.lv\/ru\/?s={search_term_string}"},"query-input":{"@type":"PropertyValueSpecification","valueRequired":true,"valueName":"search_term_string"}}],"inLanguage":"ru-RU"},{"@type":"Organization","@id":"https:\/\/cirks.lv\/ru\/#organization","name":"R\u012bgas Cirks","url":"https:\/\/cirks.lv\/ru\/","logo":{"@type":"ImageObject","inLanguage":"ru-RU","@id":"https:\/\/cirks.lv\/ru\/#\/schema\/logo\/image\/","url":"https:\/\/cirks.lv\/wp-content\/uploads\/2021\/08\/RC-logo-2018.jpg","contentUrl":"https:\/\/cirks.lv\/wp-content\/uploads\/2021\/08\/RC-logo-2018.jpg","width":1753,"height":1240,"caption":"R\u012bgas Cirks"},"image":{"@id":"https:\/\/cirks.lv\/ru\/#\/schema\/logo\/image\/"},"sameAs":["https:\/\/x.com\/VISA_RigasCirks","https:\/\/www.instagram.com\/VSIA_RigasCirks\/"]}]}},"_links":{"self":[{"href":"https:\/\/cirks.lv\/ru\/wp-json\/wp\/v2\/pages\/7462","targetHints":{"allow":["GET"]}}],"collection":[{"href":"https:\/\/cirks.lv\/ru\/wp-json\/wp\/v2\/pages"}],"about":[{"href":"https:\/\/cirks.lv\/ru\/wp-json\/wp\/v2\/types\/page"}],"author":[{"embeddable":true,"href":"https:\/\/cirks.lv\/ru\/wp-json\/wp\/v2\/users\/1"}],"replies":[{"embeddable":true,"href":"https:\/\/cirks.lv\/ru\/wp-json\/wp\/v2\/comments?post=7462"}],"version-history":[{"count":6,"href":"https:\/\/cirks.lv\/ru\/wp-json\/wp\/v2\/pages\/7462\/revisions"}],"predecessor-version":[{"id":14751,"href":"https:\/\/cirks.lv\/ru\/wp-json\/wp\/v2\/pages\/7462\/revisions\/14751"}],"up":[{"embeddable":true,"href":"https:\/\/cirks.lv\/ru\/wp-json\/wp\/v2\/pages\/7465"}],"wp:featuredmedia":[{"embeddable":true,"href":"https:\/\/cirks.lv\/ru\/wp-json\/wp\/v2\/media\/13135"}],"wp:attachment":[{"href":"https:\/\/cirks.lv\/ru\/wp-json\/wp\/v2\/media?parent=7462"}],"curies":[{"name":"wp","href":"https:\/\/api.w.org\/{rel}","templated":true}]}}