{"id":5082,"date":"2021-08-03T16:18:49","date_gmt":"2021-08-03T13:18:49","guid":{"rendered":"https:\/\/cirks.lv\/rekviziti-logo\/"},"modified":"2021-10-11T10:22:48","modified_gmt":"2021-10-11T07:22:48","slug":"svojstva-i-logotip","status":"publish","type":"page","link":"https:\/\/cirks.lv\/ru\/svojstva-i-logotip\/","title":{"rendered":"\u0421\u0432\u043e\u0439\u0441\u0442\u0432\u0430 \u0438 \u043b\u043e\u0433\u043e\u0442\u0438\u043f"},"content":{"rendered":"<p>VSIA R\u012bgas cirks<br \/>\nRe\u0123. Nr. 40003027789<br \/>\nMer\u0137e\u013ca iela 4, R\u012bga, LV-1050<\/p>\n<p><strong>Valsts kase BIC\/SWIFT: TRELLV22<\/strong><br \/>\n<strong>Konts: LV83TREL9220910000000<\/strong><\/p>\n<p><strong>A\/S Swedbank BIC\/SWIFT: HABALV22<\/strong><br \/>\n<strong>Konts: LV18HABA0551026157198<\/strong><\/p>\n","protected":false},"excerpt":{"rendered":"<p>VSIA R\u012bgas cirks Re\u0123. Nr. 40003027789 Mer\u0137e\u013ca iela 4, R\u012bga, LV-1050 Valsts kase BIC\/SWIFT: TRELLV22 Konts: LV83TREL9220910000000 A\/S Swedbank BIC\/SWIFT: HABALV22 Konts: LV18HABA0551026157198<\/p>\n","protected":false},"author":1,"featured_media":13141,"parent":0,"menu_order":172,"comment_status":"closed","ping_status":"closed","template":"details-logo.php","meta":{"_acf_changed":false,"footnotes":""},"class_list":["post-5082","page","type-page","status-publish","has-post-thumbnail","hentry"],"acf":[],"yoast_head":"<!-- This site is optimized with the Yoast SEO plugin v27.3 - https:\/\/yoast.com\/product\/yoast-seo-wordpress\/ -->\n<title>\u0421\u0432\u043e\u0439\u0441\u0442\u0432\u0430 \u0438 \u043b\u043e\u0433\u043e\u0442\u0438\u043f - cirks.lv<\/title>\n<meta name=\"robots\" content=\"index, follow, max-snippet:-1, max-image-preview:large, max-video-preview:-1\" \/>\n<link rel=\"canonical\" href=\"https:\/\/cirks.lv\/ru\/svojstva-i-logotip\/\" \/>\n<meta property=\"og:locale\" content=\"ru_RU\" \/>\n<meta property=\"og:type\" content=\"article\" \/>\n<meta property=\"og:title\" content=\"\u0421\u0432\u043e\u0439\u0441\u0442\u0432\u0430 \u0438 \u043b\u043e\u0433\u043e\u0442\u0438\u043f - cirks.lv\" \/>\n<meta property=\"og:description\" content=\"VSIA R\u012bgas cirks Re\u0123. Nr. 40003027789 Mer\u0137e\u013ca iela 4, R\u012bga, LV-1050 Valsts kase BIC\/SWIFT: TRELLV22 Konts: LV83TREL9220910000000 A\/S Swedbank BIC\/SWIFT: HABALV22 Konts: LV18HABA0551026157198\" \/>\n<meta property=\"og:url\" content=\"https:\/\/cirks.lv\/ru\/svojstva-i-logotip\/\" \/>\n<meta property=\"og:site_name\" content=\"cirks.lv\" \/>\n<meta property=\"article:modified_time\" content=\"2021-10-11T07:22:48+00:00\" \/>\n<meta name=\"twitter:card\" content=\"summary_large_image\" \/>\n<meta name=\"twitter:site\" content=\"@VISA_RigasCirks\" \/>\n<script type=\"application\/ld+json\" class=\"yoast-schema-graph\">{\"@context\":\"https:\\\/\\\/schema.org\",\"@graph\":[{\"@type\":\"WebPage\",\"@id\":\"https:\\\/\\\/cirks.lv\\\/ru\\\/svojstva-i-logotip\\\/\",\"url\":\"https:\\\/\\\/cirks.lv\\\/ru\\\/svojstva-i-logotip\\\/\",\"name\":\"\u0421\u0432\u043e\u0439\u0441\u0442\u0432\u0430 \u0438 \u043b\u043e\u0433\u043e\u0442\u0438\u043f - cirks.lv\",\"isPartOf\":{\"@id\":\"https:\\\/\\\/cirks.lv\\\/ru\\\/#website\"},\"primaryImageOfPage\":{\"@id\":\"https:\\\/\\\/cirks.lv\\\/ru\\\/svojstva-i-logotip\\\/#primaryimage\"},\"image\":{\"@id\":\"https:\\\/\\\/cirks.lv\\\/ru\\\/svojstva-i-logotip\\\/#primaryimage\"},\"thumbnailUrl\":\"https:\\\/\\\/cirks.lv\\\/wp-content\\\/uploads\\\/2021\\\/12\\\/pikto_rekviziti.svg\",\"datePublished\":\"2021-08-03T13:18:49+00:00\",\"dateModified\":\"2021-10-11T07:22:48+00:00\",\"breadcrumb\":{\"@id\":\"https:\\\/\\\/cirks.lv\\\/ru\\\/svojstva-i-logotip\\\/#breadcrumb\"},\"inLanguage\":\"ru-RU\",\"potentialAction\":[{\"@type\":\"ReadAction\",\"target\":[\"https:\\\/\\\/cirks.lv\\\/ru\\\/svojstva-i-logotip\\\/\"]}]},{\"@type\":\"ImageObject\",\"inLanguage\":\"ru-RU\",\"@id\":\"https:\\\/\\\/cirks.lv\\\/ru\\\/svojstva-i-logotip\\\/#primaryimage\",\"url\":\"https:\\\/\\\/cirks.lv\\\/wp-content\\\/uploads\\\/2021\\\/12\\\/pikto_rekviziti.svg\",\"contentUrl\":\"https:\\\/\\\/cirks.lv\\\/wp-content\\\/uploads\\\/2021\\\/12\\\/pikto_rekviziti.svg\"},{\"@type\":\"BreadcrumbList\",\"@id\":\"https:\\\/\\\/cirks.lv\\\/ru\\\/svojstva-i-logotip\\\/#breadcrumb\",\"itemListElement\":[{\"@type\":\"ListItem\",\"position\":1,\"name\":\"Home\",\"item\":\"https:\\\/\\\/cirks.lv\\\/ru\\\/\"},{\"@type\":\"ListItem\",\"position\":2,\"name\":\"\u0421\u0432\u043e\u0439\u0441\u0442\u0432\u0430 \u0438 \u043b\u043e\u0433\u043e\u0442\u0438\u043f\"}]},{\"@type\":\"WebSite\",\"@id\":\"https:\\\/\\\/cirks.lv\\\/ru\\\/#website\",\"url\":\"https:\\\/\\\/cirks.lv\\\/ru\\\/\",\"name\":\"cirks.lv\",\"description\":\"Circus, cirks, stage arts\",\"publisher\":{\"@id\":\"https:\\\/\\\/cirks.lv\\\/ru\\\/#organization\"},\"potentialAction\":[{\"@type\":\"SearchAction\",\"target\":{\"@type\":\"EntryPoint\",\"urlTemplate\":\"https:\\\/\\\/cirks.lv\\\/ru\\\/?s={search_term_string}\"},\"query-input\":{\"@type\":\"PropertyValueSpecification\",\"valueRequired\":true,\"valueName\":\"search_term_string\"}}],\"inLanguage\":\"ru-RU\"},{\"@type\":\"Organization\",\"@id\":\"https:\\\/\\\/cirks.lv\\\/ru\\\/#organization\",\"name\":\"R\u012bgas Cirks\",\"url\":\"https:\\\/\\\/cirks.lv\\\/ru\\\/\",\"logo\":{\"@type\":\"ImageObject\",\"inLanguage\":\"ru-RU\",\"@id\":\"https:\\\/\\\/cirks.lv\\\/ru\\\/#\\\/schema\\\/logo\\\/image\\\/\",\"url\":\"https:\\\/\\\/cirks.lv\\\/wp-content\\\/uploads\\\/2021\\\/08\\\/RC-logo-2018.jpg\",\"contentUrl\":\"https:\\\/\\\/cirks.lv\\\/wp-content\\\/uploads\\\/2021\\\/08\\\/RC-logo-2018.jpg\",\"width\":1753,\"height\":1240,\"caption\":\"R\u012bgas Cirks\"},\"image\":{\"@id\":\"https:\\\/\\\/cirks.lv\\\/ru\\\/#\\\/schema\\\/logo\\\/image\\\/\"},\"sameAs\":[\"https:\\\/\\\/x.com\\\/VISA_RigasCirks\",\"https:\\\/\\\/www.instagram.com\\\/VSIA_RigasCirks\\\/\"]}]}<\/script>\n<!-- \/ Yoast SEO plugin. -->","yoast_head_json":{"title":"\u0421\u0432\u043e\u0439\u0441\u0442\u0432\u0430 \u0438 \u043b\u043e\u0433\u043e\u0442\u0438\u043f - cirks.lv","robots":{"index":"index","follow":"follow","max-snippet":"max-snippet:-1","max-image-preview":"max-image-preview:large","max-video-preview":"max-video-preview:-1"},"canonical":"https:\/\/cirks.lv\/ru\/svojstva-i-logotip\/","og_locale":"ru_RU","og_type":"article","og_title":"\u0421\u0432\u043e\u0439\u0441\u0442\u0432\u0430 \u0438 \u043b\u043e\u0433\u043e\u0442\u0438\u043f - cirks.lv","og_description":"VSIA R\u012bgas cirks Re\u0123. Nr. 40003027789 Mer\u0137e\u013ca iela 4, R\u012bga, LV-1050 Valsts kase BIC\/SWIFT: TRELLV22 Konts: LV83TREL9220910000000 A\/S Swedbank BIC\/SWIFT: HABALV22 Konts: LV18HABA0551026157198","og_url":"https:\/\/cirks.lv\/ru\/svojstva-i-logotip\/","og_site_name":"cirks.lv","article_modified_time":"2021-10-11T07:22:48+00:00","twitter_card":"summary_large_image","twitter_site":"@VISA_RigasCirks","schema":{"@context":"https:\/\/schema.org","@graph":[{"@type":"WebPage","@id":"https:\/\/cirks.lv\/ru\/svojstva-i-logotip\/","url":"https:\/\/cirks.lv\/ru\/svojstva-i-logotip\/","name":"\u0421\u0432\u043e\u0439\u0441\u0442\u0432\u0430 \u0438 \u043b\u043e\u0433\u043e\u0442\u0438\u043f - cirks.lv","isPartOf":{"@id":"https:\/\/cirks.lv\/ru\/#website"},"primaryImageOfPage":{"@id":"https:\/\/cirks.lv\/ru\/svojstva-i-logotip\/#primaryimage"},"image":{"@id":"https:\/\/cirks.lv\/ru\/svojstva-i-logotip\/#primaryimage"},"thumbnailUrl":"https:\/\/cirks.lv\/wp-content\/uploads\/2021\/12\/pikto_rekviziti.svg","datePublished":"2021-08-03T13:18:49+00:00","dateModified":"2021-10-11T07:22:48+00:00","breadcrumb":{"@id":"https:\/\/cirks.lv\/ru\/svojstva-i-logotip\/#breadcrumb"},"inLanguage":"ru-RU","potentialAction":[{"@type":"ReadAction","target":["https:\/\/cirks.lv\/ru\/svojstva-i-logotip\/"]}]},{"@type":"ImageObject","inLanguage":"ru-RU","@id":"https:\/\/cirks.lv\/ru\/svojstva-i-logotip\/#primaryimage","url":"https:\/\/cirks.lv\/wp-content\/uploads\/2021\/12\/pikto_rekviziti.svg","contentUrl":"https:\/\/cirks.lv\/wp-content\/uploads\/2021\/12\/pikto_rekviziti.svg"},{"@type":"BreadcrumbList","@id":"https:\/\/cirks.lv\/ru\/svojstva-i-logotip\/#breadcrumb","itemListElement":[{"@type":"ListItem","position":1,"name":"Home","item":"https:\/\/cirks.lv\/ru\/"},{"@type":"ListItem","position":2,"name":"\u0421\u0432\u043e\u0439\u0441\u0442\u0432\u0430 \u0438 \u043b\u043e\u0433\u043e\u0442\u0438\u043f"}]},{"@type":"WebSite","@id":"https:\/\/cirks.lv\/ru\/#website","url":"https:\/\/cirks.lv\/ru\/","name":"cirks.lv","description":"Circus, cirks, stage arts","publisher":{"@id":"https:\/\/cirks.lv\/ru\/#organization"},"potentialAction":[{"@type":"SearchAction","target":{"@type":"EntryPoint","urlTemplate":"https:\/\/cirks.lv\/ru\/?s={search_term_string}"},"query-input":{"@type":"PropertyValueSpecification","valueRequired":true,"valueName":"search_term_string"}}],"inLanguage":"ru-RU"},{"@type":"Organization","@id":"https:\/\/cirks.lv\/ru\/#organization","name":"R\u012bgas Cirks","url":"https:\/\/cirks.lv\/ru\/","logo":{"@type":"ImageObject","inLanguage":"ru-RU","@id":"https:\/\/cirks.lv\/ru\/#\/schema\/logo\/image\/","url":"https:\/\/cirks.lv\/wp-content\/uploads\/2021\/08\/RC-logo-2018.jpg","contentUrl":"https:\/\/cirks.lv\/wp-content\/uploads\/2021\/08\/RC-logo-2018.jpg","width":1753,"height":1240,"caption":"R\u012bgas Cirks"},"image":{"@id":"https:\/\/cirks.lv\/ru\/#\/schema\/logo\/image\/"},"sameAs":["https:\/\/x.com\/VISA_RigasCirks","https:\/\/www.instagram.com\/VSIA_RigasCirks\/"]}]}},"_links":{"self":[{"href":"https:\/\/cirks.lv\/ru\/wp-json\/wp\/v2\/pages\/5082","targetHints":{"allow":["GET"]}}],"collection":[{"href":"https:\/\/cirks.lv\/ru\/wp-json\/wp\/v2\/pages"}],"about":[{"href":"https:\/\/cirks.lv\/ru\/wp-json\/wp\/v2\/types\/page"}],"author":[{"embeddable":true,"href":"https:\/\/cirks.lv\/ru\/wp-json\/wp\/v2\/users\/1"}],"replies":[{"embeddable":true,"href":"https:\/\/cirks.lv\/ru\/wp-json\/wp\/v2\/comments?post=5082"}],"version-history":[{"count":8,"href":"https:\/\/cirks.lv\/ru\/wp-json\/wp\/v2\/pages\/5082\/revisions"}],"predecessor-version":[{"id":7788,"href":"https:\/\/cirks.lv\/ru\/wp-json\/wp\/v2\/pages\/5082\/revisions\/7788"}],"wp:featuredmedia":[{"embeddable":true,"href":"https:\/\/cirks.lv\/ru\/wp-json\/wp\/v2\/media\/13141"}],"wp:attachment":[{"href":"https:\/\/cirks.lv\/ru\/wp-json\/wp\/v2\/media?parent=5082"}],"curies":[{"name":"wp","href":"https:\/\/api.w.org\/{rel}","templated":true}]}}