{"id":14796,"date":"2021-08-07T23:21:15","date_gmt":"2021-08-07T20:21:15","guid":{"rendered":"https:\/\/cirks.lv\/sotrudnichestvo\/bncn\/"},"modified":"2024-01-03T20:52:32","modified_gmt":"2024-01-03T18:52:32","slug":"bncn","status":"publish","type":"page","link":"https:\/\/cirks.lv\/ru\/sotrudnichestvo\/bncn\/","title":{"rendered":"BNCN"},"content":{"rendered":"<p>R\u012bgas cirks ir viena no Baltijas-Zieme\u013cvalstu t\u012bkla (Baltic Nordic Circus Network\/BNCN) dal\u012bborganiz\u0101cij\u0101m. R\u012bgas cirks kop\u0101 ar \u201cCircus Syd\u201d \u2013 starptautiskas p\u0113tniec\u012bbas, att\u012bst\u012bbas un inov\u0101cijas t\u012bkla platformu, kas atrodas Lund\u0101 (Zviedrij\u0101) \u2013 no 2020. l\u012bdz 2022. gadam kop\u012bgi vada Baltijas-Zieme\u013cvalstu cirka t\u012bklu.<\/p>\n","protected":false},"excerpt":{"rendered":"<p>R\u012bgas cirks ir viena no Baltijas-Zieme\u013cvalstu t\u012bkla (Baltic Nordic Circus Network\/BNCN) dal\u012bborganiz\u0101cij\u0101m. R\u012bgas cirks kop\u0101 ar \u201cCircus Syd\u201d \u2013 starptautiskas p\u0113tniec\u012bbas, att\u012bst\u012bbas un inov\u0101cijas t\u012bkla platformu, kas atrodas Lund\u0101 (Zviedrij\u0101) \u2013 no 2020. l\u012bdz 2022. gadam kop\u012bgi vada Baltijas-Zieme\u013cvalstu cirka t\u012bklu.<\/p>\n","protected":false},"author":1,"featured_media":0,"parent":14783,"menu_order":5,"comment_status":"closed","ping_status":"closed","template":"category-archive.php","meta":{"_acf_changed":false,"footnotes":""},"class_list":["post-14796","page","type-page","status-publish","hentry"],"acf":[],"yoast_head":"<!-- This site is optimized with the Yoast SEO plugin v27.3 - https:\/\/yoast.com\/product\/yoast-seo-wordpress\/ -->\n<title>BNCN - cirks.lv<\/title>\n<meta name=\"robots\" content=\"index, follow, max-snippet:-1, max-image-preview:large, max-video-preview:-1\" \/>\n<link rel=\"canonical\" href=\"https:\/\/cirks.lv\/ru\/sotrudnichestvo\/bncn\/\" \/>\n<meta property=\"og:locale\" content=\"ru_RU\" \/>\n<meta property=\"og:type\" content=\"article\" \/>\n<meta property=\"og:title\" content=\"BNCN - cirks.lv\" \/>\n<meta property=\"og:description\" content=\"R\u012bgas cirks ir viena no Baltijas-Zieme\u013cvalstu t\u012bkla (Baltic Nordic Circus Network\/BNCN) dal\u012bborganiz\u0101cij\u0101m. R\u012bgas cirks kop\u0101 ar \u201cCircus Syd\u201d \u2013 starptautiskas p\u0113tniec\u012bbas, att\u012bst\u012bbas un inov\u0101cijas t\u012bkla platformu, kas atrodas Lund\u0101 (Zviedrij\u0101) \u2013 no 2020. l\u012bdz 2022. gadam kop\u012bgi vada Baltijas-Zieme\u013cvalstu cirka t\u012bklu.\" \/>\n<meta property=\"og:url\" content=\"https:\/\/cirks.lv\/ru\/sotrudnichestvo\/bncn\/\" \/>\n<meta property=\"og:site_name\" content=\"cirks.lv\" \/>\n<meta property=\"article:modified_time\" content=\"2024-01-03T18:52:32+00:00\" \/>\n<meta name=\"twitter:card\" content=\"summary_large_image\" \/>\n<meta name=\"twitter:site\" content=\"@VISA_RigasCirks\" \/>\n<script type=\"application\/ld+json\" class=\"yoast-schema-graph\">{\"@context\":\"https:\\\/\\\/schema.org\",\"@graph\":[{\"@type\":\"WebPage\",\"@id\":\"https:\\\/\\\/cirks.lv\\\/ru\\\/sotrudnichestvo\\\/bncn\\\/\",\"url\":\"https:\\\/\\\/cirks.lv\\\/ru\\\/sotrudnichestvo\\\/bncn\\\/\",\"name\":\"BNCN - cirks.lv\",\"isPartOf\":{\"@id\":\"https:\\\/\\\/cirks.lv\\\/ru\\\/#website\"},\"datePublished\":\"2021-08-07T20:21:15+00:00\",\"dateModified\":\"2024-01-03T18:52:32+00:00\",\"breadcrumb\":{\"@id\":\"https:\\\/\\\/cirks.lv\\\/ru\\\/sotrudnichestvo\\\/bncn\\\/#breadcrumb\"},\"inLanguage\":\"ru-RU\",\"potentialAction\":[{\"@type\":\"ReadAction\",\"target\":[\"https:\\\/\\\/cirks.lv\\\/ru\\\/sotrudnichestvo\\\/bncn\\\/\"]}]},{\"@type\":\"BreadcrumbList\",\"@id\":\"https:\\\/\\\/cirks.lv\\\/ru\\\/sotrudnichestvo\\\/bncn\\\/#breadcrumb\",\"itemListElement\":[{\"@type\":\"ListItem\",\"position\":1,\"name\":\"Home\",\"item\":\"https:\\\/\\\/cirks.lv\\\/ru\\\/\"},{\"@type\":\"ListItem\",\"position\":2,\"name\":\"\u0421\u043e\u0442\u0440\u0443\u0434\u043d\u0438\u0447\u0435\u0441\u0442\u0432\u043e\",\"item\":\"https:\\\/\\\/cirks.lv\\\/ru\\\/sotrudnichestvo\\\/\"},{\"@type\":\"ListItem\",\"position\":3,\"name\":\"BNCN\"}]},{\"@type\":\"WebSite\",\"@id\":\"https:\\\/\\\/cirks.lv\\\/ru\\\/#website\",\"url\":\"https:\\\/\\\/cirks.lv\\\/ru\\\/\",\"name\":\"cirks.lv\",\"description\":\"Circus, cirks, stage arts\",\"publisher\":{\"@id\":\"https:\\\/\\\/cirks.lv\\\/ru\\\/#organization\"},\"potentialAction\":[{\"@type\":\"SearchAction\",\"target\":{\"@type\":\"EntryPoint\",\"urlTemplate\":\"https:\\\/\\\/cirks.lv\\\/ru\\\/?s={search_term_string}\"},\"query-input\":{\"@type\":\"PropertyValueSpecification\",\"valueRequired\":true,\"valueName\":\"search_term_string\"}}],\"inLanguage\":\"ru-RU\"},{\"@type\":\"Organization\",\"@id\":\"https:\\\/\\\/cirks.lv\\\/ru\\\/#organization\",\"name\":\"R\u012bgas Cirks\",\"url\":\"https:\\\/\\\/cirks.lv\\\/ru\\\/\",\"logo\":{\"@type\":\"ImageObject\",\"inLanguage\":\"ru-RU\",\"@id\":\"https:\\\/\\\/cirks.lv\\\/ru\\\/#\\\/schema\\\/logo\\\/image\\\/\",\"url\":\"https:\\\/\\\/cirks.lv\\\/wp-content\\\/uploads\\\/2021\\\/08\\\/RC-logo-2018.jpg\",\"contentUrl\":\"https:\\\/\\\/cirks.lv\\\/wp-content\\\/uploads\\\/2021\\\/08\\\/RC-logo-2018.jpg\",\"width\":1753,\"height\":1240,\"caption\":\"R\u012bgas Cirks\"},\"image\":{\"@id\":\"https:\\\/\\\/cirks.lv\\\/ru\\\/#\\\/schema\\\/logo\\\/image\\\/\"},\"sameAs\":[\"https:\\\/\\\/x.com\\\/VISA_RigasCirks\",\"https:\\\/\\\/www.instagram.com\\\/VSIA_RigasCirks\\\/\"]}]}<\/script>\n<!-- \/ Yoast SEO plugin. -->","yoast_head_json":{"title":"BNCN - cirks.lv","robots":{"index":"index","follow":"follow","max-snippet":"max-snippet:-1","max-image-preview":"max-image-preview:large","max-video-preview":"max-video-preview:-1"},"canonical":"https:\/\/cirks.lv\/ru\/sotrudnichestvo\/bncn\/","og_locale":"ru_RU","og_type":"article","og_title":"BNCN - cirks.lv","og_description":"R\u012bgas cirks ir viena no Baltijas-Zieme\u013cvalstu t\u012bkla (Baltic Nordic Circus Network\/BNCN) dal\u012bborganiz\u0101cij\u0101m. R\u012bgas cirks kop\u0101 ar \u201cCircus Syd\u201d \u2013 starptautiskas p\u0113tniec\u012bbas, att\u012bst\u012bbas un inov\u0101cijas t\u012bkla platformu, kas atrodas Lund\u0101 (Zviedrij\u0101) \u2013 no 2020. l\u012bdz 2022. gadam kop\u012bgi vada Baltijas-Zieme\u013cvalstu cirka t\u012bklu.","og_url":"https:\/\/cirks.lv\/ru\/sotrudnichestvo\/bncn\/","og_site_name":"cirks.lv","article_modified_time":"2024-01-03T18:52:32+00:00","twitter_card":"summary_large_image","twitter_site":"@VISA_RigasCirks","schema":{"@context":"https:\/\/schema.org","@graph":[{"@type":"WebPage","@id":"https:\/\/cirks.lv\/ru\/sotrudnichestvo\/bncn\/","url":"https:\/\/cirks.lv\/ru\/sotrudnichestvo\/bncn\/","name":"BNCN - cirks.lv","isPartOf":{"@id":"https:\/\/cirks.lv\/ru\/#website"},"datePublished":"2021-08-07T20:21:15+00:00","dateModified":"2024-01-03T18:52:32+00:00","breadcrumb":{"@id":"https:\/\/cirks.lv\/ru\/sotrudnichestvo\/bncn\/#breadcrumb"},"inLanguage":"ru-RU","potentialAction":[{"@type":"ReadAction","target":["https:\/\/cirks.lv\/ru\/sotrudnichestvo\/bncn\/"]}]},{"@type":"BreadcrumbList","@id":"https:\/\/cirks.lv\/ru\/sotrudnichestvo\/bncn\/#breadcrumb","itemListElement":[{"@type":"ListItem","position":1,"name":"Home","item":"https:\/\/cirks.lv\/ru\/"},{"@type":"ListItem","position":2,"name":"\u0421\u043e\u0442\u0440\u0443\u0434\u043d\u0438\u0447\u0435\u0441\u0442\u0432\u043e","item":"https:\/\/cirks.lv\/ru\/sotrudnichestvo\/"},{"@type":"ListItem","position":3,"name":"BNCN"}]},{"@type":"WebSite","@id":"https:\/\/cirks.lv\/ru\/#website","url":"https:\/\/cirks.lv\/ru\/","name":"cirks.lv","description":"Circus, cirks, stage arts","publisher":{"@id":"https:\/\/cirks.lv\/ru\/#organization"},"potentialAction":[{"@type":"SearchAction","target":{"@type":"EntryPoint","urlTemplate":"https:\/\/cirks.lv\/ru\/?s={search_term_string}"},"query-input":{"@type":"PropertyValueSpecification","valueRequired":true,"valueName":"search_term_string"}}],"inLanguage":"ru-RU"},{"@type":"Organization","@id":"https:\/\/cirks.lv\/ru\/#organization","name":"R\u012bgas Cirks","url":"https:\/\/cirks.lv\/ru\/","logo":{"@type":"ImageObject","inLanguage":"ru-RU","@id":"https:\/\/cirks.lv\/ru\/#\/schema\/logo\/image\/","url":"https:\/\/cirks.lv\/wp-content\/uploads\/2021\/08\/RC-logo-2018.jpg","contentUrl":"https:\/\/cirks.lv\/wp-content\/uploads\/2021\/08\/RC-logo-2018.jpg","width":1753,"height":1240,"caption":"R\u012bgas Cirks"},"image":{"@id":"https:\/\/cirks.lv\/ru\/#\/schema\/logo\/image\/"},"sameAs":["https:\/\/x.com\/VISA_RigasCirks","https:\/\/www.instagram.com\/VSIA_RigasCirks\/"]}]}},"_links":{"self":[{"href":"https:\/\/cirks.lv\/ru\/wp-json\/wp\/v2\/pages\/14796","targetHints":{"allow":["GET"]}}],"collection":[{"href":"https:\/\/cirks.lv\/ru\/wp-json\/wp\/v2\/pages"}],"about":[{"href":"https:\/\/cirks.lv\/ru\/wp-json\/wp\/v2\/types\/page"}],"author":[{"embeddable":true,"href":"https:\/\/cirks.lv\/ru\/wp-json\/wp\/v2\/users\/1"}],"replies":[{"embeddable":true,"href":"https:\/\/cirks.lv\/ru\/wp-json\/wp\/v2\/comments?post=14796"}],"version-history":[{"count":0,"href":"https:\/\/cirks.lv\/ru\/wp-json\/wp\/v2\/pages\/14796\/revisions"}],"up":[{"embeddable":true,"href":"https:\/\/cirks.lv\/ru\/wp-json\/wp\/v2\/pages\/14783"}],"wp:attachment":[{"href":"https:\/\/cirks.lv\/ru\/wp-json\/wp\/v2\/media?parent=14796"}],"curies":[{"name":"wp","href":"https:\/\/api.w.org\/{rel}","templated":true}]}}