{"id":14015,"date":"2021-08-18T05:21:03","date_gmt":"2021-08-18T02:21:03","guid":{"rendered":"https:\/\/cirks.lv\/pro\/rezidencii\/telpas\/"},"modified":"2022-03-21T11:00:04","modified_gmt":"2022-03-21T09:00:04","slug":"pomeshhenie","status":"publish","type":"page","link":"https:\/\/cirks.lv\/ru\/pro\/rezidencii\/pomeshhenie\/","title":{"rendered":"\u041f\u041e\u041c\u0415\u0429\u0415\u041d\u0418\u0415"},"content":{"rendered":"<p>Cirka un citu jomu m\u0101ksliniekiem, kas atrodas R\u012bgas cirka reziden\u010du programm\u0101, iesp\u0113jams uztur\u0113ties un str\u0101d\u0101t R\u012bgas cirka telp\u0101s, tren\u0113ties R\u012bgas cirka skolas z\u0101l\u0113, veidot vietai piel\u0101gotas izr\u0101des u.c. L\u016bk, pieejam\u0101s vietas un telpas.<\/p>\n","protected":false},"excerpt":{"rendered":"<p>Cirka un citu jomu m\u0101ksliniekiem, kas atrodas R\u012bgas cirka reziden\u010du programm\u0101, iesp\u0113jams uztur\u0113ties un str\u0101d\u0101t R\u012bgas cirka telp\u0101s, tren\u0113ties R\u012bgas cirka skolas z\u0101l\u0113, veidot vietai piel\u0101gotas izr\u0101des u.c. L\u016bk, pieejam\u0101s vietas un telpas.<\/p>\n","protected":false},"author":1,"featured_media":13135,"parent":7462,"menu_order":125,"comment_status":"closed","ping_status":"closed","template":"","meta":{"_acf_changed":false,"footnotes":""},"class_list":["post-14015","page","type-page","status-publish","has-post-thumbnail","hentry"],"acf":[],"yoast_head":"<!-- This site is optimized with the Yoast SEO plugin v27.3 - https:\/\/yoast.com\/product\/yoast-seo-wordpress\/ -->\n<title>\u041f\u041e\u041c\u0415\u0429\u0415\u041d\u0418\u0415 - cirks.lv<\/title>\n<meta name=\"robots\" content=\"index, follow, max-snippet:-1, max-image-preview:large, max-video-preview:-1\" \/>\n<link rel=\"canonical\" href=\"https:\/\/cirks.lv\/ru\/pro\/rezidencii\/pomeshhenie\/\" \/>\n<meta property=\"og:locale\" content=\"ru_RU\" \/>\n<meta property=\"og:type\" content=\"article\" \/>\n<meta property=\"og:title\" content=\"\u041f\u041e\u041c\u0415\u0429\u0415\u041d\u0418\u0415 - cirks.lv\" \/>\n<meta property=\"og:description\" content=\"Cirka un citu jomu m\u0101ksliniekiem, kas atrodas R\u012bgas cirka reziden\u010du programm\u0101, iesp\u0113jams uztur\u0113ties un str\u0101d\u0101t R\u012bgas cirka telp\u0101s, tren\u0113ties R\u012bgas cirka skolas z\u0101l\u0113, veidot vietai piel\u0101gotas izr\u0101des u.c. L\u016bk, pieejam\u0101s vietas un telpas.\" \/>\n<meta property=\"og:url\" content=\"https:\/\/cirks.lv\/ru\/pro\/rezidencii\/pomeshhenie\/\" \/>\n<meta property=\"og:site_name\" content=\"cirks.lv\" \/>\n<meta property=\"article:modified_time\" content=\"2022-03-21T09:00:04+00:00\" \/>\n<meta name=\"twitter:card\" content=\"summary_large_image\" \/>\n<meta name=\"twitter:site\" content=\"@VISA_RigasCirks\" \/>\n<script type=\"application\/ld+json\" class=\"yoast-schema-graph\">{\"@context\":\"https:\\\/\\\/schema.org\",\"@graph\":[{\"@type\":\"WebPage\",\"@id\":\"https:\\\/\\\/cirks.lv\\\/ru\\\/pro\\\/rezidencii\\\/pomeshhenie\\\/\",\"url\":\"https:\\\/\\\/cirks.lv\\\/ru\\\/pro\\\/rezidencii\\\/pomeshhenie\\\/\",\"name\":\"\u041f\u041e\u041c\u0415\u0429\u0415\u041d\u0418\u0415 - cirks.lv\",\"isPartOf\":{\"@id\":\"https:\\\/\\\/cirks.lv\\\/ru\\\/#website\"},\"primaryImageOfPage\":{\"@id\":\"https:\\\/\\\/cirks.lv\\\/ru\\\/pro\\\/rezidencii\\\/pomeshhenie\\\/#primaryimage\"},\"image\":{\"@id\":\"https:\\\/\\\/cirks.lv\\\/ru\\\/pro\\\/rezidencii\\\/pomeshhenie\\\/#primaryimage\"},\"thumbnailUrl\":\"https:\\\/\\\/cirks.lv\\\/wp-content\\\/uploads\\\/2021\\\/12\\\/pikto_pro-rezidences.svg\",\"datePublished\":\"2021-08-18T02:21:03+00:00\",\"dateModified\":\"2022-03-21T09:00:04+00:00\",\"breadcrumb\":{\"@id\":\"https:\\\/\\\/cirks.lv\\\/ru\\\/pro\\\/rezidencii\\\/pomeshhenie\\\/#breadcrumb\"},\"inLanguage\":\"ru-RU\",\"potentialAction\":[{\"@type\":\"ReadAction\",\"target\":[\"https:\\\/\\\/cirks.lv\\\/ru\\\/pro\\\/rezidencii\\\/pomeshhenie\\\/\"]}]},{\"@type\":\"ImageObject\",\"inLanguage\":\"ru-RU\",\"@id\":\"https:\\\/\\\/cirks.lv\\\/ru\\\/pro\\\/rezidencii\\\/pomeshhenie\\\/#primaryimage\",\"url\":\"https:\\\/\\\/cirks.lv\\\/wp-content\\\/uploads\\\/2021\\\/12\\\/pikto_pro-rezidences.svg\",\"contentUrl\":\"https:\\\/\\\/cirks.lv\\\/wp-content\\\/uploads\\\/2021\\\/12\\\/pikto_pro-rezidences.svg\"},{\"@type\":\"BreadcrumbList\",\"@id\":\"https:\\\/\\\/cirks.lv\\\/ru\\\/pro\\\/rezidencii\\\/pomeshhenie\\\/#breadcrumb\",\"itemListElement\":[{\"@type\":\"ListItem\",\"position\":1,\"name\":\"Home\",\"item\":\"https:\\\/\\\/cirks.lv\\\/ru\\\/\"},{\"@type\":\"ListItem\",\"position\":2,\"name\":\"PRO\",\"item\":\"https:\\\/\\\/cirks.lv\\\/ru\\\/pro\\\/\"},{\"@type\":\"ListItem\",\"position\":3,\"name\":\"\u0420\u0435\u0437\u0438\u0434\u0435\u043d\u0446\u0438\u0438\",\"item\":\"https:\\\/\\\/cirks.lv\\\/ru\\\/pro\\\/rezidencii\\\/\"},{\"@type\":\"ListItem\",\"position\":4,\"name\":\"\u041f\u041e\u041c\u0415\u0429\u0415\u041d\u0418\u0415\"}]},{\"@type\":\"WebSite\",\"@id\":\"https:\\\/\\\/cirks.lv\\\/ru\\\/#website\",\"url\":\"https:\\\/\\\/cirks.lv\\\/ru\\\/\",\"name\":\"cirks.lv\",\"description\":\"Circus, cirks, stage arts\",\"publisher\":{\"@id\":\"https:\\\/\\\/cirks.lv\\\/ru\\\/#organization\"},\"potentialAction\":[{\"@type\":\"SearchAction\",\"target\":{\"@type\":\"EntryPoint\",\"urlTemplate\":\"https:\\\/\\\/cirks.lv\\\/ru\\\/?s={search_term_string}\"},\"query-input\":{\"@type\":\"PropertyValueSpecification\",\"valueRequired\":true,\"valueName\":\"search_term_string\"}}],\"inLanguage\":\"ru-RU\"},{\"@type\":\"Organization\",\"@id\":\"https:\\\/\\\/cirks.lv\\\/ru\\\/#organization\",\"name\":\"R\u012bgas Cirks\",\"url\":\"https:\\\/\\\/cirks.lv\\\/ru\\\/\",\"logo\":{\"@type\":\"ImageObject\",\"inLanguage\":\"ru-RU\",\"@id\":\"https:\\\/\\\/cirks.lv\\\/ru\\\/#\\\/schema\\\/logo\\\/image\\\/\",\"url\":\"https:\\\/\\\/cirks.lv\\\/wp-content\\\/uploads\\\/2021\\\/08\\\/RC-logo-2018.jpg\",\"contentUrl\":\"https:\\\/\\\/cirks.lv\\\/wp-content\\\/uploads\\\/2021\\\/08\\\/RC-logo-2018.jpg\",\"width\":1753,\"height\":1240,\"caption\":\"R\u012bgas Cirks\"},\"image\":{\"@id\":\"https:\\\/\\\/cirks.lv\\\/ru\\\/#\\\/schema\\\/logo\\\/image\\\/\"},\"sameAs\":[\"https:\\\/\\\/x.com\\\/VISA_RigasCirks\",\"https:\\\/\\\/www.instagram.com\\\/VSIA_RigasCirks\\\/\"]}]}<\/script>\n<!-- \/ Yoast SEO plugin. -->","yoast_head_json":{"title":"\u041f\u041e\u041c\u0415\u0429\u0415\u041d\u0418\u0415 - cirks.lv","robots":{"index":"index","follow":"follow","max-snippet":"max-snippet:-1","max-image-preview":"max-image-preview:large","max-video-preview":"max-video-preview:-1"},"canonical":"https:\/\/cirks.lv\/ru\/pro\/rezidencii\/pomeshhenie\/","og_locale":"ru_RU","og_type":"article","og_title":"\u041f\u041e\u041c\u0415\u0429\u0415\u041d\u0418\u0415 - cirks.lv","og_description":"Cirka un citu jomu m\u0101ksliniekiem, kas atrodas R\u012bgas cirka reziden\u010du programm\u0101, iesp\u0113jams uztur\u0113ties un str\u0101d\u0101t R\u012bgas cirka telp\u0101s, tren\u0113ties R\u012bgas cirka skolas z\u0101l\u0113, veidot vietai piel\u0101gotas izr\u0101des u.c. L\u016bk, pieejam\u0101s vietas un telpas.","og_url":"https:\/\/cirks.lv\/ru\/pro\/rezidencii\/pomeshhenie\/","og_site_name":"cirks.lv","article_modified_time":"2022-03-21T09:00:04+00:00","twitter_card":"summary_large_image","twitter_site":"@VISA_RigasCirks","schema":{"@context":"https:\/\/schema.org","@graph":[{"@type":"WebPage","@id":"https:\/\/cirks.lv\/ru\/pro\/rezidencii\/pomeshhenie\/","url":"https:\/\/cirks.lv\/ru\/pro\/rezidencii\/pomeshhenie\/","name":"\u041f\u041e\u041c\u0415\u0429\u0415\u041d\u0418\u0415 - cirks.lv","isPartOf":{"@id":"https:\/\/cirks.lv\/ru\/#website"},"primaryImageOfPage":{"@id":"https:\/\/cirks.lv\/ru\/pro\/rezidencii\/pomeshhenie\/#primaryimage"},"image":{"@id":"https:\/\/cirks.lv\/ru\/pro\/rezidencii\/pomeshhenie\/#primaryimage"},"thumbnailUrl":"https:\/\/cirks.lv\/wp-content\/uploads\/2021\/12\/pikto_pro-rezidences.svg","datePublished":"2021-08-18T02:21:03+00:00","dateModified":"2022-03-21T09:00:04+00:00","breadcrumb":{"@id":"https:\/\/cirks.lv\/ru\/pro\/rezidencii\/pomeshhenie\/#breadcrumb"},"inLanguage":"ru-RU","potentialAction":[{"@type":"ReadAction","target":["https:\/\/cirks.lv\/ru\/pro\/rezidencii\/pomeshhenie\/"]}]},{"@type":"ImageObject","inLanguage":"ru-RU","@id":"https:\/\/cirks.lv\/ru\/pro\/rezidencii\/pomeshhenie\/#primaryimage","url":"https:\/\/cirks.lv\/wp-content\/uploads\/2021\/12\/pikto_pro-rezidences.svg","contentUrl":"https:\/\/cirks.lv\/wp-content\/uploads\/2021\/12\/pikto_pro-rezidences.svg"},{"@type":"BreadcrumbList","@id":"https:\/\/cirks.lv\/ru\/pro\/rezidencii\/pomeshhenie\/#breadcrumb","itemListElement":[{"@type":"ListItem","position":1,"name":"Home","item":"https:\/\/cirks.lv\/ru\/"},{"@type":"ListItem","position":2,"name":"PRO","item":"https:\/\/cirks.lv\/ru\/pro\/"},{"@type":"ListItem","position":3,"name":"\u0420\u0435\u0437\u0438\u0434\u0435\u043d\u0446\u0438\u0438","item":"https:\/\/cirks.lv\/ru\/pro\/rezidencii\/"},{"@type":"ListItem","position":4,"name":"\u041f\u041e\u041c\u0415\u0429\u0415\u041d\u0418\u0415"}]},{"@type":"WebSite","@id":"https:\/\/cirks.lv\/ru\/#website","url":"https:\/\/cirks.lv\/ru\/","name":"cirks.lv","description":"Circus, cirks, stage arts","publisher":{"@id":"https:\/\/cirks.lv\/ru\/#organization"},"potentialAction":[{"@type":"SearchAction","target":{"@type":"EntryPoint","urlTemplate":"https:\/\/cirks.lv\/ru\/?s={search_term_string}"},"query-input":{"@type":"PropertyValueSpecification","valueRequired":true,"valueName":"search_term_string"}}],"inLanguage":"ru-RU"},{"@type":"Organization","@id":"https:\/\/cirks.lv\/ru\/#organization","name":"R\u012bgas Cirks","url":"https:\/\/cirks.lv\/ru\/","logo":{"@type":"ImageObject","inLanguage":"ru-RU","@id":"https:\/\/cirks.lv\/ru\/#\/schema\/logo\/image\/","url":"https:\/\/cirks.lv\/wp-content\/uploads\/2021\/08\/RC-logo-2018.jpg","contentUrl":"https:\/\/cirks.lv\/wp-content\/uploads\/2021\/08\/RC-logo-2018.jpg","width":1753,"height":1240,"caption":"R\u012bgas Cirks"},"image":{"@id":"https:\/\/cirks.lv\/ru\/#\/schema\/logo\/image\/"},"sameAs":["https:\/\/x.com\/VISA_RigasCirks","https:\/\/www.instagram.com\/VSIA_RigasCirks\/"]}]}},"_links":{"self":[{"href":"https:\/\/cirks.lv\/ru\/wp-json\/wp\/v2\/pages\/14015","targetHints":{"allow":["GET"]}}],"collection":[{"href":"https:\/\/cirks.lv\/ru\/wp-json\/wp\/v2\/pages"}],"about":[{"href":"https:\/\/cirks.lv\/ru\/wp-json\/wp\/v2\/types\/page"}],"author":[{"embeddable":true,"href":"https:\/\/cirks.lv\/ru\/wp-json\/wp\/v2\/users\/1"}],"replies":[{"embeddable":true,"href":"https:\/\/cirks.lv\/ru\/wp-json\/wp\/v2\/comments?post=14015"}],"version-history":[{"count":2,"href":"https:\/\/cirks.lv\/ru\/wp-json\/wp\/v2\/pages\/14015\/revisions"}],"predecessor-version":[{"id":14755,"href":"https:\/\/cirks.lv\/ru\/wp-json\/wp\/v2\/pages\/14015\/revisions\/14755"}],"up":[{"embeddable":true,"href":"https:\/\/cirks.lv\/ru\/wp-json\/wp\/v2\/pages\/7462"}],"wp:featuredmedia":[{"embeddable":true,"href":"https:\/\/cirks.lv\/ru\/wp-json\/wp\/v2\/media\/13135"}],"wp:attachment":[{"href":"https:\/\/cirks.lv\/ru\/wp-json\/wp\/v2\/media?parent=14015"}],"curies":[{"name":"wp","href":"https:\/\/api.w.org\/{rel}","templated":true}]}}