{"id":6892,"date":"2021-09-15T23:35:17","date_gmt":"2021-09-15T20:35:17","guid":{"rendered":"https:\/\/cirks.lv\/circus\/team\/maija-sukute\/"},"modified":"2023-02-16T13:52:49","modified_gmt":"2023-02-16T11:52:49","slug":"maija-sukute","status":"publish","type":"page","link":"https:\/\/cirks.lv\/en\/circus\/team\/maija-sukute\/","title":{"rendered":"Maija Sukute"},"content":{"rendered":"<h2>Choreographer and dancer<\/h2>\n<p>Maija Sukute is a dancer, choreographer and aerial artist. She fell in love with the dance world when she was 4 years old and since then dance is her greatest love, passion, hobby and work.<\/p>\n<p>During her lifetime Maija has studied a wide range of dance genres \u2013 Latvian folk dance, ballet, hip hop, jazz, contemporary dance, contemporary jazz and its different types, improvisational dance techniques, show dance, character dance and to enrich her dance vocabulary even more she has also studied elements of many other dance genres. The interest in aerial arts sparked when Maija started teaching dance in Riga Circus School and was introduced to the beauty of circus art.<\/p>\n<p>Maija succesfully graduated the Department of Choreography of J\u0101zeps V\u012btols Latvian Academy of Music and works as an independent dance and aerial artist. She takes an important part in Latvian dance scene and participates in art and cultural projects.<\/p>\n<p>Maija believes that in this world there are no obstacles only if you have the courage and an honest and open heart: &#8220;I always try to inspire my students not to be afraid, because the fear exists only in our mind but there is no stronger energy than our own.&#8221; In Riga Circus School Maija teaches strenght and conditioning classes as well as aerials to kids and adults.<\/p>\n<div class=\"video-wysiwyg\"><iframe loading=\"lazy\" title=\"99 iemesli iem\u012bl\u0113t cirku. #2 Maija Sukute: bai\u013cu p\u0101rvar\u0113\u0161ana\" width=\"500\" height=\"375\" src=\"https:\/\/www.youtube.com\/embed\/U5Q0A9H21ro?feature=oembed\" frameborder=\"0\" allow=\"accelerometer; autoplay; clipboard-write; encrypted-media; gyroscope; picture-in-picture; web-share\" referrerpolicy=\"strict-origin-when-cross-origin\" allowfullscreen><\/iframe><\/div>\n<p>Maija performs as a solo artist with aerial acrobatics performances. To inquire about Maija&#8217;s performance opportunities at events, write to &#99;i&#x72;k&#x73;&#64;&#x63;i&#x72;&#107;&#x73;&#46;&#x6c;&#118;<\/p>\n<div class=\"wysiwyg-gallery d-flex flex-wrap\">\r\n            <div class=\"single-gallery-element position-relative overflow-hidden transition-default\">\r\n            <a href=\"\" data-toggle=\"modal\" data-target=\"#galleryImages0\" data-counter=\"0\" class=\"slider-image-link prevent-shaking-animation\">\r\n                <img decoding=\"async\" src=\"https:\/\/cirks.lv\/wp-content\/uploads\/2023\/02\/Marcis-Gaujenietis-768x512.jpg\" class=\"gallery-image position-absolute w-100 h-100\" alt=\"\">\r\n            <\/a>\r\n        <\/div>\r\n                <div class=\"single-gallery-element position-relative overflow-hidden transition-default\">\r\n            <a href=\"\" data-toggle=\"modal\" data-target=\"#galleryImages0\" data-counter=\"1\" class=\"slider-image-link prevent-shaking-animation\">\r\n                <img decoding=\"async\" src=\"https:\/\/cirks.lv\/wp-content\/uploads\/2023\/02\/Aleksandra-Volk-768x432.jpg\" class=\"gallery-image position-absolute w-100 h-100\" alt=\"\">\r\n            <\/a>\r\n        <\/div>\r\n                <div class=\"single-gallery-element position-relative overflow-hidden transition-default\">\r\n            <a href=\"\" data-toggle=\"modal\" data-target=\"#galleryImages0\" data-counter=\"2\" class=\"slider-image-link prevent-shaking-animation\">\r\n                <img decoding=\"async\" src=\"https:\/\/cirks.lv\/wp-content\/uploads\/2023\/02\/image_6483441-3-768x1152.jpg\" class=\"gallery-image position-absolute w-100 h-100\" alt=\"\">\r\n            <\/a>\r\n        <\/div>\r\n                <div class=\"single-gallery-element position-relative overflow-hidden transition-default\">\r\n            <a href=\"\" data-toggle=\"modal\" data-target=\"#galleryImages0\" data-counter=\"3\" class=\"slider-image-link prevent-shaking-animation\">\r\n                <img decoding=\"async\" src=\"https:\/\/cirks.lv\/wp-content\/uploads\/2023\/02\/image_6483441-2-768x512.jpg\" class=\"gallery-image position-absolute w-100 h-100\" alt=\"\">\r\n            <\/a>\r\n        <\/div>\r\n                <div class=\"single-gallery-element position-relative overflow-hidden transition-default\">\r\n            <a href=\"\" data-toggle=\"modal\" data-target=\"#galleryImages0\" data-counter=\"4\" class=\"slider-image-link prevent-shaking-animation\">\r\n                <img decoding=\"async\" src=\"https:\/\/cirks.lv\/wp-content\/uploads\/2023\/02\/IMG_1851-768x512.jpeg\" class=\"gallery-image position-absolute w-100 h-100\" alt=\"\">\r\n            <\/a>\r\n        <\/div>\r\n                <div class=\"single-gallery-element position-relative overflow-hidden transition-default\">\r\n            <a href=\"\" data-toggle=\"modal\" data-target=\"#galleryImages0\" data-counter=\"5\" class=\"slider-image-link prevent-shaking-animation\">\r\n                <img decoding=\"async\" src=\"https:\/\/cirks.lv\/wp-content\/uploads\/2023\/02\/image_6483441-1-768x614.jpg\" class=\"gallery-image position-absolute w-100 h-100\" alt=\"\">\r\n            <\/a>\r\n        <\/div>\r\n                <div class=\"single-gallery-element position-relative overflow-hidden transition-default\">\r\n            <a href=\"\" data-toggle=\"modal\" data-target=\"#galleryImages0\" data-counter=\"6\" class=\"slider-image-link prevent-shaking-animation\">\r\n                <img decoding=\"async\" src=\"https:\/\/cirks.lv\/wp-content\/uploads\/2023\/02\/Girts-Ragelis-2-768x512.jpg\" class=\"gallery-image position-absolute w-100 h-100\" alt=\"\">\r\n            <\/a>\r\n        <\/div>\r\n                <div class=\"single-gallery-element position-relative overflow-hidden transition-default\">\r\n            <a href=\"\" data-toggle=\"modal\" data-target=\"#galleryImages0\" data-counter=\"7\" class=\"slider-image-link prevent-shaking-animation\">\r\n                <img decoding=\"async\" src=\"https:\/\/cirks.lv\/wp-content\/uploads\/2023\/02\/Girts-Ragelis-3-768x512.jpg\" class=\"gallery-image position-absolute w-100 h-100\" alt=\"\">\r\n            <\/a>\r\n        <\/div>\r\n        <\/div>\r\n<div class=\"image-modal-window\">\r\n    <div class=\"modal\" id=\"galleryImages0\" tabindex=\"-1\">\r\n        <div class=\"modal-dialog d-inline-block w-100\">\r\n            <div class=\"modal-content d-block\">\r\n                <div id=\"imagesSlider0\" class=\"carousel slide\" data-ride=\"carousel\" data-interval=\"false\">\r\n                    <div class=\"carousel-inner\">\r\n                                                    <div class=\"carousel-item active\" data-counter=\"0\">\r\n                                <div class=\"align-modal-helper d-flex flex-wrap align-items-center justify-content-center\">\r\n                                    <img decoding=\"async\" src=\"https:\/\/cirks.lv\/wp-content\/uploads\/2023\/02\/Marcis-Gaujenietis-1500x1000.jpg\" class=\"slide-image\"  alt=\"\">\r\n                                                                            <div class=\"w-100\"><\/div>\r\n                                        <div class=\"gallery-slide-description overflow-auto\">Foto: M\u0101rcis Gaujenietis<\/div>\r\n                                                                    <\/div>\r\n                            <\/div>\r\n                                                        <div class=\"carousel-item \" data-counter=\"1\">\r\n                                <div class=\"align-modal-helper d-flex flex-wrap align-items-center justify-content-center\">\r\n                                    <img decoding=\"async\" src=\"https:\/\/cirks.lv\/wp-content\/uploads\/2023\/02\/Aleksandra-Volk-1500x844.jpg\" class=\"slide-image\"  alt=\"\">\r\n                                                                            <div class=\"w-100\"><\/div>\r\n                                        <div class=\"gallery-slide-description overflow-auto\">Foto: M\u0101rcis Gaujenietis<\/div>\r\n                                                                    <\/div>\r\n                            <\/div>\r\n                                                        <div class=\"carousel-item \" data-counter=\"2\">\r\n                                <div class=\"align-modal-helper d-flex flex-wrap align-items-center justify-content-center\">\r\n                                    <img decoding=\"async\" src=\"https:\/\/cirks.lv\/wp-content\/uploads\/2023\/02\/image_6483441-3-667x1000.jpg\" class=\"slide-image\"  alt=\"\">\r\n                                                                            <div class=\"w-100\"><\/div>\r\n                                        <div class=\"gallery-slide-description overflow-auto\">Foto: R\u016bta Celma (Grizzly Riga)<\/div>\r\n                                                                    <\/div>\r\n                            <\/div>\r\n                                                        <div class=\"carousel-item \" data-counter=\"3\">\r\n                                <div class=\"align-modal-helper d-flex flex-wrap align-items-center justify-content-center\">\r\n                                    <img decoding=\"async\" src=\"https:\/\/cirks.lv\/wp-content\/uploads\/2023\/02\/image_6483441-2.jpg\" class=\"slide-image\"  alt=\"\">\r\n                                                                            <div class=\"w-100\"><\/div>\r\n                                        <div class=\"gallery-slide-description overflow-auto\">Foto: Didzis Grodzs<\/div>\r\n                                                                    <\/div>\r\n                            <\/div>\r\n                                                        <div class=\"carousel-item \" data-counter=\"4\">\r\n                                <div class=\"align-modal-helper d-flex flex-wrap align-items-center justify-content-center\">\r\n                                    <img decoding=\"async\" src=\"https:\/\/cirks.lv\/wp-content\/uploads\/2023\/02\/IMG_1851-1500x1000.jpeg\" class=\"slide-image\"  alt=\"\">\r\n                                                                            <div class=\"w-100\"><\/div>\r\n                                        <div class=\"gallery-slide-description overflow-auto\">Foto: Toms U\u013cjanovs, (Komunik\u0101ciju A\u0123ent\u016bra)<\/div>\r\n                                                                    <\/div>\r\n                            <\/div>\r\n                                                        <div class=\"carousel-item \" data-counter=\"5\">\r\n                                <div class=\"align-modal-helper d-flex flex-wrap align-items-center justify-content-center\">\r\n                                    <img decoding=\"async\" src=\"https:\/\/cirks.lv\/wp-content\/uploads\/2023\/02\/image_6483441-1-1250x1000.jpg\" class=\"slide-image\"  alt=\"\">\r\n                                                                            <div class=\"w-100\"><\/div>\r\n                                        <div class=\"gallery-slide-description overflow-auto\">Foto: Annemarija Gulbe & Aksels Bergs<\/div>\r\n                                                                    <\/div>\r\n                            <\/div>\r\n                                                        <div class=\"carousel-item \" data-counter=\"6\">\r\n                                <div class=\"align-modal-helper d-flex flex-wrap align-items-center justify-content-center\">\r\n                                    <img decoding=\"async\" src=\"https:\/\/cirks.lv\/wp-content\/uploads\/2023\/02\/Girts-Ragelis-2-1500x1000.jpg\" class=\"slide-image\"  alt=\"\">\r\n                                                                            <div class=\"w-100\"><\/div>\r\n                                        <div class=\"gallery-slide-description overflow-auto\">Foto: \u0122irts Ra\u0123elis<\/div>\r\n                                                                    <\/div>\r\n                            <\/div>\r\n                                                        <div class=\"carousel-item \" data-counter=\"7\">\r\n                                <div class=\"align-modal-helper d-flex flex-wrap align-items-center justify-content-center\">\r\n                                    <img decoding=\"async\" src=\"https:\/\/cirks.lv\/wp-content\/uploads\/2023\/02\/Girts-Ragelis-3-1500x1000.jpg\" class=\"slide-image\"  alt=\"\">\r\n                                                                            <div class=\"w-100\"><\/div>\r\n                                        <div class=\"gallery-slide-description overflow-auto\">Foto: \u0122irts Ra\u0123elis<\/div>\r\n                                                                    <\/div>\r\n                            <\/div>\r\n                                                <\/div>\r\n                <\/div>\r\n            <\/div>\r\n        <\/div>\r\n                    <a class=\"carousel-control-prev position-absolute\" href=\"#imagesSlider0\" role=\"button\" data-slide=\"prev\">\r\n                <img decoding=\"async\" src=\"https:\/\/cirks.lv\/wp-content\/themes\/cirks\/images\/icons\/arrow-left-white.svg\" alt=\"\">\r\n            <\/a>\r\n            <a class=\"carousel-control-next position-absolute\" href=\"#imagesSlider0\" role=\"button\" data-slide=\"next\">\r\n                <img decoding=\"async\" src=\"https:\/\/cirks.lv\/wp-content\/themes\/cirks\/images\/icons\/arrow-right-white.svg\" alt=\"\">\r\n            <\/a>\r\n                <button class=\"modal-cross position-absolute\" data-dismiss=\"modal\">\r\n            <img decoding=\"async\" src=\"https:\/\/cirks.lv\/wp-content\/themes\/cirks\/images\/icons\/cross.svg\" alt=\"\">\r\n        <\/button>\r\n    <\/div>\r\n<\/div>\n","protected":false},"excerpt":{"rendered":"<p>Choreographer and dancer Maija Sukute is a dancer, choreographer and aerial artist. She fell in love with the dance world when she was 4 years old and since then dance is her greatest love, passion, hobby and work. During her lifetime Maija has studied a wide range of dance genres \u2013 Latvian folk dance, ballet,&#8230;<\/p>\n","protected":false},"author":4,"featured_media":20610,"parent":5086,"menu_order":25,"comment_status":"closed","ping_status":"closed","template":"","meta":{"_acf_changed":false,"footnotes":""},"class_list":["post-6892","page","type-page","status-publish","has-post-thumbnail","hentry"],"acf":[],"yoast_head":"<!-- This site is optimized with the Yoast SEO plugin v26.2 - https:\/\/yoast.com\/wordpress\/plugins\/seo\/ -->\n<title>Maija Sukute - cirks.lv<\/title>\n<meta name=\"robots\" content=\"index, follow, max-snippet:-1, max-image-preview:large, max-video-preview:-1\" \/>\n<link rel=\"canonical\" href=\"https:\/\/cirks.lv\/en\/circus\/team\/maija-sukute\/\" \/>\n<meta property=\"og:locale\" content=\"en_US\" \/>\n<meta property=\"og:type\" content=\"article\" \/>\n<meta property=\"og:title\" content=\"Maija Sukute - cirks.lv\" \/>\n<meta property=\"og:description\" content=\"Choreographer and dancer Maija Sukute is a dancer, choreographer and aerial artist. She fell in love with the dance world when she was 4 years old and since then dance is her greatest love, passion, hobby and work. During her lifetime Maija has studied a wide range of dance genres \u2013 Latvian folk dance, ballet,...\" \/>\n<meta property=\"og:url\" content=\"https:\/\/cirks.lv\/en\/circus\/team\/maija-sukute\/\" \/>\n<meta property=\"og:site_name\" content=\"cirks.lv\" \/>\n<meta property=\"article:modified_time\" content=\"2023-02-16T11:52:49+00:00\" \/>\n<meta property=\"og:image\" content=\"https:\/\/cirks.lv\/wp-content\/uploads\/2023\/02\/Inta-Lankovska-1.jpg\" \/>\n\t<meta property=\"og:image:width\" content=\"1067\" \/>\n\t<meta property=\"og:image:height\" content=\"1600\" \/>\n\t<meta property=\"og:image:type\" content=\"image\/jpeg\" \/>\n<meta name=\"twitter:card\" content=\"summary_large_image\" \/>\n<meta name=\"twitter:site\" content=\"@VISA_RigasCirks\" \/>\n<meta name=\"twitter:label1\" content=\"Est. reading time\" \/>\n\t<meta name=\"twitter:data1\" content=\"2 minutes\" \/>\n<script type=\"application\/ld+json\" class=\"yoast-schema-graph\">{\"@context\":\"https:\/\/schema.org\",\"@graph\":[{\"@type\":\"WebPage\",\"@id\":\"https:\/\/cirks.lv\/en\/circus\/team\/maija-sukute\/\",\"url\":\"https:\/\/cirks.lv\/en\/circus\/team\/maija-sukute\/\",\"name\":\"Maija Sukute - cirks.lv\",\"isPartOf\":{\"@id\":\"https:\/\/cirks.lv\/en\/#website\"},\"primaryImageOfPage\":{\"@id\":\"https:\/\/cirks.lv\/en\/circus\/team\/maija-sukute\/#primaryimage\"},\"image\":{\"@id\":\"https:\/\/cirks.lv\/en\/circus\/team\/maija-sukute\/#primaryimage\"},\"thumbnailUrl\":\"https:\/\/cirks.lv\/wp-content\/uploads\/2023\/02\/Inta-Lankovska-1.jpg\",\"datePublished\":\"2021-09-15T20:35:17+00:00\",\"dateModified\":\"2023-02-16T11:52:49+00:00\",\"breadcrumb\":{\"@id\":\"https:\/\/cirks.lv\/en\/circus\/team\/maija-sukute\/#breadcrumb\"},\"inLanguage\":\"en-US\",\"potentialAction\":[{\"@type\":\"ReadAction\",\"target\":[\"https:\/\/cirks.lv\/en\/circus\/team\/maija-sukute\/\"]}]},{\"@type\":\"ImageObject\",\"inLanguage\":\"en-US\",\"@id\":\"https:\/\/cirks.lv\/en\/circus\/team\/maija-sukute\/#primaryimage\",\"url\":\"https:\/\/cirks.lv\/wp-content\/uploads\/2023\/02\/Inta-Lankovska-1.jpg\",\"contentUrl\":\"https:\/\/cirks.lv\/wp-content\/uploads\/2023\/02\/Inta-Lankovska-1.jpg\",\"width\":1067,\"height\":1600},{\"@type\":\"BreadcrumbList\",\"@id\":\"https:\/\/cirks.lv\/en\/circus\/team\/maija-sukute\/#breadcrumb\",\"itemListElement\":[{\"@type\":\"ListItem\",\"position\":1,\"name\":\"Home\",\"item\":\"https:\/\/cirks.lv\/en\/\"},{\"@type\":\"ListItem\",\"position\":2,\"name\":\"Circus\",\"item\":\"https:\/\/cirks.lv\/en\/circus\/\"},{\"@type\":\"ListItem\",\"position\":3,\"name\":\"Team\",\"item\":\"https:\/\/cirks.lv\/en\/circus\/team\/\"},{\"@type\":\"ListItem\",\"position\":4,\"name\":\"Maija Sukute\"}]},{\"@type\":\"WebSite\",\"@id\":\"https:\/\/cirks.lv\/en\/#website\",\"url\":\"https:\/\/cirks.lv\/en\/\",\"name\":\"cirks.lv\",\"description\":\"Circus, cirks, stage arts\",\"publisher\":{\"@id\":\"https:\/\/cirks.lv\/en\/#organization\"},\"potentialAction\":[{\"@type\":\"SearchAction\",\"target\":{\"@type\":\"EntryPoint\",\"urlTemplate\":\"https:\/\/cirks.lv\/en\/?s={search_term_string}\"},\"query-input\":{\"@type\":\"PropertyValueSpecification\",\"valueRequired\":true,\"valueName\":\"search_term_string\"}}],\"inLanguage\":\"en-US\"},{\"@type\":\"Organization\",\"@id\":\"https:\/\/cirks.lv\/en\/#organization\",\"name\":\"R\u012bgas Cirks\",\"url\":\"https:\/\/cirks.lv\/en\/\",\"logo\":{\"@type\":\"ImageObject\",\"inLanguage\":\"en-US\",\"@id\":\"https:\/\/cirks.lv\/en\/#\/schema\/logo\/image\/\",\"url\":\"https:\/\/cirks.lv\/wp-content\/uploads\/2021\/08\/RC-logo-2018.jpg\",\"contentUrl\":\"https:\/\/cirks.lv\/wp-content\/uploads\/2021\/08\/RC-logo-2018.jpg\",\"width\":1753,\"height\":1240,\"caption\":\"R\u012bgas Cirks\"},\"image\":{\"@id\":\"https:\/\/cirks.lv\/en\/#\/schema\/logo\/image\/\"},\"sameAs\":[\"https:\/\/x.com\/VISA_RigasCirks\",\"https:\/\/www.instagram.com\/VSIA_RigasCirks\/\"]}]}<\/script>\n<!-- \/ Yoast SEO plugin. -->","yoast_head_json":{"title":"Maija Sukute - cirks.lv","robots":{"index":"index","follow":"follow","max-snippet":"max-snippet:-1","max-image-preview":"max-image-preview:large","max-video-preview":"max-video-preview:-1"},"canonical":"https:\/\/cirks.lv\/en\/circus\/team\/maija-sukute\/","og_locale":"en_US","og_type":"article","og_title":"Maija Sukute - cirks.lv","og_description":"Choreographer and dancer Maija Sukute is a dancer, choreographer and aerial artist. She fell in love with the dance world when she was 4 years old and since then dance is her greatest love, passion, hobby and work. During her lifetime Maija has studied a wide range of dance genres \u2013 Latvian folk dance, ballet,...","og_url":"https:\/\/cirks.lv\/en\/circus\/team\/maija-sukute\/","og_site_name":"cirks.lv","article_modified_time":"2023-02-16T11:52:49+00:00","og_image":[{"width":1067,"height":1600,"url":"https:\/\/cirks.lv\/wp-content\/uploads\/2023\/02\/Inta-Lankovska-1.jpg","type":"image\/jpeg"}],"twitter_card":"summary_large_image","twitter_site":"@VISA_RigasCirks","twitter_misc":{"Est. reading time":"2 minutes"},"schema":{"@context":"https:\/\/schema.org","@graph":[{"@type":"WebPage","@id":"https:\/\/cirks.lv\/en\/circus\/team\/maija-sukute\/","url":"https:\/\/cirks.lv\/en\/circus\/team\/maija-sukute\/","name":"Maija Sukute - cirks.lv","isPartOf":{"@id":"https:\/\/cirks.lv\/en\/#website"},"primaryImageOfPage":{"@id":"https:\/\/cirks.lv\/en\/circus\/team\/maija-sukute\/#primaryimage"},"image":{"@id":"https:\/\/cirks.lv\/en\/circus\/team\/maija-sukute\/#primaryimage"},"thumbnailUrl":"https:\/\/cirks.lv\/wp-content\/uploads\/2023\/02\/Inta-Lankovska-1.jpg","datePublished":"2021-09-15T20:35:17+00:00","dateModified":"2023-02-16T11:52:49+00:00","breadcrumb":{"@id":"https:\/\/cirks.lv\/en\/circus\/team\/maija-sukute\/#breadcrumb"},"inLanguage":"en-US","potentialAction":[{"@type":"ReadAction","target":["https:\/\/cirks.lv\/en\/circus\/team\/maija-sukute\/"]}]},{"@type":"ImageObject","inLanguage":"en-US","@id":"https:\/\/cirks.lv\/en\/circus\/team\/maija-sukute\/#primaryimage","url":"https:\/\/cirks.lv\/wp-content\/uploads\/2023\/02\/Inta-Lankovska-1.jpg","contentUrl":"https:\/\/cirks.lv\/wp-content\/uploads\/2023\/02\/Inta-Lankovska-1.jpg","width":1067,"height":1600},{"@type":"BreadcrumbList","@id":"https:\/\/cirks.lv\/en\/circus\/team\/maija-sukute\/#breadcrumb","itemListElement":[{"@type":"ListItem","position":1,"name":"Home","item":"https:\/\/cirks.lv\/en\/"},{"@type":"ListItem","position":2,"name":"Circus","item":"https:\/\/cirks.lv\/en\/circus\/"},{"@type":"ListItem","position":3,"name":"Team","item":"https:\/\/cirks.lv\/en\/circus\/team\/"},{"@type":"ListItem","position":4,"name":"Maija Sukute"}]},{"@type":"WebSite","@id":"https:\/\/cirks.lv\/en\/#website","url":"https:\/\/cirks.lv\/en\/","name":"cirks.lv","description":"Circus, cirks, stage arts","publisher":{"@id":"https:\/\/cirks.lv\/en\/#organization"},"potentialAction":[{"@type":"SearchAction","target":{"@type":"EntryPoint","urlTemplate":"https:\/\/cirks.lv\/en\/?s={search_term_string}"},"query-input":{"@type":"PropertyValueSpecification","valueRequired":true,"valueName":"search_term_string"}}],"inLanguage":"en-US"},{"@type":"Organization","@id":"https:\/\/cirks.lv\/en\/#organization","name":"R\u012bgas Cirks","url":"https:\/\/cirks.lv\/en\/","logo":{"@type":"ImageObject","inLanguage":"en-US","@id":"https:\/\/cirks.lv\/en\/#\/schema\/logo\/image\/","url":"https:\/\/cirks.lv\/wp-content\/uploads\/2021\/08\/RC-logo-2018.jpg","contentUrl":"https:\/\/cirks.lv\/wp-content\/uploads\/2021\/08\/RC-logo-2018.jpg","width":1753,"height":1240,"caption":"R\u012bgas Cirks"},"image":{"@id":"https:\/\/cirks.lv\/en\/#\/schema\/logo\/image\/"},"sameAs":["https:\/\/x.com\/VISA_RigasCirks","https:\/\/www.instagram.com\/VSIA_RigasCirks\/"]}]}},"_links":{"self":[{"href":"https:\/\/cirks.lv\/en\/wp-json\/wp\/v2\/pages\/6892","targetHints":{"allow":["GET"]}}],"collection":[{"href":"https:\/\/cirks.lv\/en\/wp-json\/wp\/v2\/pages"}],"about":[{"href":"https:\/\/cirks.lv\/en\/wp-json\/wp\/v2\/types\/page"}],"author":[{"embeddable":true,"href":"https:\/\/cirks.lv\/en\/wp-json\/wp\/v2\/users\/4"}],"replies":[{"embeddable":true,"href":"https:\/\/cirks.lv\/en\/wp-json\/wp\/v2\/comments?post=6892"}],"version-history":[{"count":5,"href":"https:\/\/cirks.lv\/en\/wp-json\/wp\/v2\/pages\/6892\/revisions"}],"predecessor-version":[{"id":20685,"href":"https:\/\/cirks.lv\/en\/wp-json\/wp\/v2\/pages\/6892\/revisions\/20685"}],"up":[{"embeddable":true,"href":"https:\/\/cirks.lv\/en\/wp-json\/wp\/v2\/pages\/5086"}],"wp:featuredmedia":[{"embeddable":true,"href":"https:\/\/cirks.lv\/en\/wp-json\/wp\/v2\/media\/20610"}],"wp:attachment":[{"href":"https:\/\/cirks.lv\/en\/wp-json\/wp\/v2\/media?parent=6892"}],"curies":[{"name":"wp","href":"https:\/\/api.w.org\/{rel}","templated":true}]}}