{"id":6876,"date":"2021-09-15T22:36:36","date_gmt":"2021-09-15T19:36:36","guid":{"rendered":"https:\/\/cirks.lv\/circus\/team\/valerijs-komisarenko\/"},"modified":"2021-09-15T22:37:56","modified_gmt":"2021-09-15T19:37:56","slug":"valerijs-komisarenko","status":"publish","type":"page","link":"https:\/\/cirks.lv\/en\/circus\/team\/valerijs-komisarenko\/","title":{"rendered":"Val\u0113rijs Komisarenko"},"content":{"rendered":"<h3 dir=\"ltr\">Stiep\u0161an\u0101s nodarb\u012bbu vad\u012bt\u0101js<\/h3>\n<p dir=\"ltr\">Val\u0113rijs Komisarenko, vair\u0101k zinams k\u0101 ValeryElastic vai Iguana Man, ir plastisk\u0101s akrob\u0101tikas \u017eanra meistars un \u017eonglieris, kur\u0161 piedal\u012bjies da\u017e\u0101dos projektos gan Latvij\u0101, gan vis\u0101 pasaul\u0113. Ieguvis godalgas vair\u0101kos starptautiskos cirka festiv\u0101los. Uzst\u0101jies vair\u0101k nek\u0101 17 pasaules valst\u012bs \u2013 gan cirkos, gan uz te\u0101tra skatuv\u0113m.<\/p>\n<p dir=\"ltr\">Val\u0113rijs R\u012bgas cirka skolas audz\u0113k\u0146iem vada stiep\u0161an\u0101s nodarb\u012bbas, k\u0101 ar\u012b hobijgrupas,kur\u0101s ietvertas da\u017e\u0101das discipl\u012bnas.<\/p>\n<p dir=\"ltr\">Val\u0113rijs par darbu R\u012bgas cirka skol\u0101 saka:<\/p>\n<blockquote>\n<p dir=\"ltr\">&#8220;Esmu lepns, ka varu b\u016bt k\u0101 paraugs un motiv\u0101cijas sniedz\u0113js citiem topo\u0161ajiem cirka m\u0101ksliniekiem. Ka varu b\u016bt k\u0101 piem\u0113rs tam, cik svar\u012bgi ir notic\u0113t sev un sav\u0101m sp\u0113j\u0101m, iet uz m\u0113r\u0137i, s\u0101kt tren\u0113ties un dar\u012bt to, kam cilv\u0113ks tic. Jo katru dienu pat viens mazs solis, kas sperts uz priek\u0161u, dara m\u016bs stipr\u0101kus, un m\u0113s, pa\u0161i pat to nenojauzdami, k\u0101du dienu varam k\u013c\u016bt par supervaroni k\u0101da ac\u012bs \u2013\u00a0 b\u016bt par piem\u0113ru tiem, kam tas vajadz\u012bgs.\u201d<\/p>\n<\/blockquote>\n<div class=\"yj6qo ajU\">\n<div id=\":rb\" class=\"ajR\" tabindex=\"0\" role=\"button\" data-tooltip=\"R\u0101d\u012bt visu saturu\" aria-label=\"R\u0101d\u012bt visu saturu\" aria-expanded=\"false\"><img decoding=\"async\" class=\"ajT\" src=\"https:\/\/cirks.lv\/wp-content\/uploads\/2021\/08\/cleardot.gif\" \/><\/div>\n<\/div>\n","protected":false},"excerpt":{"rendered":"<p>Stiep\u0161an\u0101s nodarb\u012bbu vad\u012bt\u0101js Val\u0113rijs Komisarenko, vair\u0101k zinams k\u0101 ValeryElastic vai Iguana Man, ir plastisk\u0101s akrob\u0101tikas \u017eanra meistars un \u017eonglieris, kur\u0161 piedal\u012bjies da\u017e\u0101dos projektos gan Latvij\u0101, gan vis\u0101 pasaul\u0113. Ieguvis godalgas vair\u0101kos starptautiskos cirka festiv\u0101los. Uzst\u0101jies vair\u0101k nek\u0101 17 pasaules valst\u012bs \u2013 gan cirkos, gan uz te\u0101tra skatuv\u0113m. Val\u0113rijs R\u012bgas cirka skolas audz\u0113k\u0146iem vada stiep\u0161an\u0101s nodarb\u012bbas,&#8230;<\/p>\n","protected":false},"author":4,"featured_media":13769,"parent":5086,"menu_order":20,"comment_status":"closed","ping_status":"closed","template":"","meta":{"_acf_changed":false,"footnotes":""},"class_list":["post-6876","page","type-page","status-publish","has-post-thumbnail","hentry"],"acf":[],"yoast_head":"<!-- This site is optimized with the Yoast SEO plugin v27.3 - https:\/\/yoast.com\/product\/yoast-seo-wordpress\/ -->\n<title>Val\u0113rijs Komisarenko - cirks.lv<\/title>\n<meta name=\"robots\" content=\"index, follow, max-snippet:-1, max-image-preview:large, max-video-preview:-1\" \/>\n<link rel=\"canonical\" href=\"https:\/\/cirks.lv\/en\/circus\/team\/valerijs-komisarenko\/\" \/>\n<meta property=\"og:locale\" content=\"en_US\" \/>\n<meta property=\"og:type\" content=\"article\" \/>\n<meta property=\"og:title\" content=\"Val\u0113rijs Komisarenko - cirks.lv\" \/>\n<meta property=\"og:description\" content=\"Stiep\u0161an\u0101s nodarb\u012bbu vad\u012bt\u0101js Val\u0113rijs Komisarenko, vair\u0101k zinams k\u0101 ValeryElastic vai Iguana Man, ir plastisk\u0101s akrob\u0101tikas \u017eanra meistars un \u017eonglieris, kur\u0161 piedal\u012bjies da\u017e\u0101dos projektos gan Latvij\u0101, gan vis\u0101 pasaul\u0113. Ieguvis godalgas vair\u0101kos starptautiskos cirka festiv\u0101los. Uzst\u0101jies vair\u0101k nek\u0101 17 pasaules valst\u012bs \u2013 gan cirkos, gan uz te\u0101tra skatuv\u0113m. Val\u0113rijs R\u012bgas cirka skolas audz\u0113k\u0146iem vada stiep\u0161an\u0101s nodarb\u012bbas,...\" \/>\n<meta property=\"og:url\" content=\"https:\/\/cirks.lv\/en\/circus\/team\/valerijs-komisarenko\/\" \/>\n<meta property=\"og:site_name\" content=\"cirks.lv\" \/>\n<meta property=\"article:modified_time\" content=\"2021-09-15T19:37:56+00:00\" \/>\n<meta property=\"og:image\" content=\"https:\/\/cirks.lv\/wp-content\/uploads\/2020\/08\/Vale\u0304rijs-cirks-25.jpg\" \/>\n\t<meta property=\"og:image:width\" content=\"1920\" \/>\n\t<meta property=\"og:image:height\" content=\"1282\" \/>\n\t<meta property=\"og:image:type\" content=\"image\/jpeg\" \/>\n<meta name=\"twitter:card\" content=\"summary_large_image\" \/>\n<meta name=\"twitter:site\" content=\"@VISA_RigasCirks\" \/>\n<meta name=\"twitter:label1\" content=\"Est. reading time\" \/>\n\t<meta name=\"twitter:data1\" content=\"1 minute\" \/>\n<script type=\"application\/ld+json\" class=\"yoast-schema-graph\">{\"@context\":\"https:\\\/\\\/schema.org\",\"@graph\":[{\"@type\":\"WebPage\",\"@id\":\"https:\\\/\\\/cirks.lv\\\/en\\\/circus\\\/team\\\/valerijs-komisarenko\\\/\",\"url\":\"https:\\\/\\\/cirks.lv\\\/en\\\/circus\\\/team\\\/valerijs-komisarenko\\\/\",\"name\":\"Val\u0113rijs Komisarenko - cirks.lv\",\"isPartOf\":{\"@id\":\"https:\\\/\\\/cirks.lv\\\/en\\\/#website\"},\"primaryImageOfPage\":{\"@id\":\"https:\\\/\\\/cirks.lv\\\/en\\\/circus\\\/team\\\/valerijs-komisarenko\\\/#primaryimage\"},\"image\":{\"@id\":\"https:\\\/\\\/cirks.lv\\\/en\\\/circus\\\/team\\\/valerijs-komisarenko\\\/#primaryimage\"},\"thumbnailUrl\":\"https:\\\/\\\/cirks.lv\\\/wp-content\\\/uploads\\\/2022\\\/01\\\/WhatsApp-Image-2021-09-03-at-14.39.21-e1643024691549.jpeg\",\"datePublished\":\"2021-09-15T19:36:36+00:00\",\"dateModified\":\"2021-09-15T19:37:56+00:00\",\"breadcrumb\":{\"@id\":\"https:\\\/\\\/cirks.lv\\\/en\\\/circus\\\/team\\\/valerijs-komisarenko\\\/#breadcrumb\"},\"inLanguage\":\"en-US\",\"potentialAction\":[{\"@type\":\"ReadAction\",\"target\":[\"https:\\\/\\\/cirks.lv\\\/en\\\/circus\\\/team\\\/valerijs-komisarenko\\\/\"]}]},{\"@type\":\"ImageObject\",\"inLanguage\":\"en-US\",\"@id\":\"https:\\\/\\\/cirks.lv\\\/en\\\/circus\\\/team\\\/valerijs-komisarenko\\\/#primaryimage\",\"url\":\"https:\\\/\\\/cirks.lv\\\/wp-content\\\/uploads\\\/2022\\\/01\\\/WhatsApp-Image-2021-09-03-at-14.39.21-e1643024691549.jpeg\",\"contentUrl\":\"https:\\\/\\\/cirks.lv\\\/wp-content\\\/uploads\\\/2022\\\/01\\\/WhatsApp-Image-2021-09-03-at-14.39.21-e1643024691549.jpeg\",\"width\":1066,\"height\":1600},{\"@type\":\"BreadcrumbList\",\"@id\":\"https:\\\/\\\/cirks.lv\\\/en\\\/circus\\\/team\\\/valerijs-komisarenko\\\/#breadcrumb\",\"itemListElement\":[{\"@type\":\"ListItem\",\"position\":1,\"name\":\"Home\",\"item\":\"https:\\\/\\\/cirks.lv\\\/en\\\/\"},{\"@type\":\"ListItem\",\"position\":2,\"name\":\"Circus\",\"item\":\"https:\\\/\\\/cirks.lv\\\/en\\\/circus\\\/\"},{\"@type\":\"ListItem\",\"position\":3,\"name\":\"Team\",\"item\":\"https:\\\/\\\/cirks.lv\\\/en\\\/circus\\\/team\\\/\"},{\"@type\":\"ListItem\",\"position\":4,\"name\":\"Val\u0113rijs Komisarenko\"}]},{\"@type\":\"WebSite\",\"@id\":\"https:\\\/\\\/cirks.lv\\\/en\\\/#website\",\"url\":\"https:\\\/\\\/cirks.lv\\\/en\\\/\",\"name\":\"cirks.lv\",\"description\":\"Circus, cirks, stage arts\",\"publisher\":{\"@id\":\"https:\\\/\\\/cirks.lv\\\/en\\\/#organization\"},\"potentialAction\":[{\"@type\":\"SearchAction\",\"target\":{\"@type\":\"EntryPoint\",\"urlTemplate\":\"https:\\\/\\\/cirks.lv\\\/en\\\/?s={search_term_string}\"},\"query-input\":{\"@type\":\"PropertyValueSpecification\",\"valueRequired\":true,\"valueName\":\"search_term_string\"}}],\"inLanguage\":\"en-US\"},{\"@type\":\"Organization\",\"@id\":\"https:\\\/\\\/cirks.lv\\\/en\\\/#organization\",\"name\":\"R\u012bgas Cirks\",\"url\":\"https:\\\/\\\/cirks.lv\\\/en\\\/\",\"logo\":{\"@type\":\"ImageObject\",\"inLanguage\":\"en-US\",\"@id\":\"https:\\\/\\\/cirks.lv\\\/en\\\/#\\\/schema\\\/logo\\\/image\\\/\",\"url\":\"https:\\\/\\\/cirks.lv\\\/wp-content\\\/uploads\\\/2021\\\/08\\\/RC-logo-2018.jpg\",\"contentUrl\":\"https:\\\/\\\/cirks.lv\\\/wp-content\\\/uploads\\\/2021\\\/08\\\/RC-logo-2018.jpg\",\"width\":1753,\"height\":1240,\"caption\":\"R\u012bgas Cirks\"},\"image\":{\"@id\":\"https:\\\/\\\/cirks.lv\\\/en\\\/#\\\/schema\\\/logo\\\/image\\\/\"},\"sameAs\":[\"https:\\\/\\\/x.com\\\/VISA_RigasCirks\",\"https:\\\/\\\/www.instagram.com\\\/VSIA_RigasCirks\\\/\"]}]}<\/script>\n<!-- \/ Yoast SEO plugin. -->","yoast_head_json":{"title":"Val\u0113rijs Komisarenko - cirks.lv","robots":{"index":"index","follow":"follow","max-snippet":"max-snippet:-1","max-image-preview":"max-image-preview:large","max-video-preview":"max-video-preview:-1"},"canonical":"https:\/\/cirks.lv\/en\/circus\/team\/valerijs-komisarenko\/","og_locale":"en_US","og_type":"article","og_title":"Val\u0113rijs Komisarenko - cirks.lv","og_description":"Stiep\u0161an\u0101s nodarb\u012bbu vad\u012bt\u0101js Val\u0113rijs Komisarenko, vair\u0101k zinams k\u0101 ValeryElastic vai Iguana Man, ir plastisk\u0101s akrob\u0101tikas \u017eanra meistars un \u017eonglieris, kur\u0161 piedal\u012bjies da\u017e\u0101dos projektos gan Latvij\u0101, gan vis\u0101 pasaul\u0113. Ieguvis godalgas vair\u0101kos starptautiskos cirka festiv\u0101los. Uzst\u0101jies vair\u0101k nek\u0101 17 pasaules valst\u012bs \u2013 gan cirkos, gan uz te\u0101tra skatuv\u0113m. Val\u0113rijs R\u012bgas cirka skolas audz\u0113k\u0146iem vada stiep\u0161an\u0101s nodarb\u012bbas,...","og_url":"https:\/\/cirks.lv\/en\/circus\/team\/valerijs-komisarenko\/","og_site_name":"cirks.lv","article_modified_time":"2021-09-15T19:37:56+00:00","og_image":[{"width":1920,"height":1282,"url":"https:\/\/cirks.lv\/wp-content\/uploads\/2020\/08\/Vale\u0304rijs-cirks-25.jpg","type":"image\/jpeg"}],"twitter_card":"summary_large_image","twitter_site":"@VISA_RigasCirks","twitter_misc":{"Est. reading time":"1 minute"},"schema":{"@context":"https:\/\/schema.org","@graph":[{"@type":"WebPage","@id":"https:\/\/cirks.lv\/en\/circus\/team\/valerijs-komisarenko\/","url":"https:\/\/cirks.lv\/en\/circus\/team\/valerijs-komisarenko\/","name":"Val\u0113rijs Komisarenko - cirks.lv","isPartOf":{"@id":"https:\/\/cirks.lv\/en\/#website"},"primaryImageOfPage":{"@id":"https:\/\/cirks.lv\/en\/circus\/team\/valerijs-komisarenko\/#primaryimage"},"image":{"@id":"https:\/\/cirks.lv\/en\/circus\/team\/valerijs-komisarenko\/#primaryimage"},"thumbnailUrl":"https:\/\/cirks.lv\/wp-content\/uploads\/2022\/01\/WhatsApp-Image-2021-09-03-at-14.39.21-e1643024691549.jpeg","datePublished":"2021-09-15T19:36:36+00:00","dateModified":"2021-09-15T19:37:56+00:00","breadcrumb":{"@id":"https:\/\/cirks.lv\/en\/circus\/team\/valerijs-komisarenko\/#breadcrumb"},"inLanguage":"en-US","potentialAction":[{"@type":"ReadAction","target":["https:\/\/cirks.lv\/en\/circus\/team\/valerijs-komisarenko\/"]}]},{"@type":"ImageObject","inLanguage":"en-US","@id":"https:\/\/cirks.lv\/en\/circus\/team\/valerijs-komisarenko\/#primaryimage","url":"https:\/\/cirks.lv\/wp-content\/uploads\/2022\/01\/WhatsApp-Image-2021-09-03-at-14.39.21-e1643024691549.jpeg","contentUrl":"https:\/\/cirks.lv\/wp-content\/uploads\/2022\/01\/WhatsApp-Image-2021-09-03-at-14.39.21-e1643024691549.jpeg","width":1066,"height":1600},{"@type":"BreadcrumbList","@id":"https:\/\/cirks.lv\/en\/circus\/team\/valerijs-komisarenko\/#breadcrumb","itemListElement":[{"@type":"ListItem","position":1,"name":"Home","item":"https:\/\/cirks.lv\/en\/"},{"@type":"ListItem","position":2,"name":"Circus","item":"https:\/\/cirks.lv\/en\/circus\/"},{"@type":"ListItem","position":3,"name":"Team","item":"https:\/\/cirks.lv\/en\/circus\/team\/"},{"@type":"ListItem","position":4,"name":"Val\u0113rijs Komisarenko"}]},{"@type":"WebSite","@id":"https:\/\/cirks.lv\/en\/#website","url":"https:\/\/cirks.lv\/en\/","name":"cirks.lv","description":"Circus, cirks, stage arts","publisher":{"@id":"https:\/\/cirks.lv\/en\/#organization"},"potentialAction":[{"@type":"SearchAction","target":{"@type":"EntryPoint","urlTemplate":"https:\/\/cirks.lv\/en\/?s={search_term_string}"},"query-input":{"@type":"PropertyValueSpecification","valueRequired":true,"valueName":"search_term_string"}}],"inLanguage":"en-US"},{"@type":"Organization","@id":"https:\/\/cirks.lv\/en\/#organization","name":"R\u012bgas Cirks","url":"https:\/\/cirks.lv\/en\/","logo":{"@type":"ImageObject","inLanguage":"en-US","@id":"https:\/\/cirks.lv\/en\/#\/schema\/logo\/image\/","url":"https:\/\/cirks.lv\/wp-content\/uploads\/2021\/08\/RC-logo-2018.jpg","contentUrl":"https:\/\/cirks.lv\/wp-content\/uploads\/2021\/08\/RC-logo-2018.jpg","width":1753,"height":1240,"caption":"R\u012bgas Cirks"},"image":{"@id":"https:\/\/cirks.lv\/en\/#\/schema\/logo\/image\/"},"sameAs":["https:\/\/x.com\/VISA_RigasCirks","https:\/\/www.instagram.com\/VSIA_RigasCirks\/"]}]}},"_links":{"self":[{"href":"https:\/\/cirks.lv\/en\/wp-json\/wp\/v2\/pages\/6876","targetHints":{"allow":["GET"]}}],"collection":[{"href":"https:\/\/cirks.lv\/en\/wp-json\/wp\/v2\/pages"}],"about":[{"href":"https:\/\/cirks.lv\/en\/wp-json\/wp\/v2\/types\/page"}],"author":[{"embeddable":true,"href":"https:\/\/cirks.lv\/en\/wp-json\/wp\/v2\/users\/4"}],"replies":[{"embeddable":true,"href":"https:\/\/cirks.lv\/en\/wp-json\/wp\/v2\/comments?post=6876"}],"version-history":[{"count":1,"href":"https:\/\/cirks.lv\/en\/wp-json\/wp\/v2\/pages\/6876\/revisions"}],"predecessor-version":[{"id":6877,"href":"https:\/\/cirks.lv\/en\/wp-json\/wp\/v2\/pages\/6876\/revisions\/6877"}],"up":[{"embeddable":true,"href":"https:\/\/cirks.lv\/en\/wp-json\/wp\/v2\/pages\/5086"}],"wp:featuredmedia":[{"embeddable":true,"href":"https:\/\/cirks.lv\/en\/wp-json\/wp\/v2\/media\/13769"}],"wp:attachment":[{"href":"https:\/\/cirks.lv\/en\/wp-json\/wp\/v2\/media?parent=6876"}],"curies":[{"name":"wp","href":"https:\/\/api.w.org\/{rel}","templated":true}]}}