{"id":6867,"date":"2021-09-15T22:26:05","date_gmt":"2021-09-15T19:26:05","guid":{"rendered":"https:\/\/cirks.lv\/circus\/team\/aleksejs-smolovs\/"},"modified":"2022-06-20T12:15:04","modified_gmt":"2022-06-20T09:15:04","slug":"aleksejs-smolovs","status":"publish","type":"page","link":"https:\/\/cirks.lv\/en\/circus\/team\/aleksejs-smolovs\/","title":{"rendered":"Aleksey Smolov"},"content":{"rendered":"<h2>Health sports specialist, Cyr wheel artist, fire juggler<\/h2>\n<p>&nbsp;<\/p>\n<p>Aleksey is a contemporary circus artist from Latvia. He was a martial arts practitioner and a fire artist before being introduced to the performing arts &#8211; circus and dance &#8211; where a Cyr wheel became an apparatus of his passion and a medium to explore the outer and inner worlds. Aleksey has been acquiring knowledge mostly in an autodidactic way and through the independent studies in the Department of Circus of Stockholm University of the Arts.<\/p>\n<p>In his artistic career Aleksey participates in various transdisciplinary creations and performances mostly in Baltics, is a co-creator of the first Latvian contemporary circus and dance performance &#8220;Faux Pas\u201d and is a first prize winner of the contemporary circus acts contest Cyrkulacija 2021 in Poland. Currently Aleksey as a member of a Lithuania based contemporary circus company Taigi Cirkas performs a piece \u201cUp to this Point\u201d, begins the new creation in a collaboration with an Estonian aerial artist Lizeth Wolk and continues work on research of interplay and exchange in improvisational music and circus with a Netherlands based Swedish reed player Marcus W\u00e4rnheim. Aleksey can be met on the streets of Riga within an interactive performance in the urban environment \u201cCircus in the City\u201d and as a participant of an international educational project \u201cCircus for Climate\u201d starting this year.<\/p>\n<p>In his performances Aleksey combines a highly technical, expressive and authentic interaction with a circus apparatus called Cyr Wheel, which is a human height big and roughly 15 kg heavy metal ring, together with surprising movements of dance acrobatics finding the perfect balance of this two disciplines.<\/p>\n<p>Apart from performing Aleksey is a circus teacher in Riga Circus school teaching floor and dance acrobatics and performing classes and a member of the board of a Latvian non-profit organization \u201cNext Door Circus\u201d which among other activities conduct inclusive circus events for people with disabilities and their relatives.<\/p>\n<div class=\"video-wysiwyg\"><iframe loading=\"lazy\" title=\"Cirka skolas nodarb\u012bbu vad\u012bt\u0101js Aleksejs Smolovs\" width=\"500\" height=\"281\" src=\"https:\/\/www.youtube.com\/embed\/NHzZ0JFzjYY?feature=oembed\" frameborder=\"0\" allow=\"accelerometer; autoplay; clipboard-write; encrypted-media; gyroscope; picture-in-picture; web-share\" referrerpolicy=\"strict-origin-when-cross-origin\" allowfullscreen><\/iframe><\/div>\n<p>&nbsp;<\/p>\n<p>&nbsp;<\/p>\n","protected":false},"excerpt":{"rendered":"<p>Health sports specialist, Cyr wheel artist, fire juggler &nbsp; Aleksey is a contemporary circus artist from Latvia. He was a martial arts practitioner and a fire artist before being introduced to the performing arts &#8211; circus and dance &#8211; where a Cyr wheel became an apparatus of his passion and a medium to explore the&#8230;<\/p>\n","protected":false},"author":4,"featured_media":20915,"parent":5086,"menu_order":28,"comment_status":"closed","ping_status":"closed","template":"","meta":{"_acf_changed":false,"footnotes":""},"class_list":["post-6867","page","type-page","status-publish","has-post-thumbnail","hentry"],"acf":[],"yoast_head":"<!-- This site is optimized with the Yoast SEO plugin v27.3 - https:\/\/yoast.com\/product\/yoast-seo-wordpress\/ -->\n<title>Aleksey Smolov - cirks.lv<\/title>\n<meta name=\"robots\" content=\"index, follow, max-snippet:-1, max-image-preview:large, max-video-preview:-1\" \/>\n<link rel=\"canonical\" href=\"https:\/\/cirks.lv\/en\/circus\/team\/aleksejs-smolovs\/\" \/>\n<meta property=\"og:locale\" content=\"en_US\" \/>\n<meta property=\"og:type\" content=\"article\" \/>\n<meta property=\"og:title\" content=\"Aleksey Smolov - cirks.lv\" \/>\n<meta property=\"og:description\" content=\"Health sports specialist, Cyr wheel artist, fire juggler &nbsp; Aleksey is a contemporary circus artist from Latvia. He was a martial arts practitioner and a fire artist before being introduced to the performing arts &#8211; circus and dance &#8211; where a Cyr wheel became an apparatus of his passion and a medium to explore the...\" \/>\n<meta property=\"og:url\" content=\"https:\/\/cirks.lv\/en\/circus\/team\/aleksejs-smolovs\/\" \/>\n<meta property=\"og:site_name\" content=\"cirks.lv\" \/>\n<meta property=\"article:modified_time\" content=\"2022-06-20T09:15:04+00:00\" \/>\n<meta property=\"og:image\" content=\"https:\/\/cirks.lv\/wp-content\/uploads\/2022\/01\/4-1-1.png\" \/>\n\t<meta property=\"og:image:width\" content=\"774\" \/>\n\t<meta property=\"og:image:height\" content=\"572\" \/>\n\t<meta property=\"og:image:type\" content=\"image\/png\" \/>\n<meta name=\"twitter:card\" content=\"summary_large_image\" \/>\n<meta name=\"twitter:site\" content=\"@VISA_RigasCirks\" \/>\n<meta name=\"twitter:label1\" content=\"Est. reading time\" \/>\n\t<meta name=\"twitter:data1\" content=\"2 minutes\" \/>\n<script type=\"application\/ld+json\" class=\"yoast-schema-graph\">{\"@context\":\"https:\\\/\\\/schema.org\",\"@graph\":[{\"@type\":\"WebPage\",\"@id\":\"https:\\\/\\\/cirks.lv\\\/en\\\/circus\\\/team\\\/aleksejs-smolovs\\\/\",\"url\":\"https:\\\/\\\/cirks.lv\\\/en\\\/circus\\\/team\\\/aleksejs-smolovs\\\/\",\"name\":\"Aleksey Smolov - cirks.lv\",\"isPartOf\":{\"@id\":\"https:\\\/\\\/cirks.lv\\\/en\\\/#website\"},\"primaryImageOfPage\":{\"@id\":\"https:\\\/\\\/cirks.lv\\\/en\\\/circus\\\/team\\\/aleksejs-smolovs\\\/#primaryimage\"},\"image\":{\"@id\":\"https:\\\/\\\/cirks.lv\\\/en\\\/circus\\\/team\\\/aleksejs-smolovs\\\/#primaryimage\"},\"thumbnailUrl\":\"https:\\\/\\\/cirks.lv\\\/wp-content\\\/uploads\\\/2023\\\/02\\\/SiraRats.png\",\"datePublished\":\"2021-09-15T19:26:05+00:00\",\"dateModified\":\"2022-06-20T09:15:04+00:00\",\"breadcrumb\":{\"@id\":\"https:\\\/\\\/cirks.lv\\\/en\\\/circus\\\/team\\\/aleksejs-smolovs\\\/#breadcrumb\"},\"inLanguage\":\"en-US\",\"potentialAction\":[{\"@type\":\"ReadAction\",\"target\":[\"https:\\\/\\\/cirks.lv\\\/en\\\/circus\\\/team\\\/aleksejs-smolovs\\\/\"]}]},{\"@type\":\"ImageObject\",\"inLanguage\":\"en-US\",\"@id\":\"https:\\\/\\\/cirks.lv\\\/en\\\/circus\\\/team\\\/aleksejs-smolovs\\\/#primaryimage\",\"url\":\"https:\\\/\\\/cirks.lv\\\/wp-content\\\/uploads\\\/2023\\\/02\\\/SiraRats.png\",\"contentUrl\":\"https:\\\/\\\/cirks.lv\\\/wp-content\\\/uploads\\\/2023\\\/02\\\/SiraRats.png\",\"width\":774,\"height\":572},{\"@type\":\"BreadcrumbList\",\"@id\":\"https:\\\/\\\/cirks.lv\\\/en\\\/circus\\\/team\\\/aleksejs-smolovs\\\/#breadcrumb\",\"itemListElement\":[{\"@type\":\"ListItem\",\"position\":1,\"name\":\"Home\",\"item\":\"https:\\\/\\\/cirks.lv\\\/en\\\/\"},{\"@type\":\"ListItem\",\"position\":2,\"name\":\"Circus\",\"item\":\"https:\\\/\\\/cirks.lv\\\/en\\\/circus\\\/\"},{\"@type\":\"ListItem\",\"position\":3,\"name\":\"Team\",\"item\":\"https:\\\/\\\/cirks.lv\\\/en\\\/circus\\\/team\\\/\"},{\"@type\":\"ListItem\",\"position\":4,\"name\":\"Aleksey Smolov\"}]},{\"@type\":\"WebSite\",\"@id\":\"https:\\\/\\\/cirks.lv\\\/en\\\/#website\",\"url\":\"https:\\\/\\\/cirks.lv\\\/en\\\/\",\"name\":\"cirks.lv\",\"description\":\"Circus, cirks, stage arts\",\"publisher\":{\"@id\":\"https:\\\/\\\/cirks.lv\\\/en\\\/#organization\"},\"potentialAction\":[{\"@type\":\"SearchAction\",\"target\":{\"@type\":\"EntryPoint\",\"urlTemplate\":\"https:\\\/\\\/cirks.lv\\\/en\\\/?s={search_term_string}\"},\"query-input\":{\"@type\":\"PropertyValueSpecification\",\"valueRequired\":true,\"valueName\":\"search_term_string\"}}],\"inLanguage\":\"en-US\"},{\"@type\":\"Organization\",\"@id\":\"https:\\\/\\\/cirks.lv\\\/en\\\/#organization\",\"name\":\"R\u012bgas Cirks\",\"url\":\"https:\\\/\\\/cirks.lv\\\/en\\\/\",\"logo\":{\"@type\":\"ImageObject\",\"inLanguage\":\"en-US\",\"@id\":\"https:\\\/\\\/cirks.lv\\\/en\\\/#\\\/schema\\\/logo\\\/image\\\/\",\"url\":\"https:\\\/\\\/cirks.lv\\\/wp-content\\\/uploads\\\/2021\\\/08\\\/RC-logo-2018.jpg\",\"contentUrl\":\"https:\\\/\\\/cirks.lv\\\/wp-content\\\/uploads\\\/2021\\\/08\\\/RC-logo-2018.jpg\",\"width\":1753,\"height\":1240,\"caption\":\"R\u012bgas Cirks\"},\"image\":{\"@id\":\"https:\\\/\\\/cirks.lv\\\/en\\\/#\\\/schema\\\/logo\\\/image\\\/\"},\"sameAs\":[\"https:\\\/\\\/x.com\\\/VISA_RigasCirks\",\"https:\\\/\\\/www.instagram.com\\\/VSIA_RigasCirks\\\/\"]}]}<\/script>\n<!-- \/ Yoast SEO plugin. -->","yoast_head_json":{"title":"Aleksey Smolov - cirks.lv","robots":{"index":"index","follow":"follow","max-snippet":"max-snippet:-1","max-image-preview":"max-image-preview:large","max-video-preview":"max-video-preview:-1"},"canonical":"https:\/\/cirks.lv\/en\/circus\/team\/aleksejs-smolovs\/","og_locale":"en_US","og_type":"article","og_title":"Aleksey Smolov - cirks.lv","og_description":"Health sports specialist, Cyr wheel artist, fire juggler &nbsp; Aleksey is a contemporary circus artist from Latvia. He was a martial arts practitioner and a fire artist before being introduced to the performing arts &#8211; circus and dance &#8211; where a Cyr wheel became an apparatus of his passion and a medium to explore the...","og_url":"https:\/\/cirks.lv\/en\/circus\/team\/aleksejs-smolovs\/","og_site_name":"cirks.lv","article_modified_time":"2022-06-20T09:15:04+00:00","og_image":[{"width":774,"height":572,"url":"https:\/\/cirks.lv\/wp-content\/uploads\/2022\/01\/4-1-1.png","type":"image\/png"}],"twitter_card":"summary_large_image","twitter_site":"@VISA_RigasCirks","twitter_misc":{"Est. reading time":"2 minutes"},"schema":{"@context":"https:\/\/schema.org","@graph":[{"@type":"WebPage","@id":"https:\/\/cirks.lv\/en\/circus\/team\/aleksejs-smolovs\/","url":"https:\/\/cirks.lv\/en\/circus\/team\/aleksejs-smolovs\/","name":"Aleksey Smolov - cirks.lv","isPartOf":{"@id":"https:\/\/cirks.lv\/en\/#website"},"primaryImageOfPage":{"@id":"https:\/\/cirks.lv\/en\/circus\/team\/aleksejs-smolovs\/#primaryimage"},"image":{"@id":"https:\/\/cirks.lv\/en\/circus\/team\/aleksejs-smolovs\/#primaryimage"},"thumbnailUrl":"https:\/\/cirks.lv\/wp-content\/uploads\/2023\/02\/SiraRats.png","datePublished":"2021-09-15T19:26:05+00:00","dateModified":"2022-06-20T09:15:04+00:00","breadcrumb":{"@id":"https:\/\/cirks.lv\/en\/circus\/team\/aleksejs-smolovs\/#breadcrumb"},"inLanguage":"en-US","potentialAction":[{"@type":"ReadAction","target":["https:\/\/cirks.lv\/en\/circus\/team\/aleksejs-smolovs\/"]}]},{"@type":"ImageObject","inLanguage":"en-US","@id":"https:\/\/cirks.lv\/en\/circus\/team\/aleksejs-smolovs\/#primaryimage","url":"https:\/\/cirks.lv\/wp-content\/uploads\/2023\/02\/SiraRats.png","contentUrl":"https:\/\/cirks.lv\/wp-content\/uploads\/2023\/02\/SiraRats.png","width":774,"height":572},{"@type":"BreadcrumbList","@id":"https:\/\/cirks.lv\/en\/circus\/team\/aleksejs-smolovs\/#breadcrumb","itemListElement":[{"@type":"ListItem","position":1,"name":"Home","item":"https:\/\/cirks.lv\/en\/"},{"@type":"ListItem","position":2,"name":"Circus","item":"https:\/\/cirks.lv\/en\/circus\/"},{"@type":"ListItem","position":3,"name":"Team","item":"https:\/\/cirks.lv\/en\/circus\/team\/"},{"@type":"ListItem","position":4,"name":"Aleksey Smolov"}]},{"@type":"WebSite","@id":"https:\/\/cirks.lv\/en\/#website","url":"https:\/\/cirks.lv\/en\/","name":"cirks.lv","description":"Circus, cirks, stage arts","publisher":{"@id":"https:\/\/cirks.lv\/en\/#organization"},"potentialAction":[{"@type":"SearchAction","target":{"@type":"EntryPoint","urlTemplate":"https:\/\/cirks.lv\/en\/?s={search_term_string}"},"query-input":{"@type":"PropertyValueSpecification","valueRequired":true,"valueName":"search_term_string"}}],"inLanguage":"en-US"},{"@type":"Organization","@id":"https:\/\/cirks.lv\/en\/#organization","name":"R\u012bgas Cirks","url":"https:\/\/cirks.lv\/en\/","logo":{"@type":"ImageObject","inLanguage":"en-US","@id":"https:\/\/cirks.lv\/en\/#\/schema\/logo\/image\/","url":"https:\/\/cirks.lv\/wp-content\/uploads\/2021\/08\/RC-logo-2018.jpg","contentUrl":"https:\/\/cirks.lv\/wp-content\/uploads\/2021\/08\/RC-logo-2018.jpg","width":1753,"height":1240,"caption":"R\u012bgas Cirks"},"image":{"@id":"https:\/\/cirks.lv\/en\/#\/schema\/logo\/image\/"},"sameAs":["https:\/\/x.com\/VISA_RigasCirks","https:\/\/www.instagram.com\/VSIA_RigasCirks\/"]}]}},"_links":{"self":[{"href":"https:\/\/cirks.lv\/en\/wp-json\/wp\/v2\/pages\/6867","targetHints":{"allow":["GET"]}}],"collection":[{"href":"https:\/\/cirks.lv\/en\/wp-json\/wp\/v2\/pages"}],"about":[{"href":"https:\/\/cirks.lv\/en\/wp-json\/wp\/v2\/types\/page"}],"author":[{"embeddable":true,"href":"https:\/\/cirks.lv\/en\/wp-json\/wp\/v2\/users\/4"}],"replies":[{"embeddable":true,"href":"https:\/\/cirks.lv\/en\/wp-json\/wp\/v2\/comments?post=6867"}],"version-history":[{"count":4,"href":"https:\/\/cirks.lv\/en\/wp-json\/wp\/v2\/pages\/6867\/revisions"}],"predecessor-version":[{"id":16634,"href":"https:\/\/cirks.lv\/en\/wp-json\/wp\/v2\/pages\/6867\/revisions\/16634"}],"up":[{"embeddable":true,"href":"https:\/\/cirks.lv\/en\/wp-json\/wp\/v2\/pages\/5086"}],"wp:featuredmedia":[{"embeddable":true,"href":"https:\/\/cirks.lv\/en\/wp-json\/wp\/v2\/media\/20915"}],"wp:attachment":[{"href":"https:\/\/cirks.lv\/en\/wp-json\/wp\/v2\/media?parent=6867"}],"curies":[{"name":"wp","href":"https:\/\/api.w.org\/{rel}","templated":true}]}}