{"id":6858,"date":"2021-09-15T22:12:17","date_gmt":"2021-09-15T19:12:17","guid":{"rendered":"https:\/\/cirks.lv\/circus\/team\/dmitrijs-pudovs\/"},"modified":"2023-02-16T14:46:14","modified_gmt":"2023-02-16T12:46:14","slug":"dmitrijs-pudovs","status":"publish","type":"page","link":"https:\/\/cirks.lv\/en\/circus\/team\/dmitrijs-pudovs\/","title":{"rendered":"DMITRIJS PUDOVS"},"content":{"rendered":"<h2>Juggler, fire juggler and martial arts instructor<\/h2>\n<p>Dmitrijs can easily tame not only fire. Since 1997, he has been practicing Oriental martial arts. He has Category C (Jiu-Jitsu) qualification and has worked as an instructor for 16 years. Between 2007 and 2010, Dmitrijs mastered his skills in the circus studio <em>Arlek\u012bns<\/em> under the guidance of Mihails Basmanovs.<\/p>\n<p>Dmitrijs has no stage fright as for more than 10 years he has been performing as a fire artist and juggler in various events in Latvia and abroad. In 2006, Dmitrijs founded an association of jugglers and fire artists called <em>Fire Spirit<\/em>.<\/p>\n<p>In the Riga Circus School, Dmitrijs will teach the basics of juggling and balancing disciplines e.g. a balance board, walking on stilts and riding a unicycle. By the way, moving around on his unicycle is part of Dmitrijs\u2019 daily routine. Perhaps you will be able to join him soon.<\/p>\n<div class=\"video-wysiwyg\"><iframe loading=\"lazy\" title=\"99 iemesli iem\u012bl\u0113t cirku. #1 Dmitrijs Pudovs: daudzveid\u012bba\" width=\"500\" height=\"375\" src=\"https:\/\/www.youtube.com\/embed\/6VwInzBCzV0?feature=oembed\" frameborder=\"0\" allow=\"accelerometer; autoplay; clipboard-write; encrypted-media; gyroscope; picture-in-picture; web-share\" referrerpolicy=\"strict-origin-when-cross-origin\" allowfullscreen><\/iframe><\/div>\n<p>&nbsp;<\/p>\n","protected":false},"excerpt":{"rendered":"<p>Juggler, fire juggler and martial arts instructor Dmitrijs can easily tame not only fire. Since 1997, he has been practicing Oriental martial arts. He has Category C (Jiu-Jitsu) qualification and has worked as an instructor for 16 years. Between 2007 and 2010, Dmitrijs mastered his skills in the circus studio Arlek\u012bns under the guidance of&#8230;<\/p>\n","protected":false},"author":4,"featured_media":6355,"parent":5086,"menu_order":29,"comment_status":"closed","ping_status":"closed","template":"","meta":{"_acf_changed":false,"footnotes":""},"class_list":["post-6858","page","type-page","status-publish","has-post-thumbnail","hentry"],"acf":[],"yoast_head":"<!-- This site is optimized with the Yoast SEO plugin v27.3 - https:\/\/yoast.com\/product\/yoast-seo-wordpress\/ -->\n<title>DMITRIJS PUDOVS - cirks.lv<\/title>\n<meta name=\"robots\" content=\"index, follow, max-snippet:-1, max-image-preview:large, max-video-preview:-1\" \/>\n<link rel=\"canonical\" href=\"https:\/\/cirks.lv\/en\/circus\/team\/dmitrijs-pudovs\/\" \/>\n<meta property=\"og:locale\" content=\"en_US\" \/>\n<meta property=\"og:type\" content=\"article\" \/>\n<meta property=\"og:title\" content=\"DMITRIJS PUDOVS - cirks.lv\" \/>\n<meta property=\"og:description\" content=\"Juggler, fire juggler and martial arts instructor Dmitrijs can easily tame not only fire. Since 1997, he has been practicing Oriental martial arts. He has Category C (Jiu-Jitsu) qualification and has worked as an instructor for 16 years. Between 2007 and 2010, Dmitrijs mastered his skills in the circus studio Arlek\u012bns under the guidance of...\" \/>\n<meta property=\"og:url\" content=\"https:\/\/cirks.lv\/en\/circus\/team\/dmitrijs-pudovs\/\" \/>\n<meta property=\"og:site_name\" content=\"cirks.lv\" \/>\n<meta property=\"article:modified_time\" content=\"2023-02-16T12:46:14+00:00\" \/>\n<meta property=\"og:image\" content=\"https:\/\/cirks.lv\/wp-content\/uploads\/2020\/08\/Dmitrijs_1.jpg\" \/>\n\t<meta property=\"og:image:width\" content=\"1920\" \/>\n\t<meta property=\"og:image:height\" content=\"1280\" \/>\n\t<meta property=\"og:image:type\" content=\"image\/jpeg\" \/>\n<meta name=\"twitter:card\" content=\"summary_large_image\" \/>\n<meta name=\"twitter:site\" content=\"@VISA_RigasCirks\" \/>\n<meta name=\"twitter:label1\" content=\"Est. reading time\" \/>\n\t<meta name=\"twitter:data1\" content=\"1 minute\" \/>\n<script type=\"application\/ld+json\" class=\"yoast-schema-graph\">{\"@context\":\"https:\\\/\\\/schema.org\",\"@graph\":[{\"@type\":\"WebPage\",\"@id\":\"https:\\\/\\\/cirks.lv\\\/en\\\/circus\\\/team\\\/dmitrijs-pudovs\\\/\",\"url\":\"https:\\\/\\\/cirks.lv\\\/en\\\/circus\\\/team\\\/dmitrijs-pudovs\\\/\",\"name\":\"DMITRIJS PUDOVS - cirks.lv\",\"isPartOf\":{\"@id\":\"https:\\\/\\\/cirks.lv\\\/en\\\/#website\"},\"primaryImageOfPage\":{\"@id\":\"https:\\\/\\\/cirks.lv\\\/en\\\/circus\\\/team\\\/dmitrijs-pudovs\\\/#primaryimage\"},\"image\":{\"@id\":\"https:\\\/\\\/cirks.lv\\\/en\\\/circus\\\/team\\\/dmitrijs-pudovs\\\/#primaryimage\"},\"thumbnailUrl\":\"https:\\\/\\\/cirks.lv\\\/wp-content\\\/uploads\\\/2020\\\/08\\\/Dmitrijs_1.jpg\",\"datePublished\":\"2021-09-15T19:12:17+00:00\",\"dateModified\":\"2023-02-16T12:46:14+00:00\",\"breadcrumb\":{\"@id\":\"https:\\\/\\\/cirks.lv\\\/en\\\/circus\\\/team\\\/dmitrijs-pudovs\\\/#breadcrumb\"},\"inLanguage\":\"en-US\",\"potentialAction\":[{\"@type\":\"ReadAction\",\"target\":[\"https:\\\/\\\/cirks.lv\\\/en\\\/circus\\\/team\\\/dmitrijs-pudovs\\\/\"]}]},{\"@type\":\"ImageObject\",\"inLanguage\":\"en-US\",\"@id\":\"https:\\\/\\\/cirks.lv\\\/en\\\/circus\\\/team\\\/dmitrijs-pudovs\\\/#primaryimage\",\"url\":\"https:\\\/\\\/cirks.lv\\\/wp-content\\\/uploads\\\/2020\\\/08\\\/Dmitrijs_1.jpg\",\"contentUrl\":\"https:\\\/\\\/cirks.lv\\\/wp-content\\\/uploads\\\/2020\\\/08\\\/Dmitrijs_1.jpg\",\"width\":1920,\"height\":1280},{\"@type\":\"BreadcrumbList\",\"@id\":\"https:\\\/\\\/cirks.lv\\\/en\\\/circus\\\/team\\\/dmitrijs-pudovs\\\/#breadcrumb\",\"itemListElement\":[{\"@type\":\"ListItem\",\"position\":1,\"name\":\"Home\",\"item\":\"https:\\\/\\\/cirks.lv\\\/en\\\/\"},{\"@type\":\"ListItem\",\"position\":2,\"name\":\"Circus\",\"item\":\"https:\\\/\\\/cirks.lv\\\/en\\\/circus\\\/\"},{\"@type\":\"ListItem\",\"position\":3,\"name\":\"Team\",\"item\":\"https:\\\/\\\/cirks.lv\\\/en\\\/circus\\\/team\\\/\"},{\"@type\":\"ListItem\",\"position\":4,\"name\":\"DMITRIJS PUDOVS\"}]},{\"@type\":\"WebSite\",\"@id\":\"https:\\\/\\\/cirks.lv\\\/en\\\/#website\",\"url\":\"https:\\\/\\\/cirks.lv\\\/en\\\/\",\"name\":\"cirks.lv\",\"description\":\"Circus, cirks, stage arts\",\"publisher\":{\"@id\":\"https:\\\/\\\/cirks.lv\\\/en\\\/#organization\"},\"potentialAction\":[{\"@type\":\"SearchAction\",\"target\":{\"@type\":\"EntryPoint\",\"urlTemplate\":\"https:\\\/\\\/cirks.lv\\\/en\\\/?s={search_term_string}\"},\"query-input\":{\"@type\":\"PropertyValueSpecification\",\"valueRequired\":true,\"valueName\":\"search_term_string\"}}],\"inLanguage\":\"en-US\"},{\"@type\":\"Organization\",\"@id\":\"https:\\\/\\\/cirks.lv\\\/en\\\/#organization\",\"name\":\"R\u012bgas Cirks\",\"url\":\"https:\\\/\\\/cirks.lv\\\/en\\\/\",\"logo\":{\"@type\":\"ImageObject\",\"inLanguage\":\"en-US\",\"@id\":\"https:\\\/\\\/cirks.lv\\\/en\\\/#\\\/schema\\\/logo\\\/image\\\/\",\"url\":\"https:\\\/\\\/cirks.lv\\\/wp-content\\\/uploads\\\/2021\\\/08\\\/RC-logo-2018.jpg\",\"contentUrl\":\"https:\\\/\\\/cirks.lv\\\/wp-content\\\/uploads\\\/2021\\\/08\\\/RC-logo-2018.jpg\",\"width\":1753,\"height\":1240,\"caption\":\"R\u012bgas Cirks\"},\"image\":{\"@id\":\"https:\\\/\\\/cirks.lv\\\/en\\\/#\\\/schema\\\/logo\\\/image\\\/\"},\"sameAs\":[\"https:\\\/\\\/x.com\\\/VISA_RigasCirks\",\"https:\\\/\\\/www.instagram.com\\\/VSIA_RigasCirks\\\/\"]}]}<\/script>\n<!-- \/ Yoast SEO plugin. -->","yoast_head_json":{"title":"DMITRIJS PUDOVS - cirks.lv","robots":{"index":"index","follow":"follow","max-snippet":"max-snippet:-1","max-image-preview":"max-image-preview:large","max-video-preview":"max-video-preview:-1"},"canonical":"https:\/\/cirks.lv\/en\/circus\/team\/dmitrijs-pudovs\/","og_locale":"en_US","og_type":"article","og_title":"DMITRIJS PUDOVS - cirks.lv","og_description":"Juggler, fire juggler and martial arts instructor Dmitrijs can easily tame not only fire. Since 1997, he has been practicing Oriental martial arts. He has Category C (Jiu-Jitsu) qualification and has worked as an instructor for 16 years. Between 2007 and 2010, Dmitrijs mastered his skills in the circus studio Arlek\u012bns under the guidance of...","og_url":"https:\/\/cirks.lv\/en\/circus\/team\/dmitrijs-pudovs\/","og_site_name":"cirks.lv","article_modified_time":"2023-02-16T12:46:14+00:00","og_image":[{"width":1920,"height":1280,"url":"https:\/\/cirks.lv\/wp-content\/uploads\/2020\/08\/Dmitrijs_1.jpg","type":"image\/jpeg"}],"twitter_card":"summary_large_image","twitter_site":"@VISA_RigasCirks","twitter_misc":{"Est. reading time":"1 minute"},"schema":{"@context":"https:\/\/schema.org","@graph":[{"@type":"WebPage","@id":"https:\/\/cirks.lv\/en\/circus\/team\/dmitrijs-pudovs\/","url":"https:\/\/cirks.lv\/en\/circus\/team\/dmitrijs-pudovs\/","name":"DMITRIJS PUDOVS - cirks.lv","isPartOf":{"@id":"https:\/\/cirks.lv\/en\/#website"},"primaryImageOfPage":{"@id":"https:\/\/cirks.lv\/en\/circus\/team\/dmitrijs-pudovs\/#primaryimage"},"image":{"@id":"https:\/\/cirks.lv\/en\/circus\/team\/dmitrijs-pudovs\/#primaryimage"},"thumbnailUrl":"https:\/\/cirks.lv\/wp-content\/uploads\/2020\/08\/Dmitrijs_1.jpg","datePublished":"2021-09-15T19:12:17+00:00","dateModified":"2023-02-16T12:46:14+00:00","breadcrumb":{"@id":"https:\/\/cirks.lv\/en\/circus\/team\/dmitrijs-pudovs\/#breadcrumb"},"inLanguage":"en-US","potentialAction":[{"@type":"ReadAction","target":["https:\/\/cirks.lv\/en\/circus\/team\/dmitrijs-pudovs\/"]}]},{"@type":"ImageObject","inLanguage":"en-US","@id":"https:\/\/cirks.lv\/en\/circus\/team\/dmitrijs-pudovs\/#primaryimage","url":"https:\/\/cirks.lv\/wp-content\/uploads\/2020\/08\/Dmitrijs_1.jpg","contentUrl":"https:\/\/cirks.lv\/wp-content\/uploads\/2020\/08\/Dmitrijs_1.jpg","width":1920,"height":1280},{"@type":"BreadcrumbList","@id":"https:\/\/cirks.lv\/en\/circus\/team\/dmitrijs-pudovs\/#breadcrumb","itemListElement":[{"@type":"ListItem","position":1,"name":"Home","item":"https:\/\/cirks.lv\/en\/"},{"@type":"ListItem","position":2,"name":"Circus","item":"https:\/\/cirks.lv\/en\/circus\/"},{"@type":"ListItem","position":3,"name":"Team","item":"https:\/\/cirks.lv\/en\/circus\/team\/"},{"@type":"ListItem","position":4,"name":"DMITRIJS PUDOVS"}]},{"@type":"WebSite","@id":"https:\/\/cirks.lv\/en\/#website","url":"https:\/\/cirks.lv\/en\/","name":"cirks.lv","description":"Circus, cirks, stage arts","publisher":{"@id":"https:\/\/cirks.lv\/en\/#organization"},"potentialAction":[{"@type":"SearchAction","target":{"@type":"EntryPoint","urlTemplate":"https:\/\/cirks.lv\/en\/?s={search_term_string}"},"query-input":{"@type":"PropertyValueSpecification","valueRequired":true,"valueName":"search_term_string"}}],"inLanguage":"en-US"},{"@type":"Organization","@id":"https:\/\/cirks.lv\/en\/#organization","name":"R\u012bgas Cirks","url":"https:\/\/cirks.lv\/en\/","logo":{"@type":"ImageObject","inLanguage":"en-US","@id":"https:\/\/cirks.lv\/en\/#\/schema\/logo\/image\/","url":"https:\/\/cirks.lv\/wp-content\/uploads\/2021\/08\/RC-logo-2018.jpg","contentUrl":"https:\/\/cirks.lv\/wp-content\/uploads\/2021\/08\/RC-logo-2018.jpg","width":1753,"height":1240,"caption":"R\u012bgas Cirks"},"image":{"@id":"https:\/\/cirks.lv\/en\/#\/schema\/logo\/image\/"},"sameAs":["https:\/\/x.com\/VISA_RigasCirks","https:\/\/www.instagram.com\/VSIA_RigasCirks\/"]}]}},"_links":{"self":[{"href":"https:\/\/cirks.lv\/en\/wp-json\/wp\/v2\/pages\/6858","targetHints":{"allow":["GET"]}}],"collection":[{"href":"https:\/\/cirks.lv\/en\/wp-json\/wp\/v2\/pages"}],"about":[{"href":"https:\/\/cirks.lv\/en\/wp-json\/wp\/v2\/types\/page"}],"author":[{"embeddable":true,"href":"https:\/\/cirks.lv\/en\/wp-json\/wp\/v2\/users\/4"}],"replies":[{"embeddable":true,"href":"https:\/\/cirks.lv\/en\/wp-json\/wp\/v2\/comments?post=6858"}],"version-history":[{"count":4,"href":"https:\/\/cirks.lv\/en\/wp-json\/wp\/v2\/pages\/6858\/revisions"}],"predecessor-version":[{"id":20693,"href":"https:\/\/cirks.lv\/en\/wp-json\/wp\/v2\/pages\/6858\/revisions\/20693"}],"up":[{"embeddable":true,"href":"https:\/\/cirks.lv\/en\/wp-json\/wp\/v2\/pages\/5086"}],"wp:featuredmedia":[{"embeddable":true,"href":"https:\/\/cirks.lv\/en\/wp-json\/wp\/v2\/media\/6355"}],"wp:attachment":[{"href":"https:\/\/cirks.lv\/en\/wp-json\/wp\/v2\/media?parent=6858"}],"curies":[{"name":"wp","href":"https:\/\/api.w.org\/{rel}","templated":true}]}}