{"id":6749,"date":"2021-08-19T11:34:09","date_gmt":"2021-08-19T08:34:09","guid":{"rendered":"https:\/\/cirks.lv\/cirka-stasti\/"},"modified":"2021-09-16T20:52:03","modified_gmt":"2021-09-16T17:52:03","slug":"circus-stories","status":"publish","type":"page","link":"https:\/\/cirks.lv\/en\/circus\/history\/circus-stories\/","title":{"rendered":"Circus stories"},"content":{"rendered":"<h5><strong>The aim of the project STORIES OF THE RIGA CIRCUS is to acknowledge those people who are part of the recent history of the Riga Circus. This page presents audio narratives and pictures taken during the project. Over time new stories will be added to this collection.<\/strong><\/h5>\n<\/div><\/div><\/div><div class='default-container-padding'><div class='element-wrapper-4'>        <a href=\"https:\/\/cirks.lv\/en\/circus-stories\/aivars-meistars\/\" class=\"single-element single-circus-story text-decoration-none\">\n            <div class=\"images-wrapper \">\n                <img decoding=\"async\" src=\"https:\/\/cirks.lv\/wp-content\/uploads\/2019\/03\/032_Aivars_Meistars_50-768x623.jpg\" alt=\"\">\n            <\/div>\n            <div class=\"element-content\">\n                <h3>Aivars Meistars<\/h3>\n            <\/div>\n        <\/a>\n                <a href=\"https:\/\/cirks.lv\/en\/circus-stories\/alina-kesane\/\" class=\"single-element single-circus-story text-decoration-none\">\n            <div class=\"images-wrapper \">\n                <img decoding=\"async\" src=\"https:\/\/cirks.lv\/wp-content\/uploads\/2019\/06\/01_alina_kesana_50-768x612.jpg\" alt=\"\">\n            <\/div>\n            <div class=\"element-content\">\n                <h3>Al\u012bna Ke\u0161\u0101ne<\/h3>\n            <\/div>\n        <\/a>\n                <a href=\"https:\/\/cirks.lv\/en\/circus-stories\/anna-armand\/\" class=\"single-element single-circus-story text-decoration-none\">\n            <div class=\"images-wrapper \">\n                <img decoding=\"async\" src=\"https:\/\/cirks.lv\/wp-content\/uploads\/2021\/08\/1495008973-768x510.jpg\" alt=\"\">\n            <\/div>\n            <div class=\"element-content\">\n                <h3>Anna Armand<\/h3>\n            <\/div>\n        <\/a>\n                <a href=\"https:\/\/cirks.lv\/en\/circus-stories\/baiba-reinika\/\" class=\"single-element single-circus-story text-decoration-none\">\n            <div class=\"images-wrapper \">\n                <img decoding=\"async\" src=\"https:\/\/cirks.lv\/wp-content\/uploads\/2019\/06\/020_Baiba_Reinika_50-768x622.jpg\" alt=\"\">\n            <\/div>\n            <div class=\"element-content\">\n                <h3>Baiba Reinika<\/h3>\n            <\/div>\n        <\/a>\n                <a href=\"https:\/\/cirks.lv\/en\/circus-stories\/dace-pecolli\/\" class=\"single-element single-circus-story text-decoration-none\">\n            <div class=\"images-wrapper \">\n                <img decoding=\"async\" src=\"https:\/\/cirks.lv\/wp-content\/uploads\/2019\/06\/002_Dace_Pecolii_50-768x618.jpg\" alt=\"\">\n            <\/div>\n            <div class=\"element-content\">\n                <h3>Dace Pecolli<\/h3>\n            <\/div>\n        <\/a>\n                <a href=\"https:\/\/cirks.lv\/en\/circus-stories\/darjus-scesnulevics\/\" class=\"single-element single-circus-story text-decoration-none\">\n            <div class=\"images-wrapper \">\n                <img decoding=\"async\" src=\"https:\/\/cirks.lv\/wp-content\/uploads\/2021\/08\/1495008973-768x510.jpg\" alt=\"\">\n            <\/div>\n            <div class=\"element-content\">\n                <h3>Darius \u0160\u010desnulevi\u010dius<\/h3>\n            <\/div>\n        <\/a>\n                <a href=\"https:\/\/cirks.lv\/en\/circus-stories\/dzintra-zilde\/\" class=\"single-element single-circus-story text-decoration-none\">\n            <div class=\"images-wrapper \">\n                <img decoding=\"async\" src=\"https:\/\/cirks.lv\/wp-content\/uploads\/2019\/04\/dzintra_1_epnere_50-768x604.jpg\" alt=\"\">\n            <\/div>\n            <div class=\"element-content\">\n                <h3>Dzintra \u017dilde<\/h3>\n            <\/div>\n        <\/a>\n                <a href=\"https:\/\/cirks.lv\/en\/circus-stories\/georgijs-sokolovskis\/\" class=\"single-element single-circus-story text-decoration-none\">\n            <div class=\"images-wrapper \">\n                <img decoding=\"async\" src=\"https:\/\/cirks.lv\/wp-content\/uploads\/2019\/06\/017_Georgijs_Sokolovskis_50-1-768x388.jpg\" alt=\"\">\n            <\/div>\n            <div class=\"element-content\">\n                <h3>Georgijs Sokolovskis<\/h3>\n            <\/div>\n        <\/a>\n                <a href=\"https:\/\/cirks.lv\/en\/circus-stories\/gunta-virkava\/\" class=\"single-element single-circus-story text-decoration-none\">\n            <div class=\"images-wrapper \">\n                <img decoding=\"async\" src=\"https:\/\/cirks.lv\/wp-content\/uploads\/2019\/04\/gunta_2_epnere-768x768.jpg\" alt=\"\">\n            <\/div>\n            <div class=\"element-content\">\n                <h3>Gunta Virkava<\/h3>\n            <\/div>\n        <\/a>\n                <a href=\"https:\/\/cirks.lv\/en\/circus-stories\/iveta-girtakovska\/\" class=\"single-element single-circus-story text-decoration-none\">\n            <div class=\"images-wrapper \">\n                <img decoding=\"async\" src=\"https:\/\/cirks.lv\/wp-content\/uploads\/2019\/04\/iveta_1_epnere_50-768x659.jpg\" alt=\"\">\n            <\/div>\n            <div class=\"element-content\">\n                <h3>Iveta Girtakovska<\/h3>\n            <\/div>\n        <\/a>\n                <a href=\"https:\/\/cirks.lv\/en\/circus-stories\/marija-lase\/\" class=\"single-element single-circus-story text-decoration-none\">\n            <div class=\"images-wrapper \">\n                <img decoding=\"async\" src=\"https:\/\/cirks.lv\/wp-content\/uploads\/2019\/06\/009_Marija_Lase_50-768x622.jpg\" alt=\"\">\n            <\/div>\n            <div class=\"element-content\">\n                <h3>Marija Lase<\/h3>\n            <\/div>\n        <\/a>\n                <a href=\"https:\/\/cirks.lv\/en\/circus-stories\/marite-milne\/\" class=\"single-element single-circus-story text-decoration-none\">\n            <div class=\"images-wrapper \">\n                <img decoding=\"async\" src=\"https:\/\/cirks.lv\/wp-content\/uploads\/2021\/08\/1495008973-768x510.jpg\" alt=\"\">\n            <\/div>\n            <div class=\"element-content\">\n                <h3>M\u0101r\u012bte Milne<\/h3>\n            <\/div>\n        <\/a>\n                <a href=\"https:\/\/cirks.lv\/en\/circus-stories\/raitis-asmanis\/\" class=\"single-element single-circus-story text-decoration-none\">\n            <div class=\"images-wrapper \">\n                <img decoding=\"async\" src=\"https:\/\/cirks.lv\/wp-content\/uploads\/2019\/06\/raitis_2_epnere_50-768x615.jpg\" alt=\"\">\n            <\/div>\n            <div class=\"element-content\">\n                <h3>Raitis A\u0161manis<\/h3>\n            <\/div>\n        <\/a>\n                <a href=\"https:\/\/cirks.lv\/en\/circus-stories\/ramona-sniega\/\" class=\"single-element single-circus-story text-decoration-none\">\n            <div class=\"images-wrapper \">\n                <img decoding=\"async\" src=\"https:\/\/cirks.lv\/wp-content\/uploads\/2019\/06\/007_Ramona_Sniega_50-768x618.jpg\" alt=\"\">\n            <\/div>\n            <div class=\"element-content\">\n                <h3>Ramona Sniega<\/h3>\n            <\/div>\n        <\/a>\n                <a href=\"https:\/\/cirks.lv\/en\/circus-stories\/valerijs-komisarenko\/\" class=\"single-element single-circus-story text-decoration-none\">\n            <div class=\"images-wrapper \">\n                <img decoding=\"async\" src=\"https:\/\/cirks.lv\/wp-content\/uploads\/2019\/05\/00_Valerijs_Komisarenko_50-768x621.jpg\" alt=\"\">\n            <\/div>\n            <div class=\"element-content\">\n                <h3>Val\u0113rijs Komisarenko<\/h3>\n            <\/div>\n        <\/a>\n                <a href=\"https:\/\/cirks.lv\/en\/circus-stories\/vija-veita\/\" class=\"single-element single-circus-story text-decoration-none\">\n            <div class=\"images-wrapper \">\n                <img decoding=\"async\" src=\"https:\/\/cirks.lv\/wp-content\/uploads\/2019\/04\/vija_2_epnere-768x618.jpg\" alt=\"\">\n            <\/div>\n            <div class=\"element-content\">\n                <h3>Vija Veita<\/h3>\n            <\/div>\n        <\/a>\n                <a href=\"https:\/\/cirks.lv\/en\/circus-stories\/vilnis-nerets\/\" class=\"single-element single-circus-story text-decoration-none\">\n            <div class=\"images-wrapper \">\n                <img decoding=\"async\" src=\"https:\/\/cirks.lv\/wp-content\/uploads\/2019\/05\/Vilnis_1_epnere_50-768x622.jpg\" alt=\"\">\n            <\/div>\n            <div class=\"element-content\">\n                <h3>Vilnis Nerets<\/h3>\n            <\/div>\n        <\/a>\n                <a href=\"https:\/\/cirks.lv\/en\/circus-stories\/gabriels-gots\/\" class=\"single-element single-circus-story text-decoration-none\">\n            <div class=\"images-wrapper \">\n                <img decoding=\"async\" src=\"https:\/\/cirks.lv\/wp-content\/uploads\/2019\/11\/Gabriels-000001-768x602.jpg\" alt=\"\">\n            <\/div>\n            <div class=\"element-content\">\n                <h3>Gabriel Got<\/h3>\n            <\/div>\n        <\/a>\n                <a href=\"https:\/\/cirks.lv\/en\/circus-stories\/darja-golobokih\/\" class=\"single-element single-circus-story text-decoration-none\">\n            <div class=\"images-wrapper \">\n                <img decoding=\"async\" src=\"https:\/\/cirks.lv\/wp-content\/uploads\/2019\/11\/cirka-stasti-LV100-768x274.jpg\" alt=\"\">\n            <\/div>\n            <div class=\"element-content\">\n                <h3>Darja Golobokih<\/h3>\n            <\/div>\n        <\/a>\n                <a href=\"https:\/\/cirks.lv\/en\/circus-stories\/lauris-cepuritis\/\" class=\"single-element single-circus-story text-decoration-none\">\n            <div class=\"images-wrapper \">\n                <img decoding=\"async\" src=\"https:\/\/cirks.lv\/wp-content\/uploads\/2019\/11\/Lauris-Cepuritis_003pz-768x619.jpg\" alt=\"\">\n            <\/div>\n            <div class=\"element-content\">\n                <h3>Lauris Cepur\u012btis<\/h3>\n            <\/div>\n        <\/a>\n        <\/div><\/div><div class='position-relative content-wrapper default default-page-min-height inner-page-wrapper d-flex'><div class='page-content d-flex flex-column empty-left-side'><div class='wysiwyg-style'>\n<h3>MORE ABOUT THE PROJECT<\/h3>\n<h5><strong>Inventory, analysis and evaluation of the documents and materials available in the archives of the Riga Circus led to the idea of \u200b\u200bthis project. As the Riga Circus is currently undergoing considerable change leading towards a new model of operation, it is the right time to explore and evaluate the existing heritage and establish contemporary cultural values \u200b\u200bbased on it. So far the extended activities of the Riga Circus have not been summarized in a single resource, therefore a new study on this discipline of art, accompanied by copious audio and visual materials that can be accessible to the general public, will greatly contribute to the research and documentation of the history of Latvian performing arts.<\/strong><\/h5>\n<p>This project of Latvia\u2019s Centenary will consist of three stages:<\/p>\n<ul>\n<li>Inventory of the collection of historic materials of the Riga Circus and documentation of audio narratives \u2013 December 2018.<\/li>\n<li>Creation of the digital exposition \u2013 until December 2019.<\/li>\n<li>Establishment of an interactive exhibition on the history of the Riga Circus is<br \/>\nplanned in the future.<\/li>\n<\/ul>\n<p>An episode devoted to the project on the Latvian Radio is available <a href=\"https:\/\/lr1.lsm.lv\/lv\/raksts\/kultura\/rigas-cirks-dokumente-bijuso-makslinieku-vetarstu-un-uniformistu.a115365\/\">HERE<\/a>.<\/p>\n<p>The project is implemented by:<br \/>\nThe project Stories of the Riga Circus is created by the Riga Circus. The documentation of recorded narratives began in partnership with the Scientific Research Centre of the Latvian Academy of Culture under the guidance of Agnese Treimane, a research assistant at the Scientific Research Centre of the LAC and students, namely, Marita San\u017earevska, students of Sociology and Management of Culture Elv\u012bra Avota and Ren\u0101te Saul\u012bte, and Bachelor of Arts Lauma Vitola. The interviews were edited by M\u0101ra Rozenberga, a senior correspondent at the Latvian Radio, and a sound engineer Ren\u0101rs \u0160teimanis.<\/p>\n<p>Photos by: Ieva Epnere<\/p>\n<p>Funded by: <a href=\"http:\/\/www.kkf.lv\/\">The State Culture Capital Foundation<\/a><\/p>\n","protected":false},"excerpt":{"rendered":"<p>The aim of the project STORIES OF THE RIGA CIRCUS is to acknowledge those people who are part of the recent history of the Riga Circus. This page presents audio narratives and pictures taken during the project. Over time new stories will be added to this collection. MORE ABOUT THE PROJECT Inventory, analysis and evaluation&#8230;<\/p>\n","protected":false},"author":1,"featured_media":13104,"parent":6753,"menu_order":5,"comment_status":"closed","ping_status":"closed","template":"circus-story.php","meta":{"_acf_changed":false,"footnotes":""},"class_list":["post-6749","page","type-page","status-publish","has-post-thumbnail","hentry"],"acf":[],"yoast_head":"<!-- This site is optimized with the Yoast SEO plugin v26.2 - https:\/\/yoast.com\/wordpress\/plugins\/seo\/ -->\n<title>Circus stories - cirks.lv<\/title>\n<meta name=\"robots\" content=\"index, follow, max-snippet:-1, max-image-preview:large, max-video-preview:-1\" \/>\n<link rel=\"canonical\" href=\"https:\/\/cirks.lv\/en\/circus\/history\/circus-stories\/\" \/>\n<meta property=\"og:locale\" content=\"en_US\" \/>\n<meta property=\"og:type\" content=\"article\" \/>\n<meta property=\"og:title\" content=\"Circus stories - cirks.lv\" \/>\n<meta property=\"og:description\" content=\"The aim of the project STORIES OF THE RIGA CIRCUS is to acknowledge those people who are part of the recent history of the Riga Circus. This page presents audio narratives and pictures taken during the project. Over time new stories will be added to this collection. MORE ABOUT THE PROJECT Inventory, analysis and evaluation...\" \/>\n<meta property=\"og:url\" content=\"https:\/\/cirks.lv\/en\/circus\/history\/circus-stories\/\" \/>\n<meta property=\"og:site_name\" content=\"cirks.lv\" \/>\n<meta property=\"article:modified_time\" content=\"2021-09-16T17:52:03+00:00\" \/>\n<meta name=\"twitter:card\" content=\"summary_large_image\" \/>\n<meta name=\"twitter:site\" content=\"@VISA_RigasCirks\" \/>\n<meta name=\"twitter:label1\" content=\"Est. reading time\" \/>\n\t<meta name=\"twitter:data1\" content=\"2 minutes\" \/>\n<script type=\"application\/ld+json\" class=\"yoast-schema-graph\">{\"@context\":\"https:\/\/schema.org\",\"@graph\":[{\"@type\":\"WebPage\",\"@id\":\"https:\/\/cirks.lv\/en\/circus\/history\/circus-stories\/\",\"url\":\"https:\/\/cirks.lv\/en\/circus\/history\/circus-stories\/\",\"name\":\"Circus stories - cirks.lv\",\"isPartOf\":{\"@id\":\"https:\/\/cirks.lv\/en\/#website\"},\"primaryImageOfPage\":{\"@id\":\"https:\/\/cirks.lv\/en\/circus\/history\/circus-stories\/#primaryimage\"},\"image\":{\"@id\":\"https:\/\/cirks.lv\/en\/circus\/history\/circus-stories\/#primaryimage\"},\"thumbnailUrl\":\"https:\/\/cirks.lv\/wp-content\/uploads\/2021\/12\/pikto_cirks-vesture.svg\",\"datePublished\":\"2021-08-19T08:34:09+00:00\",\"dateModified\":\"2021-09-16T17:52:03+00:00\",\"breadcrumb\":{\"@id\":\"https:\/\/cirks.lv\/en\/circus\/history\/circus-stories\/#breadcrumb\"},\"inLanguage\":\"en-US\",\"potentialAction\":[{\"@type\":\"ReadAction\",\"target\":[\"https:\/\/cirks.lv\/en\/circus\/history\/circus-stories\/\"]}]},{\"@type\":\"ImageObject\",\"inLanguage\":\"en-US\",\"@id\":\"https:\/\/cirks.lv\/en\/circus\/history\/circus-stories\/#primaryimage\",\"url\":\"https:\/\/cirks.lv\/wp-content\/uploads\/2021\/12\/pikto_cirks-vesture.svg\",\"contentUrl\":\"https:\/\/cirks.lv\/wp-content\/uploads\/2021\/12\/pikto_cirks-vesture.svg\"},{\"@type\":\"BreadcrumbList\",\"@id\":\"https:\/\/cirks.lv\/en\/circus\/history\/circus-stories\/#breadcrumb\",\"itemListElement\":[{\"@type\":\"ListItem\",\"position\":1,\"name\":\"Home\",\"item\":\"https:\/\/cirks.lv\/en\/\"},{\"@type\":\"ListItem\",\"position\":2,\"name\":\"Circus\",\"item\":\"https:\/\/cirks.lv\/en\/circus\/\"},{\"@type\":\"ListItem\",\"position\":3,\"name\":\"History\",\"item\":\"https:\/\/cirks.lv\/en\/circus\/history\/\"},{\"@type\":\"ListItem\",\"position\":4,\"name\":\"Circus stories\"}]},{\"@type\":\"WebSite\",\"@id\":\"https:\/\/cirks.lv\/en\/#website\",\"url\":\"https:\/\/cirks.lv\/en\/\",\"name\":\"cirks.lv\",\"description\":\"Circus, cirks, stage arts\",\"publisher\":{\"@id\":\"https:\/\/cirks.lv\/en\/#organization\"},\"potentialAction\":[{\"@type\":\"SearchAction\",\"target\":{\"@type\":\"EntryPoint\",\"urlTemplate\":\"https:\/\/cirks.lv\/en\/?s={search_term_string}\"},\"query-input\":{\"@type\":\"PropertyValueSpecification\",\"valueRequired\":true,\"valueName\":\"search_term_string\"}}],\"inLanguage\":\"en-US\"},{\"@type\":\"Organization\",\"@id\":\"https:\/\/cirks.lv\/en\/#organization\",\"name\":\"R\u012bgas Cirks\",\"url\":\"https:\/\/cirks.lv\/en\/\",\"logo\":{\"@type\":\"ImageObject\",\"inLanguage\":\"en-US\",\"@id\":\"https:\/\/cirks.lv\/en\/#\/schema\/logo\/image\/\",\"url\":\"https:\/\/cirks.lv\/wp-content\/uploads\/2021\/08\/RC-logo-2018.jpg\",\"contentUrl\":\"https:\/\/cirks.lv\/wp-content\/uploads\/2021\/08\/RC-logo-2018.jpg\",\"width\":1753,\"height\":1240,\"caption\":\"R\u012bgas Cirks\"},\"image\":{\"@id\":\"https:\/\/cirks.lv\/en\/#\/schema\/logo\/image\/\"},\"sameAs\":[\"https:\/\/x.com\/VISA_RigasCirks\",\"https:\/\/www.instagram.com\/VSIA_RigasCirks\/\"]}]}<\/script>\n<!-- \/ Yoast SEO plugin. -->","yoast_head_json":{"title":"Circus stories - cirks.lv","robots":{"index":"index","follow":"follow","max-snippet":"max-snippet:-1","max-image-preview":"max-image-preview:large","max-video-preview":"max-video-preview:-1"},"canonical":"https:\/\/cirks.lv\/en\/circus\/history\/circus-stories\/","og_locale":"en_US","og_type":"article","og_title":"Circus stories - cirks.lv","og_description":"The aim of the project STORIES OF THE RIGA CIRCUS is to acknowledge those people who are part of the recent history of the Riga Circus. This page presents audio narratives and pictures taken during the project. Over time new stories will be added to this collection. MORE ABOUT THE PROJECT Inventory, analysis and evaluation...","og_url":"https:\/\/cirks.lv\/en\/circus\/history\/circus-stories\/","og_site_name":"cirks.lv","article_modified_time":"2021-09-16T17:52:03+00:00","twitter_card":"summary_large_image","twitter_site":"@VISA_RigasCirks","twitter_misc":{"Est. reading time":"2 minutes"},"schema":{"@context":"https:\/\/schema.org","@graph":[{"@type":"WebPage","@id":"https:\/\/cirks.lv\/en\/circus\/history\/circus-stories\/","url":"https:\/\/cirks.lv\/en\/circus\/history\/circus-stories\/","name":"Circus stories - cirks.lv","isPartOf":{"@id":"https:\/\/cirks.lv\/en\/#website"},"primaryImageOfPage":{"@id":"https:\/\/cirks.lv\/en\/circus\/history\/circus-stories\/#primaryimage"},"image":{"@id":"https:\/\/cirks.lv\/en\/circus\/history\/circus-stories\/#primaryimage"},"thumbnailUrl":"https:\/\/cirks.lv\/wp-content\/uploads\/2021\/12\/pikto_cirks-vesture.svg","datePublished":"2021-08-19T08:34:09+00:00","dateModified":"2021-09-16T17:52:03+00:00","breadcrumb":{"@id":"https:\/\/cirks.lv\/en\/circus\/history\/circus-stories\/#breadcrumb"},"inLanguage":"en-US","potentialAction":[{"@type":"ReadAction","target":["https:\/\/cirks.lv\/en\/circus\/history\/circus-stories\/"]}]},{"@type":"ImageObject","inLanguage":"en-US","@id":"https:\/\/cirks.lv\/en\/circus\/history\/circus-stories\/#primaryimage","url":"https:\/\/cirks.lv\/wp-content\/uploads\/2021\/12\/pikto_cirks-vesture.svg","contentUrl":"https:\/\/cirks.lv\/wp-content\/uploads\/2021\/12\/pikto_cirks-vesture.svg"},{"@type":"BreadcrumbList","@id":"https:\/\/cirks.lv\/en\/circus\/history\/circus-stories\/#breadcrumb","itemListElement":[{"@type":"ListItem","position":1,"name":"Home","item":"https:\/\/cirks.lv\/en\/"},{"@type":"ListItem","position":2,"name":"Circus","item":"https:\/\/cirks.lv\/en\/circus\/"},{"@type":"ListItem","position":3,"name":"History","item":"https:\/\/cirks.lv\/en\/circus\/history\/"},{"@type":"ListItem","position":4,"name":"Circus stories"}]},{"@type":"WebSite","@id":"https:\/\/cirks.lv\/en\/#website","url":"https:\/\/cirks.lv\/en\/","name":"cirks.lv","description":"Circus, cirks, stage arts","publisher":{"@id":"https:\/\/cirks.lv\/en\/#organization"},"potentialAction":[{"@type":"SearchAction","target":{"@type":"EntryPoint","urlTemplate":"https:\/\/cirks.lv\/en\/?s={search_term_string}"},"query-input":{"@type":"PropertyValueSpecification","valueRequired":true,"valueName":"search_term_string"}}],"inLanguage":"en-US"},{"@type":"Organization","@id":"https:\/\/cirks.lv\/en\/#organization","name":"R\u012bgas Cirks","url":"https:\/\/cirks.lv\/en\/","logo":{"@type":"ImageObject","inLanguage":"en-US","@id":"https:\/\/cirks.lv\/en\/#\/schema\/logo\/image\/","url":"https:\/\/cirks.lv\/wp-content\/uploads\/2021\/08\/RC-logo-2018.jpg","contentUrl":"https:\/\/cirks.lv\/wp-content\/uploads\/2021\/08\/RC-logo-2018.jpg","width":1753,"height":1240,"caption":"R\u012bgas Cirks"},"image":{"@id":"https:\/\/cirks.lv\/en\/#\/schema\/logo\/image\/"},"sameAs":["https:\/\/x.com\/VISA_RigasCirks","https:\/\/www.instagram.com\/VSIA_RigasCirks\/"]}]}},"_links":{"self":[{"href":"https:\/\/cirks.lv\/en\/wp-json\/wp\/v2\/pages\/6749","targetHints":{"allow":["GET"]}}],"collection":[{"href":"https:\/\/cirks.lv\/en\/wp-json\/wp\/v2\/pages"}],"about":[{"href":"https:\/\/cirks.lv\/en\/wp-json\/wp\/v2\/types\/page"}],"author":[{"embeddable":true,"href":"https:\/\/cirks.lv\/en\/wp-json\/wp\/v2\/users\/1"}],"replies":[{"embeddable":true,"href":"https:\/\/cirks.lv\/en\/wp-json\/wp\/v2\/comments?post=6749"}],"version-history":[{"count":5,"href":"https:\/\/cirks.lv\/en\/wp-json\/wp\/v2\/pages\/6749\/revisions"}],"predecessor-version":[{"id":6801,"href":"https:\/\/cirks.lv\/en\/wp-json\/wp\/v2\/pages\/6749\/revisions\/6801"}],"up":[{"embeddable":true,"href":"https:\/\/cirks.lv\/en\/wp-json\/wp\/v2\/pages\/6753"}],"wp:featuredmedia":[{"embeddable":true,"href":"https:\/\/cirks.lv\/en\/wp-json\/wp\/v2\/media\/13104"}],"wp:attachment":[{"href":"https:\/\/cirks.lv\/en\/wp-json\/wp\/v2\/media?parent=6749"}],"curies":[{"name":"wp","href":"https:\/\/api.w.org\/{rel}","templated":true}]}}