{"id":6704,"date":"2021-08-07T23:17:21","date_gmt":"2021-08-07T20:17:21","guid":{"rendered":"https:\/\/cirks.lv\/circus-school\/nodarbibas\/"},"modified":"2025-09-04T13:10:25","modified_gmt":"2025-09-04T10:10:25","slug":"workshops","status":"publish","type":"page","link":"https:\/\/cirks.lv\/en\/circus-school\/workshops\/","title":{"rendered":"Classes and workshops"},"content":{"rendered":"<blockquote><p>The Riga Circus School offers regular leisure-time classes for children, teenagers, adults, and families. We believe it\u2019s a great way to spend free time while developing the body, mind, and communication skills.<\/p><\/blockquote>\n<p>The leisure classes are aimed at providing a diverse physical experience of circus art. Alongside learning different circus disciplines, both children and adults develop their creative potential, learn teamwork and communication skills, as well as build self-confidence.<\/p>\n<p>Due to the reconstruction of the Riga Circus building, since September 2020 the Riga Circus School has been located in \u0100genskalns, with classes held at Ze\u013c\u013cu Street 25.<\/p>\n<p><em>Riga Circus has obtained a Riga Municipality license for the extracurricular education program \u201cLearning Circus Arts.\u201d This means that class fees for underage children can be submitted as deductible expenses in the annual tax declaration.<\/em><\/p>\n<p>&nbsp;<\/p>\n<p>&nbsp;<\/p>\n<p><img loading=\"lazy\" decoding=\"async\" class=\" object-contain alignnone wp-image-36213 size-large\" src=\"https:\/\/cirks.lv\/wp-content\/uploads\/2025\/09\/cirka-skolas-grafiki-2-819x1024.jpg\" alt=\"\" width=\"819\" height=\"1024\" srcset=\"https:\/\/cirks.lv\/wp-content\/uploads\/2025\/09\/cirka-skolas-grafiki-2-819x1024.jpg 819w, https:\/\/cirks.lv\/wp-content\/uploads\/2025\/09\/cirka-skolas-grafiki-2-240x300.jpg 240w, https:\/\/cirks.lv\/wp-content\/uploads\/2025\/09\/cirka-skolas-grafiki-2-768x960.jpg 768w, https:\/\/cirks.lv\/wp-content\/uploads\/2025\/09\/cirka-skolas-grafiki-2-800x1000.jpg 800w, https:\/\/cirks.lv\/wp-content\/uploads\/2025\/09\/cirka-skolas-grafiki-2.jpg 1080w\" sizes=\"auto, (max-width: 819px) 100vw, 819px\" \/><\/p>\n<p><img loading=\"lazy\" decoding=\"async\" class=\" object-contain alignnone wp-image-36217 size-large\" src=\"https:\/\/cirks.lv\/wp-content\/uploads\/2025\/09\/cirka-skolas-grafiki-1-1-819x1024.jpg\" alt=\"\" width=\"819\" height=\"1024\" srcset=\"https:\/\/cirks.lv\/wp-content\/uploads\/2025\/09\/cirka-skolas-grafiki-1-1-819x1024.jpg 819w, https:\/\/cirks.lv\/wp-content\/uploads\/2025\/09\/cirka-skolas-grafiki-1-1-240x300.jpg 240w, https:\/\/cirks.lv\/wp-content\/uploads\/2025\/09\/cirka-skolas-grafiki-1-1-768x960.jpg 768w, https:\/\/cirks.lv\/wp-content\/uploads\/2025\/09\/cirka-skolas-grafiki-1-1-800x1000.jpg 800w, https:\/\/cirks.lv\/wp-content\/uploads\/2025\/09\/cirka-skolas-grafiki-1-1.jpg 1080w\" sizes=\"auto, (max-width: 819px) 100vw, 819px\" \/><\/p>\n","protected":false},"excerpt":{"rendered":"<p>The Riga Circus School offers regular leisure-time classes for children, teenagers, adults, and families. We believe it\u2019s a great way to spend free time while developing the body, mind, and communication skills. The leisure classes are aimed at providing a diverse physical experience of circus art. Alongside learning different circus disciplines, both children and adults&#8230;<\/p>\n","protected":false},"author":1,"featured_media":13146,"parent":5052,"menu_order":39,"comment_status":"closed","ping_status":"closed","template":"","meta":{"_acf_changed":false,"footnotes":""},"class_list":["post-6704","page","type-page","status-publish","has-post-thumbnail","hentry"],"acf":[],"yoast_head":"<!-- This site is optimized with the Yoast SEO plugin v27.3 - https:\/\/yoast.com\/product\/yoast-seo-wordpress\/ -->\n<title>Classes and workshops - cirks.lv<\/title>\n<meta name=\"robots\" content=\"index, follow, max-snippet:-1, max-image-preview:large, max-video-preview:-1\" \/>\n<link rel=\"canonical\" href=\"https:\/\/cirks.lv\/en\/circus-school\/workshops\/\" \/>\n<meta property=\"og:locale\" content=\"en_US\" \/>\n<meta property=\"og:type\" content=\"article\" \/>\n<meta property=\"og:title\" content=\"Classes and workshops - cirks.lv\" \/>\n<meta property=\"og:description\" content=\"The Riga Circus School offers regular leisure-time classes for children, teenagers, adults, and families. We believe it\u2019s a great way to spend free time while developing the body, mind, and communication skills. The leisure classes are aimed at providing a diverse physical experience of circus art. Alongside learning different circus disciplines, both children and adults...\" \/>\n<meta property=\"og:url\" content=\"https:\/\/cirks.lv\/en\/circus-school\/workshops\/\" \/>\n<meta property=\"og:site_name\" content=\"cirks.lv\" \/>\n<meta property=\"article:modified_time\" content=\"2025-09-04T10:10:25+00:00\" \/>\n<meta name=\"twitter:card\" content=\"summary_large_image\" \/>\n<meta name=\"twitter:site\" content=\"@VISA_RigasCirks\" \/>\n<meta name=\"twitter:label1\" content=\"Est. reading time\" \/>\n\t<meta name=\"twitter:data1\" content=\"2 minutes\" \/>\n<script type=\"application\/ld+json\" class=\"yoast-schema-graph\">{\"@context\":\"https:\\\/\\\/schema.org\",\"@graph\":[{\"@type\":\"WebPage\",\"@id\":\"https:\\\/\\\/cirks.lv\\\/en\\\/circus-school\\\/workshops\\\/\",\"url\":\"https:\\\/\\\/cirks.lv\\\/en\\\/circus-school\\\/workshops\\\/\",\"name\":\"Classes and workshops - cirks.lv\",\"isPartOf\":{\"@id\":\"https:\\\/\\\/cirks.lv\\\/en\\\/#website\"},\"primaryImageOfPage\":{\"@id\":\"https:\\\/\\\/cirks.lv\\\/en\\\/circus-school\\\/workshops\\\/#primaryimage\"},\"image\":{\"@id\":\"https:\\\/\\\/cirks.lv\\\/en\\\/circus-school\\\/workshops\\\/#primaryimage\"},\"thumbnailUrl\":\"https:\\\/\\\/cirks.lv\\\/wp-content\\\/uploads\\\/2021\\\/12\\\/pikto_skola-nodarbibas.svg\",\"datePublished\":\"2021-08-07T20:17:21+00:00\",\"dateModified\":\"2025-09-04T10:10:25+00:00\",\"breadcrumb\":{\"@id\":\"https:\\\/\\\/cirks.lv\\\/en\\\/circus-school\\\/workshops\\\/#breadcrumb\"},\"inLanguage\":\"en-US\",\"potentialAction\":[{\"@type\":\"ReadAction\",\"target\":[\"https:\\\/\\\/cirks.lv\\\/en\\\/circus-school\\\/workshops\\\/\"]}]},{\"@type\":\"ImageObject\",\"inLanguage\":\"en-US\",\"@id\":\"https:\\\/\\\/cirks.lv\\\/en\\\/circus-school\\\/workshops\\\/#primaryimage\",\"url\":\"https:\\\/\\\/cirks.lv\\\/wp-content\\\/uploads\\\/2021\\\/12\\\/pikto_skola-nodarbibas.svg\",\"contentUrl\":\"https:\\\/\\\/cirks.lv\\\/wp-content\\\/uploads\\\/2021\\\/12\\\/pikto_skola-nodarbibas.svg\"},{\"@type\":\"BreadcrumbList\",\"@id\":\"https:\\\/\\\/cirks.lv\\\/en\\\/circus-school\\\/workshops\\\/#breadcrumb\",\"itemListElement\":[{\"@type\":\"ListItem\",\"position\":1,\"name\":\"Home\",\"item\":\"https:\\\/\\\/cirks.lv\\\/en\\\/\"},{\"@type\":\"ListItem\",\"position\":2,\"name\":\"Circus School\",\"item\":\"https:\\\/\\\/cirks.lv\\\/en\\\/circus-school\\\/\"},{\"@type\":\"ListItem\",\"position\":3,\"name\":\"Classes and workshops\"}]},{\"@type\":\"WebSite\",\"@id\":\"https:\\\/\\\/cirks.lv\\\/en\\\/#website\",\"url\":\"https:\\\/\\\/cirks.lv\\\/en\\\/\",\"name\":\"cirks.lv\",\"description\":\"Circus, cirks, stage arts\",\"publisher\":{\"@id\":\"https:\\\/\\\/cirks.lv\\\/en\\\/#organization\"},\"potentialAction\":[{\"@type\":\"SearchAction\",\"target\":{\"@type\":\"EntryPoint\",\"urlTemplate\":\"https:\\\/\\\/cirks.lv\\\/en\\\/?s={search_term_string}\"},\"query-input\":{\"@type\":\"PropertyValueSpecification\",\"valueRequired\":true,\"valueName\":\"search_term_string\"}}],\"inLanguage\":\"en-US\"},{\"@type\":\"Organization\",\"@id\":\"https:\\\/\\\/cirks.lv\\\/en\\\/#organization\",\"name\":\"R\u012bgas Cirks\",\"url\":\"https:\\\/\\\/cirks.lv\\\/en\\\/\",\"logo\":{\"@type\":\"ImageObject\",\"inLanguage\":\"en-US\",\"@id\":\"https:\\\/\\\/cirks.lv\\\/en\\\/#\\\/schema\\\/logo\\\/image\\\/\",\"url\":\"https:\\\/\\\/cirks.lv\\\/wp-content\\\/uploads\\\/2021\\\/08\\\/RC-logo-2018.jpg\",\"contentUrl\":\"https:\\\/\\\/cirks.lv\\\/wp-content\\\/uploads\\\/2021\\\/08\\\/RC-logo-2018.jpg\",\"width\":1753,\"height\":1240,\"caption\":\"R\u012bgas Cirks\"},\"image\":{\"@id\":\"https:\\\/\\\/cirks.lv\\\/en\\\/#\\\/schema\\\/logo\\\/image\\\/\"},\"sameAs\":[\"https:\\\/\\\/x.com\\\/VISA_RigasCirks\",\"https:\\\/\\\/www.instagram.com\\\/VSIA_RigasCirks\\\/\"]}]}<\/script>\n<!-- \/ Yoast SEO plugin. -->","yoast_head_json":{"title":"Classes and workshops - cirks.lv","robots":{"index":"index","follow":"follow","max-snippet":"max-snippet:-1","max-image-preview":"max-image-preview:large","max-video-preview":"max-video-preview:-1"},"canonical":"https:\/\/cirks.lv\/en\/circus-school\/workshops\/","og_locale":"en_US","og_type":"article","og_title":"Classes and workshops - cirks.lv","og_description":"The Riga Circus School offers regular leisure-time classes for children, teenagers, adults, and families. We believe it\u2019s a great way to spend free time while developing the body, mind, and communication skills. The leisure classes are aimed at providing a diverse physical experience of circus art. Alongside learning different circus disciplines, both children and adults...","og_url":"https:\/\/cirks.lv\/en\/circus-school\/workshops\/","og_site_name":"cirks.lv","article_modified_time":"2025-09-04T10:10:25+00:00","twitter_card":"summary_large_image","twitter_site":"@VISA_RigasCirks","twitter_misc":{"Est. reading time":"2 minutes"},"schema":{"@context":"https:\/\/schema.org","@graph":[{"@type":"WebPage","@id":"https:\/\/cirks.lv\/en\/circus-school\/workshops\/","url":"https:\/\/cirks.lv\/en\/circus-school\/workshops\/","name":"Classes and workshops - cirks.lv","isPartOf":{"@id":"https:\/\/cirks.lv\/en\/#website"},"primaryImageOfPage":{"@id":"https:\/\/cirks.lv\/en\/circus-school\/workshops\/#primaryimage"},"image":{"@id":"https:\/\/cirks.lv\/en\/circus-school\/workshops\/#primaryimage"},"thumbnailUrl":"https:\/\/cirks.lv\/wp-content\/uploads\/2021\/12\/pikto_skola-nodarbibas.svg","datePublished":"2021-08-07T20:17:21+00:00","dateModified":"2025-09-04T10:10:25+00:00","breadcrumb":{"@id":"https:\/\/cirks.lv\/en\/circus-school\/workshops\/#breadcrumb"},"inLanguage":"en-US","potentialAction":[{"@type":"ReadAction","target":["https:\/\/cirks.lv\/en\/circus-school\/workshops\/"]}]},{"@type":"ImageObject","inLanguage":"en-US","@id":"https:\/\/cirks.lv\/en\/circus-school\/workshops\/#primaryimage","url":"https:\/\/cirks.lv\/wp-content\/uploads\/2021\/12\/pikto_skola-nodarbibas.svg","contentUrl":"https:\/\/cirks.lv\/wp-content\/uploads\/2021\/12\/pikto_skola-nodarbibas.svg"},{"@type":"BreadcrumbList","@id":"https:\/\/cirks.lv\/en\/circus-school\/workshops\/#breadcrumb","itemListElement":[{"@type":"ListItem","position":1,"name":"Home","item":"https:\/\/cirks.lv\/en\/"},{"@type":"ListItem","position":2,"name":"Circus School","item":"https:\/\/cirks.lv\/en\/circus-school\/"},{"@type":"ListItem","position":3,"name":"Classes and workshops"}]},{"@type":"WebSite","@id":"https:\/\/cirks.lv\/en\/#website","url":"https:\/\/cirks.lv\/en\/","name":"cirks.lv","description":"Circus, cirks, stage arts","publisher":{"@id":"https:\/\/cirks.lv\/en\/#organization"},"potentialAction":[{"@type":"SearchAction","target":{"@type":"EntryPoint","urlTemplate":"https:\/\/cirks.lv\/en\/?s={search_term_string}"},"query-input":{"@type":"PropertyValueSpecification","valueRequired":true,"valueName":"search_term_string"}}],"inLanguage":"en-US"},{"@type":"Organization","@id":"https:\/\/cirks.lv\/en\/#organization","name":"R\u012bgas Cirks","url":"https:\/\/cirks.lv\/en\/","logo":{"@type":"ImageObject","inLanguage":"en-US","@id":"https:\/\/cirks.lv\/en\/#\/schema\/logo\/image\/","url":"https:\/\/cirks.lv\/wp-content\/uploads\/2021\/08\/RC-logo-2018.jpg","contentUrl":"https:\/\/cirks.lv\/wp-content\/uploads\/2021\/08\/RC-logo-2018.jpg","width":1753,"height":1240,"caption":"R\u012bgas Cirks"},"image":{"@id":"https:\/\/cirks.lv\/en\/#\/schema\/logo\/image\/"},"sameAs":["https:\/\/x.com\/VISA_RigasCirks","https:\/\/www.instagram.com\/VSIA_RigasCirks\/"]}]}},"_links":{"self":[{"href":"https:\/\/cirks.lv\/en\/wp-json\/wp\/v2\/pages\/6704","targetHints":{"allow":["GET"]}}],"collection":[{"href":"https:\/\/cirks.lv\/en\/wp-json\/wp\/v2\/pages"}],"about":[{"href":"https:\/\/cirks.lv\/en\/wp-json\/wp\/v2\/types\/page"}],"author":[{"embeddable":true,"href":"https:\/\/cirks.lv\/en\/wp-json\/wp\/v2\/users\/1"}],"replies":[{"embeddable":true,"href":"https:\/\/cirks.lv\/en\/wp-json\/wp\/v2\/comments?post=6704"}],"version-history":[{"count":15,"href":"https:\/\/cirks.lv\/en\/wp-json\/wp\/v2\/pages\/6704\/revisions"}],"predecessor-version":[{"id":36220,"href":"https:\/\/cirks.lv\/en\/wp-json\/wp\/v2\/pages\/6704\/revisions\/36220"}],"up":[{"embeddable":true,"href":"https:\/\/cirks.lv\/en\/wp-json\/wp\/v2\/pages\/5052"}],"wp:featuredmedia":[{"embeddable":true,"href":"https:\/\/cirks.lv\/en\/wp-json\/wp\/v2\/media\/13146"}],"wp:attachment":[{"href":"https:\/\/cirks.lv\/en\/wp-json\/wp\/v2\/media?parent=6704"}],"curies":[{"name":"wp","href":"https:\/\/api.w.org\/{rel}","templated":true}]}}