{"id":31867,"date":"2024-08-06T13:06:40","date_gmt":"2024-08-06T10:06:40","guid":{"rendered":"https:\/\/cirks.lv\/pieejamiba\/"},"modified":"2024-12-16T18:05:48","modified_gmt":"2024-12-16T16:05:48","slug":"accessibility","status":"publish","type":"page","link":"https:\/\/cirks.lv\/en\/accessibility\/","title":{"rendered":"ACCESSIBILITY"},"content":{"rendered":"<p>Address: R\u012bgas cirks, Mer\u0137e\u013ca Street 4, Riga<br \/>\nEntrance via the red gate<\/p>\n<p>On the ground floor of the building \u2013 both in the arena and the Horse Stable Hall \u2013 there is easy access for wheelchair users. The balcony floor is NOT accessible for wheelchair users.<\/p>\n<p>&nbsp;<\/p>\n<p>Induction loops are available in the arena. The equipment is available in the cloakroom.<\/p>\n<p>The building has 2 accessible restrooms \u2013 in the Info Room and in the Horse Stable Hall. Please follow the signs.<\/p>\n<p>Baby changing tables are available in the women&#8217;s restroom, men&#8217;s restroom, and the Info Room restroom.<\/p>\n<p>&nbsp;<\/p>\n<p>The performances are accessible to:<\/p>\n<p>&#8211; People with limited mobility<\/p>\n<p>&#8211; People diagnosed with intellectual and developmental disability \u2013 please check the information for each specific performance on the R\u012bgas cirks website<\/p>\n<p>&#8211; People who are hard of hearing or deaf<\/p>\n<p>&#8211; Some events offer sign language interpretation \u2013 please check the information for each specific performance on the R\u012bgas cirks website.<\/p>\n","protected":false},"excerpt":{"rendered":"<p>Address: R\u012bgas cirks, Mer\u0137e\u013ca Street 4, Riga Entrance via the red gate On the ground floor of the building \u2013 both in the arena and the Horse Stable Hall \u2013 there is easy access for wheelchair users. The balcony floor is NOT accessible for wheelchair users. &nbsp; Induction loops are available in the arena. The&#8230;<\/p>\n","protected":false},"author":1,"featured_media":13077,"parent":0,"menu_order":0,"comment_status":"closed","ping_status":"closed","template":"","meta":{"_acf_changed":false,"footnotes":""},"class_list":["post-31867","page","type-page","status-publish","has-post-thumbnail","hentry"],"acf":[],"yoast_head":"<!-- This site is optimized with the Yoast SEO plugin v26.2 - https:\/\/yoast.com\/wordpress\/plugins\/seo\/ -->\n<title>ACCESSIBILITY - cirks.lv<\/title>\n<meta name=\"robots\" content=\"index, follow, max-snippet:-1, max-image-preview:large, max-video-preview:-1\" \/>\n<link rel=\"canonical\" href=\"https:\/\/cirks.lv\/en\/accessibility\/\" \/>\n<meta property=\"og:locale\" content=\"en_US\" \/>\n<meta property=\"og:type\" content=\"article\" \/>\n<meta property=\"og:title\" content=\"ACCESSIBILITY - cirks.lv\" \/>\n<meta property=\"og:description\" content=\"Address: R\u012bgas cirks, Mer\u0137e\u013ca Street 4, Riga Entrance via the red gate On the ground floor of the building \u2013 both in the arena and the Horse Stable Hall \u2013 there is easy access for wheelchair users. The balcony floor is NOT accessible for wheelchair users. &nbsp; Induction loops are available in the arena. The...\" \/>\n<meta property=\"og:url\" content=\"https:\/\/cirks.lv\/en\/accessibility\/\" \/>\n<meta property=\"og:site_name\" content=\"cirks.lv\" \/>\n<meta property=\"article:modified_time\" content=\"2024-12-16T16:05:48+00:00\" \/>\n<meta name=\"twitter:card\" content=\"summary_large_image\" \/>\n<meta name=\"twitter:site\" content=\"@VISA_RigasCirks\" \/>\n<meta name=\"twitter:label1\" content=\"Est. reading time\" \/>\n\t<meta name=\"twitter:data1\" content=\"2 minutes\" \/>\n<script type=\"application\/ld+json\" class=\"yoast-schema-graph\">{\"@context\":\"https:\/\/schema.org\",\"@graph\":[{\"@type\":\"WebPage\",\"@id\":\"https:\/\/cirks.lv\/en\/accessibility\/\",\"url\":\"https:\/\/cirks.lv\/en\/accessibility\/\",\"name\":\"ACCESSIBILITY - cirks.lv\",\"isPartOf\":{\"@id\":\"https:\/\/cirks.lv\/en\/#website\"},\"primaryImageOfPage\":{\"@id\":\"https:\/\/cirks.lv\/en\/accessibility\/#primaryimage\"},\"image\":{\"@id\":\"https:\/\/cirks.lv\/en\/accessibility\/#primaryimage\"},\"thumbnailUrl\":\"https:\/\/cirks.lv\/wp-content\/uploads\/2021\/12\/pikto_cirks-cirks.svg\",\"datePublished\":\"2024-08-06T10:06:40+00:00\",\"dateModified\":\"2024-12-16T16:05:48+00:00\",\"breadcrumb\":{\"@id\":\"https:\/\/cirks.lv\/en\/accessibility\/#breadcrumb\"},\"inLanguage\":\"en-US\",\"potentialAction\":[{\"@type\":\"ReadAction\",\"target\":[\"https:\/\/cirks.lv\/en\/accessibility\/\"]}]},{\"@type\":\"ImageObject\",\"inLanguage\":\"en-US\",\"@id\":\"https:\/\/cirks.lv\/en\/accessibility\/#primaryimage\",\"url\":\"https:\/\/cirks.lv\/wp-content\/uploads\/2021\/12\/pikto_cirks-cirks.svg\",\"contentUrl\":\"https:\/\/cirks.lv\/wp-content\/uploads\/2021\/12\/pikto_cirks-cirks.svg\"},{\"@type\":\"BreadcrumbList\",\"@id\":\"https:\/\/cirks.lv\/en\/accessibility\/#breadcrumb\",\"itemListElement\":[{\"@type\":\"ListItem\",\"position\":1,\"name\":\"Home\",\"item\":\"https:\/\/cirks.lv\/en\/\"},{\"@type\":\"ListItem\",\"position\":2,\"name\":\"ACCESSIBILITY\"}]},{\"@type\":\"WebSite\",\"@id\":\"https:\/\/cirks.lv\/en\/#website\",\"url\":\"https:\/\/cirks.lv\/en\/\",\"name\":\"cirks.lv\",\"description\":\"Circus, cirks, stage arts\",\"publisher\":{\"@id\":\"https:\/\/cirks.lv\/en\/#organization\"},\"potentialAction\":[{\"@type\":\"SearchAction\",\"target\":{\"@type\":\"EntryPoint\",\"urlTemplate\":\"https:\/\/cirks.lv\/en\/?s={search_term_string}\"},\"query-input\":{\"@type\":\"PropertyValueSpecification\",\"valueRequired\":true,\"valueName\":\"search_term_string\"}}],\"inLanguage\":\"en-US\"},{\"@type\":\"Organization\",\"@id\":\"https:\/\/cirks.lv\/en\/#organization\",\"name\":\"R\u012bgas Cirks\",\"url\":\"https:\/\/cirks.lv\/en\/\",\"logo\":{\"@type\":\"ImageObject\",\"inLanguage\":\"en-US\",\"@id\":\"https:\/\/cirks.lv\/en\/#\/schema\/logo\/image\/\",\"url\":\"https:\/\/cirks.lv\/wp-content\/uploads\/2021\/08\/RC-logo-2018.jpg\",\"contentUrl\":\"https:\/\/cirks.lv\/wp-content\/uploads\/2021\/08\/RC-logo-2018.jpg\",\"width\":1753,\"height\":1240,\"caption\":\"R\u012bgas Cirks\"},\"image\":{\"@id\":\"https:\/\/cirks.lv\/en\/#\/schema\/logo\/image\/\"},\"sameAs\":[\"https:\/\/x.com\/VISA_RigasCirks\",\"https:\/\/www.instagram.com\/VSIA_RigasCirks\/\"]}]}<\/script>\n<!-- \/ Yoast SEO plugin. -->","yoast_head_json":{"title":"ACCESSIBILITY - cirks.lv","robots":{"index":"index","follow":"follow","max-snippet":"max-snippet:-1","max-image-preview":"max-image-preview:large","max-video-preview":"max-video-preview:-1"},"canonical":"https:\/\/cirks.lv\/en\/accessibility\/","og_locale":"en_US","og_type":"article","og_title":"ACCESSIBILITY - cirks.lv","og_description":"Address: R\u012bgas cirks, Mer\u0137e\u013ca Street 4, Riga Entrance via the red gate On the ground floor of the building \u2013 both in the arena and the Horse Stable Hall \u2013 there is easy access for wheelchair users. The balcony floor is NOT accessible for wheelchair users. &nbsp; Induction loops are available in the arena. The...","og_url":"https:\/\/cirks.lv\/en\/accessibility\/","og_site_name":"cirks.lv","article_modified_time":"2024-12-16T16:05:48+00:00","twitter_card":"summary_large_image","twitter_site":"@VISA_RigasCirks","twitter_misc":{"Est. reading time":"2 minutes"},"schema":{"@context":"https:\/\/schema.org","@graph":[{"@type":"WebPage","@id":"https:\/\/cirks.lv\/en\/accessibility\/","url":"https:\/\/cirks.lv\/en\/accessibility\/","name":"ACCESSIBILITY - cirks.lv","isPartOf":{"@id":"https:\/\/cirks.lv\/en\/#website"},"primaryImageOfPage":{"@id":"https:\/\/cirks.lv\/en\/accessibility\/#primaryimage"},"image":{"@id":"https:\/\/cirks.lv\/en\/accessibility\/#primaryimage"},"thumbnailUrl":"https:\/\/cirks.lv\/wp-content\/uploads\/2021\/12\/pikto_cirks-cirks.svg","datePublished":"2024-08-06T10:06:40+00:00","dateModified":"2024-12-16T16:05:48+00:00","breadcrumb":{"@id":"https:\/\/cirks.lv\/en\/accessibility\/#breadcrumb"},"inLanguage":"en-US","potentialAction":[{"@type":"ReadAction","target":["https:\/\/cirks.lv\/en\/accessibility\/"]}]},{"@type":"ImageObject","inLanguage":"en-US","@id":"https:\/\/cirks.lv\/en\/accessibility\/#primaryimage","url":"https:\/\/cirks.lv\/wp-content\/uploads\/2021\/12\/pikto_cirks-cirks.svg","contentUrl":"https:\/\/cirks.lv\/wp-content\/uploads\/2021\/12\/pikto_cirks-cirks.svg"},{"@type":"BreadcrumbList","@id":"https:\/\/cirks.lv\/en\/accessibility\/#breadcrumb","itemListElement":[{"@type":"ListItem","position":1,"name":"Home","item":"https:\/\/cirks.lv\/en\/"},{"@type":"ListItem","position":2,"name":"ACCESSIBILITY"}]},{"@type":"WebSite","@id":"https:\/\/cirks.lv\/en\/#website","url":"https:\/\/cirks.lv\/en\/","name":"cirks.lv","description":"Circus, cirks, stage arts","publisher":{"@id":"https:\/\/cirks.lv\/en\/#organization"},"potentialAction":[{"@type":"SearchAction","target":{"@type":"EntryPoint","urlTemplate":"https:\/\/cirks.lv\/en\/?s={search_term_string}"},"query-input":{"@type":"PropertyValueSpecification","valueRequired":true,"valueName":"search_term_string"}}],"inLanguage":"en-US"},{"@type":"Organization","@id":"https:\/\/cirks.lv\/en\/#organization","name":"R\u012bgas Cirks","url":"https:\/\/cirks.lv\/en\/","logo":{"@type":"ImageObject","inLanguage":"en-US","@id":"https:\/\/cirks.lv\/en\/#\/schema\/logo\/image\/","url":"https:\/\/cirks.lv\/wp-content\/uploads\/2021\/08\/RC-logo-2018.jpg","contentUrl":"https:\/\/cirks.lv\/wp-content\/uploads\/2021\/08\/RC-logo-2018.jpg","width":1753,"height":1240,"caption":"R\u012bgas Cirks"},"image":{"@id":"https:\/\/cirks.lv\/en\/#\/schema\/logo\/image\/"},"sameAs":["https:\/\/x.com\/VISA_RigasCirks","https:\/\/www.instagram.com\/VSIA_RigasCirks\/"]}]}},"_links":{"self":[{"href":"https:\/\/cirks.lv\/en\/wp-json\/wp\/v2\/pages\/31867","targetHints":{"allow":["GET"]}}],"collection":[{"href":"https:\/\/cirks.lv\/en\/wp-json\/wp\/v2\/pages"}],"about":[{"href":"https:\/\/cirks.lv\/en\/wp-json\/wp\/v2\/types\/page"}],"author":[{"embeddable":true,"href":"https:\/\/cirks.lv\/en\/wp-json\/wp\/v2\/users\/1"}],"replies":[{"embeddable":true,"href":"https:\/\/cirks.lv\/en\/wp-json\/wp\/v2\/comments?post=31867"}],"version-history":[{"count":5,"href":"https:\/\/cirks.lv\/en\/wp-json\/wp\/v2\/pages\/31867\/revisions"}],"predecessor-version":[{"id":34281,"href":"https:\/\/cirks.lv\/en\/wp-json\/wp\/v2\/pages\/31867\/revisions\/34281"}],"wp:featuredmedia":[{"embeddable":true,"href":"https:\/\/cirks.lv\/en\/wp-json\/wp\/v2\/media\/13077"}],"wp:attachment":[{"href":"https:\/\/cirks.lv\/en\/wp-json\/wp\/v2\/media?parent=31867"}],"curies":[{"name":"wp","href":"https:\/\/api.w.org\/{rel}","templated":true}]}}