{"id":14756,"date":"2021-11-08T11:50:35","date_gmt":"2021-11-08T09:50:35","guid":{"rendered":"https:\/\/cirks.lv\/circus\/podkasti-un-video\/"},"modified":"2022-03-21T11:50:58","modified_gmt":"2022-03-21T09:50:58","slug":"podcasts-and-videos","status":"publish","type":"page","link":"https:\/\/cirks.lv\/en\/circus\/podcasts-and-videos\/","title":{"rendered":"Podcasts and videos"},"content":{"rendered":"<h4>1.12.2020., circus talk<\/h4>\n<p><strong>M\u0101ra P\u0101vula<\/strong>, Head of Strategic Development, on contemporary circus.<\/p>\n<p><a href=\"https:\/\/www.youtube.com\/watch?v=-j8X_qC5X1c&amp;feature=youtu.be&amp;fbclid=IwAR0GRK8oxFN30YtB7ZNLonhXu1WSi7syFnEA4mMSaxQvnEW6bErAYVtp1Xo\">www.youtube.com<\/a><\/p>\n<p>#r\u012bgascirks #cirks #laikmet\u012bgaiscirks #cirkast\u0101sti #MaraPavula #circustalk<\/p>\n<hr \/>\n<h4>31.08.2020., press conference<\/h4>\n<p>A press conference before Kaaos Kaamos show \u201cBabel Gl\u00f6m\u201d (Latvian\/English)<\/p>\n<p>#rigascirks #cirks #presei #preseskonference #cirkaviesistaba #kaaoskaamos #babelglom<\/p>\n<p><a href=\"https:\/\/www.facebook.com\/210044439513732\/videos\/4598034450236953\">www.facebook.com<\/a><\/p>\n<hr \/>\n<h4>August 2020, art-residency video<\/h4>\n<p>Fauna Circus on their work-in-progress \u201cMacro\u201d and art-residency at R\u012bgas cirks.<\/p>\n<p>#fauna #faunacircus #macro #artists #artistinresidency #rigacircus #rigascirks #macro<\/p>\n<p><a href=\"https:\/\/youtu.be\/cMfvP1JNnPE\">www.youtube.com<\/a><\/p>\n<hr \/>\n<h4>August, 2020<\/h4>\n<p>Artists from company \u201cFauna Circus\u201d (UK) on R\u012bgas cirks residency and their work-in-progress \u201cMacro\u201d.<\/p>\n<p>#faunacircus #fauna #residency #macro #workinprogress #acrobatics<\/p>\n<p><a href=\"https:\/\/youtu.be\/cMfvP1JNnPE\">www.youtube.com<\/a><\/p>\n<hr \/>\n<h4>5.03.2020., artist talk<\/h4>\n<p>After an actively juggled and acrobatised performance, the artists of the Piti Peta Hofen Show take part in a small question and answer session. Riga, Dailes Theater.<\/p>\n<p>#artisttalk #pitipeta #pitipetahofenshow #acrobats #acrobatics #juggling #jugglers #talktoaudience<\/p>\n<p><a href=\"https:\/\/www.facebook.com\/210044439513732\/videos\/679074369498197\">www.facebook.com<\/a><\/p>\n<hr \/>\n<h4>4.03.2020., Radio Naba<\/h4>\n<p>Interview with the authors and artists of \u201cThe Piti Peta Hofen Show\u201d: Lucas Castelo Branco (France) and Johannes Bauhofer (Germany).<\/p>\n<p>#artisttalk #pitipeta #pitipetahofenshow #acrobats #acrobatics #jugglers #radio #JohannesBauhofer #LucasCasteloBranco<\/p>\n<p><a href=\"https:\/\/naba.lsm.lv\/lv\/raksts\/kul\/zonglieri-un-klauni-the-piti-peta-hofen-show-viesojas-riga.a127316\/?fbclid=IwAR0cVxSd2cNfJgrR3iZSUMU-UVOXGq8EJgnouHlNeNY0R1uqyMRngmHmAyY\">naba.lsm.lv<\/a><\/p>\n<hr \/>\n<h4>26.12.2019., artist talk<\/h4>\n<p>\u201cMachine de cirqe\u201d talk after the show.<\/p>\n<p>#artistitalk # machinedecirqe #talktoaudience #acrobatics #juggling #show<\/p>\n<p><a href=\"https:\/\/www.facebook.com\/210044439513732\/videos\/2567338153545002\">www.facebook.com<\/a><\/p>\n<hr \/>\n<h4>7.05.2019., conference (ENG\/FR\/LV)<\/h4>\n<p>Wellbeing conference at R\u012bgas cirks, 2nd session<\/p>\n<p>#whathappensatrigascirks #conference #D\u0101visKa\u0146epe #IevaTaranda #SandraStade #Gilles Bonnevialle #wellbeingresidencies #discussion #international #casestudies<\/p>\n<p><a href=\"https:\/\/www.facebook.com\/210044439513732\/videos\/323648718326652\">www.facebook.com<\/a><\/p>\n<hr \/>\n<h4>7.05.2019., conference (ENG\/FR\/LV)<\/h4>\n<p>Wellbeing conference at R\u012bgas cirks, 1st session<\/p>\n<p>#whathappensatrigascirks #conference #CatherineTaylor #M\u0101raP\u0101vila #AleksandrinaIonova #wellbeingresidencies #discussion #international #casestudies<\/p>\n<p><a href=\"https:\/\/www.facebook.com\/210044439513732\/videos\/524391021428939\">www.facebook.com<\/a><\/p>\n<hr \/>\n<h4>28.12.2018., artist talks<\/h4>\n<p>After the show \u201cFauna\u201d, Fauna Company is talking to audience.<\/p>\n<p>#artistitalk #fauna #talktoaudience #acrobatics #show #workinprogress #show<\/p>\n<p><a href=\"https:\/\/www.facebook.com\/210044439513732\/videos\/279248879461222\">www.facebook.com<\/a><\/p>\n<hr \/>\n<h4>12.11.2018., discussion<\/h4>\n<p>After two intensive days in masterclasses together with Baltic Nordic Circus Network, John Paul Zakarini on the need for the artist to reflect on the causes of his artistic influences.<\/p>\n<p>#discussion #talk #bncn #balticnordiccircusnetwork #Zakarini #JohnPaulZakarini #circus #circusartists #masterclasses<\/p>\n<p><a href=\"https:\/\/www.facebook.com\/210044439513732\/videos\/279783339530615\">www.facebook.com<\/a><\/p>\n<hr \/>\n<h4>12.11.2018., public talk<\/h4>\n<p>A conversation with John-Paul Zaccarini \u2013 an internationally renowned circus practitioner, director and academic. Being the only PhD in circus he is Associate Professor in Circus at The University of Dance and Circus in Stockholm (DOCH). Outside of his work at DOCH John-Paul is currently developing new work and touring his new show \u2018Head\u2019 \u2013 a return to the stage after an 8 year interlude<\/p>\n<p><a href=\"https:\/\/www.facebook.com\/210044439513732\/videos\/279783339530615\">www.facebook.com<\/a><\/p>\n<hr \/>\n<h4>5.09.2018., artist talk<\/h4>\n<p>A Conversation with \u201cGravity and Other Myths\u201d artists.<\/p>\n<p>#artisttalk #talktoaudience #discussion #gravityandothermyths #show<\/p>\n<p><a href=\"https:\/\/www.facebook.com\/210044439513732\/videos\/241124503217654\">www.facebook.com<\/a><\/p>\n<hr \/>\n<h4>18.04.2018., artist talk<\/h4>\n<p>Conversation with Greta Gross, Ventis Zilberts and \u0112riks Kir\u0161felds after the show \u201cBorders\u201d.<\/p>\n<p>#circus #aerials #magic #illusions #rigacircus #artisttalk #GretaGross #VentisZilberts #\u0112riksKir\u0161felds #borders #talktoaudience #show<\/p>\n<p><a href=\"https:\/\/www.facebook.com\/210044439513732\/videos\/369604133557761\">www.facebook.com<\/a><\/p>\n<hr \/>\n<h4>12.04.2018., artist talk<\/h4>\n<p>Conversation with \u201cLiquorice and Lemons\u201d artists Grete Grosa and Juha-Mati Eskelinen.<\/p>\n<p>#RigaICCE #rigacircus #liquoriceandlemons #rigascirks #artisttalk #circus #GretaGross #talktoaudience #show<\/p>\n<p><a href=\"https:\/\/www.facebook.com\/210044439513732\/videos\/370612243456950\">www.facebook.com<\/a><\/p>\n<hr \/>\n<h4>12.04.2018., conference<\/h4>\n<p>International Conference on circus education. Session 3: Inspiring &amp; PHD projects<\/p>\n<p>#RigaICCE #RigasCirks #rigacircus #circusdays #conference #education #circuseducation #pedagogy<\/p>\n<p><a href=\"https:\/\/www.facebook.com\/watch\/live\/?v=370519130132928&amp;ref=watch_permalink\">www.facebook.com<\/a><\/p>\n<hr \/>\n<h4>12.04.2018., conference<\/h4>\n<p>International conference on circus education. Session 2: Curriculums &amp; research programmes<\/p>\n<p>#RigaICCE #RigasCirks #rigacircus #circusdays #conference #education #circuseducation #pedagogy #circuspedagogy<\/p>\n<p><a href=\"https:\/\/www.facebook.com\/210044439513732\/videos\/370434456808062\">www.facebook.com<\/a><\/p>\n<hr \/>\n<h4>12.04.2018., conference<\/h4>\n<p>International conference on circus education. Session 1: Models of teaching<\/p>\n<p>#RigaICCE #RigasCirks #rigacircus #circusdays #conference #education #circuseducation #pedagogy #circuspedagogy<\/p>\n<p><a href=\"https:\/\/www.facebook.com\/210044439513732\/videos\/370354220149419\">www.facebook.com<\/a><\/p>\n<hr \/>\n<h4>11.04.2018., public talk<\/h4>\n<p>Conversation with Petri Heikkil\u00e4, a Finnish circus expert, about the architectural needs of a modern circus.<\/p>\n<p>#RigaICCE #RigasCirks #RigaCircus #circusdays #Petri Heikkil\u00e4 # architecture<\/p>\n<p><a href=\"https:\/\/www.facebook.com\/210044439513732\/videos\/370032526848255\">www.facebook.com<\/a><\/p>\n<hr \/>\n<h4>6.11.2017., discussion<\/h4>\n<p>A discussion on circus educational standart.<\/p>\n<p><a href=\"https:\/\/www.facebook.com\/210044439513732\/videos\/283707802147395\">www.facebook.com<\/a><\/p>\n<hr \/>\n<h4>6.11.2017.<\/h4>\n<p>Establishment of a national circus cultural education standard. Norwegian and Finnish experience. Featuring Sela Vanvik and Lea Moksnesa. Moderated by M\u0101ra P\u0101vula.<\/p>\n<p>#discussion #circuseducation #education #circuspedagogy #M\u0101raP\u0101vula #SelaVanvik #LeaMoksnesa<\/p>\n<p><a href=\"https:\/\/www.facebook.com\/210044439513732\/videos\/283707802147395\">www.facebook.com<\/a><\/p>\n<hr \/>\n<h4>27.12.2017., artist talk<\/h4>\n<p>An interview after the show \u201cOnly Bones\u201d with Thom Monckton (Finland) and Jammu Tweed (Finland). Moderated by M\u0101ra Pavula.<\/p>\n<p><a href=\"https:\/\/www.facebook.com\/watch\/live\/?v=314817705703071&amp;ref=watch_permalink\">www.facebook.com<\/a><\/p>\n<p>#onlybones #ThomMonckton #JammuTweed #discussion #artisttalk #talktoaudience<\/p>\n","protected":false},"excerpt":{"rendered":"<p>1.12.2020., circus talk M\u0101ra P\u0101vula, Head of Strategic Development, on contemporary circus. www.youtube.com #r\u012bgascirks #cirks #laikmet\u012bgaiscirks #cirkast\u0101sti #MaraPavula #circustalk 31.08.2020., press conference A press conference before Kaaos Kaamos show \u201cBabel Gl\u00f6m\u201d (Latvian\/English) #rigascirks #cirks #presei #preseskonference #cirkaviesistaba #kaaoskaamos #babelglom www.facebook.com August 2020, art-residency video Fauna Circus on their work-in-progress \u201cMacro\u201d and art-residency at R\u012bgas cirks&#8230;.<\/p>\n","protected":false},"author":1,"featured_media":13107,"parent":4876,"menu_order":11,"comment_status":"closed","ping_status":"closed","template":"","meta":{"_acf_changed":false,"footnotes":""},"class_list":["post-14756","page","type-page","status-publish","has-post-thumbnail","hentry"],"acf":[],"yoast_head":"<!-- This site is optimized with the Yoast SEO plugin v27.3 - https:\/\/yoast.com\/product\/yoast-seo-wordpress\/ -->\n<title>Podcasts and videos - cirks.lv<\/title>\n<meta name=\"robots\" content=\"index, follow, max-snippet:-1, max-image-preview:large, max-video-preview:-1\" \/>\n<link rel=\"canonical\" href=\"https:\/\/cirks.lv\/en\/circus\/podcasts-and-videos\/\" \/>\n<meta property=\"og:locale\" content=\"en_US\" \/>\n<meta property=\"og:type\" content=\"article\" \/>\n<meta property=\"og:title\" content=\"Podcasts and videos - cirks.lv\" \/>\n<meta property=\"og:description\" content=\"1.12.2020., circus talk M\u0101ra P\u0101vula, Head of Strategic Development, on contemporary circus. www.youtube.com #r\u012bgascirks #cirks #laikmet\u012bgaiscirks #cirkast\u0101sti #MaraPavula #circustalk 31.08.2020., press conference A press conference before Kaaos Kaamos show \u201cBabel Gl\u00f6m\u201d (Latvian\/English) #rigascirks #cirks #presei #preseskonference #cirkaviesistaba #kaaoskaamos #babelglom www.facebook.com August 2020, art-residency video Fauna Circus on their work-in-progress \u201cMacro\u201d and art-residency at R\u012bgas cirks....\" \/>\n<meta property=\"og:url\" content=\"https:\/\/cirks.lv\/en\/circus\/podcasts-and-videos\/\" \/>\n<meta property=\"og:site_name\" content=\"cirks.lv\" \/>\n<meta property=\"article:modified_time\" content=\"2022-03-21T09:50:58+00:00\" \/>\n<meta name=\"twitter:card\" content=\"summary_large_image\" \/>\n<meta name=\"twitter:site\" content=\"@VISA_RigasCirks\" \/>\n<meta name=\"twitter:label1\" content=\"Est. reading time\" \/>\n\t<meta name=\"twitter:data1\" content=\"4 minutes\" \/>\n<script type=\"application\/ld+json\" class=\"yoast-schema-graph\">{\"@context\":\"https:\\\/\\\/schema.org\",\"@graph\":[{\"@type\":\"WebPage\",\"@id\":\"https:\\\/\\\/cirks.lv\\\/en\\\/circus\\\/podcasts-and-videos\\\/\",\"url\":\"https:\\\/\\\/cirks.lv\\\/en\\\/circus\\\/podcasts-and-videos\\\/\",\"name\":\"Podcasts and videos - cirks.lv\",\"isPartOf\":{\"@id\":\"https:\\\/\\\/cirks.lv\\\/en\\\/#website\"},\"primaryImageOfPage\":{\"@id\":\"https:\\\/\\\/cirks.lv\\\/en\\\/circus\\\/podcasts-and-videos\\\/#primaryimage\"},\"image\":{\"@id\":\"https:\\\/\\\/cirks.lv\\\/en\\\/circus\\\/podcasts-and-videos\\\/#primaryimage\"},\"thumbnailUrl\":\"https:\\\/\\\/cirks.lv\\\/wp-content\\\/uploads\\\/2021\\\/12\\\/pikto_cirks-video.svg\",\"datePublished\":\"2021-11-08T09:50:35+00:00\",\"dateModified\":\"2022-03-21T09:50:58+00:00\",\"breadcrumb\":{\"@id\":\"https:\\\/\\\/cirks.lv\\\/en\\\/circus\\\/podcasts-and-videos\\\/#breadcrumb\"},\"inLanguage\":\"en-US\",\"potentialAction\":[{\"@type\":\"ReadAction\",\"target\":[\"https:\\\/\\\/cirks.lv\\\/en\\\/circus\\\/podcasts-and-videos\\\/\"]}]},{\"@type\":\"ImageObject\",\"inLanguage\":\"en-US\",\"@id\":\"https:\\\/\\\/cirks.lv\\\/en\\\/circus\\\/podcasts-and-videos\\\/#primaryimage\",\"url\":\"https:\\\/\\\/cirks.lv\\\/wp-content\\\/uploads\\\/2021\\\/12\\\/pikto_cirks-video.svg\",\"contentUrl\":\"https:\\\/\\\/cirks.lv\\\/wp-content\\\/uploads\\\/2021\\\/12\\\/pikto_cirks-video.svg\"},{\"@type\":\"BreadcrumbList\",\"@id\":\"https:\\\/\\\/cirks.lv\\\/en\\\/circus\\\/podcasts-and-videos\\\/#breadcrumb\",\"itemListElement\":[{\"@type\":\"ListItem\",\"position\":1,\"name\":\"Home\",\"item\":\"https:\\\/\\\/cirks.lv\\\/en\\\/\"},{\"@type\":\"ListItem\",\"position\":2,\"name\":\"Circus\",\"item\":\"https:\\\/\\\/cirks.lv\\\/en\\\/circus\\\/\"},{\"@type\":\"ListItem\",\"position\":3,\"name\":\"Podcasts and videos\"}]},{\"@type\":\"WebSite\",\"@id\":\"https:\\\/\\\/cirks.lv\\\/en\\\/#website\",\"url\":\"https:\\\/\\\/cirks.lv\\\/en\\\/\",\"name\":\"cirks.lv\",\"description\":\"Circus, cirks, stage arts\",\"publisher\":{\"@id\":\"https:\\\/\\\/cirks.lv\\\/en\\\/#organization\"},\"potentialAction\":[{\"@type\":\"SearchAction\",\"target\":{\"@type\":\"EntryPoint\",\"urlTemplate\":\"https:\\\/\\\/cirks.lv\\\/en\\\/?s={search_term_string}\"},\"query-input\":{\"@type\":\"PropertyValueSpecification\",\"valueRequired\":true,\"valueName\":\"search_term_string\"}}],\"inLanguage\":\"en-US\"},{\"@type\":\"Organization\",\"@id\":\"https:\\\/\\\/cirks.lv\\\/en\\\/#organization\",\"name\":\"R\u012bgas Cirks\",\"url\":\"https:\\\/\\\/cirks.lv\\\/en\\\/\",\"logo\":{\"@type\":\"ImageObject\",\"inLanguage\":\"en-US\",\"@id\":\"https:\\\/\\\/cirks.lv\\\/en\\\/#\\\/schema\\\/logo\\\/image\\\/\",\"url\":\"https:\\\/\\\/cirks.lv\\\/wp-content\\\/uploads\\\/2021\\\/08\\\/RC-logo-2018.jpg\",\"contentUrl\":\"https:\\\/\\\/cirks.lv\\\/wp-content\\\/uploads\\\/2021\\\/08\\\/RC-logo-2018.jpg\",\"width\":1753,\"height\":1240,\"caption\":\"R\u012bgas Cirks\"},\"image\":{\"@id\":\"https:\\\/\\\/cirks.lv\\\/en\\\/#\\\/schema\\\/logo\\\/image\\\/\"},\"sameAs\":[\"https:\\\/\\\/x.com\\\/VISA_RigasCirks\",\"https:\\\/\\\/www.instagram.com\\\/VSIA_RigasCirks\\\/\"]}]}<\/script>\n<!-- \/ Yoast SEO plugin. -->","yoast_head_json":{"title":"Podcasts and videos - cirks.lv","robots":{"index":"index","follow":"follow","max-snippet":"max-snippet:-1","max-image-preview":"max-image-preview:large","max-video-preview":"max-video-preview:-1"},"canonical":"https:\/\/cirks.lv\/en\/circus\/podcasts-and-videos\/","og_locale":"en_US","og_type":"article","og_title":"Podcasts and videos - cirks.lv","og_description":"1.12.2020., circus talk M\u0101ra P\u0101vula, Head of Strategic Development, on contemporary circus. www.youtube.com #r\u012bgascirks #cirks #laikmet\u012bgaiscirks #cirkast\u0101sti #MaraPavula #circustalk 31.08.2020., press conference A press conference before Kaaos Kaamos show \u201cBabel Gl\u00f6m\u201d (Latvian\/English) #rigascirks #cirks #presei #preseskonference #cirkaviesistaba #kaaoskaamos #babelglom www.facebook.com August 2020, art-residency video Fauna Circus on their work-in-progress \u201cMacro\u201d and art-residency at R\u012bgas cirks....","og_url":"https:\/\/cirks.lv\/en\/circus\/podcasts-and-videos\/","og_site_name":"cirks.lv","article_modified_time":"2022-03-21T09:50:58+00:00","twitter_card":"summary_large_image","twitter_site":"@VISA_RigasCirks","twitter_misc":{"Est. reading time":"4 minutes"},"schema":{"@context":"https:\/\/schema.org","@graph":[{"@type":"WebPage","@id":"https:\/\/cirks.lv\/en\/circus\/podcasts-and-videos\/","url":"https:\/\/cirks.lv\/en\/circus\/podcasts-and-videos\/","name":"Podcasts and videos - cirks.lv","isPartOf":{"@id":"https:\/\/cirks.lv\/en\/#website"},"primaryImageOfPage":{"@id":"https:\/\/cirks.lv\/en\/circus\/podcasts-and-videos\/#primaryimage"},"image":{"@id":"https:\/\/cirks.lv\/en\/circus\/podcasts-and-videos\/#primaryimage"},"thumbnailUrl":"https:\/\/cirks.lv\/wp-content\/uploads\/2021\/12\/pikto_cirks-video.svg","datePublished":"2021-11-08T09:50:35+00:00","dateModified":"2022-03-21T09:50:58+00:00","breadcrumb":{"@id":"https:\/\/cirks.lv\/en\/circus\/podcasts-and-videos\/#breadcrumb"},"inLanguage":"en-US","potentialAction":[{"@type":"ReadAction","target":["https:\/\/cirks.lv\/en\/circus\/podcasts-and-videos\/"]}]},{"@type":"ImageObject","inLanguage":"en-US","@id":"https:\/\/cirks.lv\/en\/circus\/podcasts-and-videos\/#primaryimage","url":"https:\/\/cirks.lv\/wp-content\/uploads\/2021\/12\/pikto_cirks-video.svg","contentUrl":"https:\/\/cirks.lv\/wp-content\/uploads\/2021\/12\/pikto_cirks-video.svg"},{"@type":"BreadcrumbList","@id":"https:\/\/cirks.lv\/en\/circus\/podcasts-and-videos\/#breadcrumb","itemListElement":[{"@type":"ListItem","position":1,"name":"Home","item":"https:\/\/cirks.lv\/en\/"},{"@type":"ListItem","position":2,"name":"Circus","item":"https:\/\/cirks.lv\/en\/circus\/"},{"@type":"ListItem","position":3,"name":"Podcasts and videos"}]},{"@type":"WebSite","@id":"https:\/\/cirks.lv\/en\/#website","url":"https:\/\/cirks.lv\/en\/","name":"cirks.lv","description":"Circus, cirks, stage arts","publisher":{"@id":"https:\/\/cirks.lv\/en\/#organization"},"potentialAction":[{"@type":"SearchAction","target":{"@type":"EntryPoint","urlTemplate":"https:\/\/cirks.lv\/en\/?s={search_term_string}"},"query-input":{"@type":"PropertyValueSpecification","valueRequired":true,"valueName":"search_term_string"}}],"inLanguage":"en-US"},{"@type":"Organization","@id":"https:\/\/cirks.lv\/en\/#organization","name":"R\u012bgas Cirks","url":"https:\/\/cirks.lv\/en\/","logo":{"@type":"ImageObject","inLanguage":"en-US","@id":"https:\/\/cirks.lv\/en\/#\/schema\/logo\/image\/","url":"https:\/\/cirks.lv\/wp-content\/uploads\/2021\/08\/RC-logo-2018.jpg","contentUrl":"https:\/\/cirks.lv\/wp-content\/uploads\/2021\/08\/RC-logo-2018.jpg","width":1753,"height":1240,"caption":"R\u012bgas Cirks"},"image":{"@id":"https:\/\/cirks.lv\/en\/#\/schema\/logo\/image\/"},"sameAs":["https:\/\/x.com\/VISA_RigasCirks","https:\/\/www.instagram.com\/VSIA_RigasCirks\/"]}]}},"_links":{"self":[{"href":"https:\/\/cirks.lv\/en\/wp-json\/wp\/v2\/pages\/14756","targetHints":{"allow":["GET"]}}],"collection":[{"href":"https:\/\/cirks.lv\/en\/wp-json\/wp\/v2\/pages"}],"about":[{"href":"https:\/\/cirks.lv\/en\/wp-json\/wp\/v2\/types\/page"}],"author":[{"embeddable":true,"href":"https:\/\/cirks.lv\/en\/wp-json\/wp\/v2\/users\/1"}],"replies":[{"embeddable":true,"href":"https:\/\/cirks.lv\/en\/wp-json\/wp\/v2\/comments?post=14756"}],"version-history":[{"count":3,"href":"https:\/\/cirks.lv\/en\/wp-json\/wp\/v2\/pages\/14756\/revisions"}],"predecessor-version":[{"id":14760,"href":"https:\/\/cirks.lv\/en\/wp-json\/wp\/v2\/pages\/14756\/revisions\/14760"}],"up":[{"embeddable":true,"href":"https:\/\/cirks.lv\/en\/wp-json\/wp\/v2\/pages\/4876"}],"wp:featuredmedia":[{"embeddable":true,"href":"https:\/\/cirks.lv\/en\/wp-json\/wp\/v2\/media\/13107"}],"wp:attachment":[{"href":"https:\/\/cirks.lv\/en\/wp-json\/wp\/v2\/media?parent=14756"}],"curies":[{"name":"wp","href":"https:\/\/api.w.org\/{rel}","templated":true}]}}