{"id":12664,"date":"2021-11-16T12:24:07","date_gmt":"2021-11-16T10:24:07","guid":{"rendered":"https:\/\/cirks.lv\/circus\/par-cirka-skolu\/"},"modified":"2026-03-19T12:49:51","modified_gmt":"2026-03-19T10:49:51","slug":"about-us","status":"publish","type":"page","link":"https:\/\/cirks.lv\/en\/circus\/about-us\/","title":{"rendered":"About us"},"content":{"rendered":"<p>Rigas Cirks is a multifunctional arts centre, that deliberately works towards offering relevant and current circus shows to wider audiences, as well as promotes development and availability of circus arts in Latvia and the Baltics.<\/p>\n<p>Rigas Cirks building was built in 1888 and can be considered one of the oldest circus-focused buildings in Europe. After series of events, Rigas Cirks was re-launched as a state owned enterprise in 2017, introducing a new strategy for the prominent historic building as well as the institution itself. As of that moment it works in three strategic directions \u2013 offering circus shows, quality circus education (currently leisure education for kids and grown ups) as well as international artist residency program.<\/p>\n<p>The Rigas Cirks arena is recently renovated. <a href=\"https:\/\/cirks.lv\/en\/circus\/reconstruction\/\">LEARN MORE ABOUT THE RECONSTRUCTION<\/a>.<\/p>\n<p>Rigas Cirks offers circus classes in the <a href=\"\/en\/circus-school\/par-cirka-skolu\">Riga Circus School<\/a> that can be attended by children as well as adults, located in \u0100genskalns, on 25, Ze\u013c\u013cu Street.<\/p>\n<p>R\u012bgas cirks is a member of <a href=\"https:\/\/cirks.lv\/en\/cooperation\/bncn\/\">Baltic-Nordic Circus Network<\/a>, the European Network for Circus and Street Arts Circostrada, <a href=\"https:\/\/cirks.lv\/en\/cooperation\/grassroot\/\">Baltic Circus Grassroot<\/a> Network, and the circusnext platform.<\/p>\n<div class=\"wysiwyg-gallery d-flex flex-wrap\">\r\n            <div class=\"single-gallery-element position-relative overflow-hidden transition-default\">\r\n            <a href=\"\" data-toggle=\"modal\" data-target=\"#galleryImages0\" data-counter=\"0\" class=\"slider-image-link prevent-shaking-animation\">\r\n                <img decoding=\"async\" src=\"https:\/\/cirks.lv\/wp-content\/uploads\/2021\/08\/Cirka-fasa\u0304de-I-ka\u0304rta-1024x535-1-768x401.jpg\" class=\"gallery-image position-absolute w-100 h-100\" alt=\"\">\r\n            <\/a>\r\n        <\/div>\r\n                <div class=\"single-gallery-element position-relative overflow-hidden transition-default\">\r\n            <a href=\"\" data-toggle=\"modal\" data-target=\"#galleryImages0\" data-counter=\"1\" class=\"slider-image-link prevent-shaking-animation\">\r\n                <img decoding=\"async\" src=\"https:\/\/cirks.lv\/wp-content\/uploads\/2021\/08\/Rigas-cirka-kupols-1024x757-min-768x568.png\" class=\"gallery-image position-absolute w-100 h-100\" alt=\"\">\r\n            <\/a>\r\n        <\/div>\r\n                <div class=\"single-gallery-element position-relative overflow-hidden transition-default\">\r\n            <a href=\"\" data-toggle=\"modal\" data-target=\"#galleryImages0\" data-counter=\"2\" class=\"slider-image-link prevent-shaking-animation\">\r\n                <img decoding=\"async\" src=\"https:\/\/cirks.lv\/wp-content\/uploads\/2021\/08\/Screen-Shot-2021-05-17-at-15.59.27-1024x768-min-768x576.png\" class=\"gallery-image position-absolute w-100 h-100\" alt=\"\">\r\n            <\/a>\r\n        <\/div>\r\n                <div class=\"single-gallery-element position-relative overflow-hidden transition-default\">\r\n            <a href=\"\" data-toggle=\"modal\" data-target=\"#galleryImages0\" data-counter=\"3\" class=\"slider-image-link prevent-shaking-animation\">\r\n                <img decoding=\"async\" src=\"https:\/\/cirks.lv\/wp-content\/uploads\/2021\/08\/NRJA-vizualizacija-723x1024-min.png\" class=\"gallery-image position-absolute w-100 h-100\" alt=\"\">\r\n            <\/a>\r\n        <\/div>\r\n                <div class=\"single-gallery-element position-relative overflow-hidden transition-default\">\r\n            <a href=\"\" data-toggle=\"modal\" data-target=\"#galleryImages0\" data-counter=\"4\" class=\"slider-image-link prevent-shaking-animation\">\r\n                <img decoding=\"async\" src=\"https:\/\/cirks.lv\/wp-content\/uploads\/2021\/08\/Cirka-fasa\u0304de-pilna\u0304-apjoma\u0304-NRJA-1024x576-1-768x432.jpg\" class=\"gallery-image position-absolute w-100 h-100\" alt=\"\">\r\n            <\/a>\r\n        <\/div>\r\n        <\/div>\r\n<div class=\"image-modal-window\">\r\n    <div class=\"modal\" id=\"galleryImages0\" tabindex=\"-1\">\r\n        <div class=\"modal-dialog d-inline-block w-100\">\r\n            <div class=\"modal-content d-block\">\r\n                <div id=\"imagesSlider0\" class=\"carousel slide\" data-ride=\"carousel\" data-interval=\"false\">\r\n                    <div class=\"carousel-inner\">\r\n                                                    <div class=\"carousel-item active\" data-counter=\"0\">\r\n                                <div class=\"align-modal-helper d-flex flex-wrap align-items-center justify-content-center\">\r\n                                    <img decoding=\"async\" src=\"https:\/\/cirks.lv\/wp-content\/uploads\/2021\/08\/Cirka-fasa\u0304de-I-ka\u0304rta-1024x535-1.jpg\" class=\"slide-image\"  alt=\"\">\r\n                                                                    <\/div>\r\n                            <\/div>\r\n                                                        <div class=\"carousel-item \" data-counter=\"1\">\r\n                                <div class=\"align-modal-helper d-flex flex-wrap align-items-center justify-content-center\">\r\n                                    <img decoding=\"async\" src=\"https:\/\/cirks.lv\/wp-content\/uploads\/2021\/08\/Rigas-cirka-kupols-1024x757-min.png\" class=\"slide-image\"  alt=\"\">\r\n                                                                    <\/div>\r\n                            <\/div>\r\n                                                        <div class=\"carousel-item \" data-counter=\"2\">\r\n                                <div class=\"align-modal-helper d-flex flex-wrap align-items-center justify-content-center\">\r\n                                    <img decoding=\"async\" src=\"https:\/\/cirks.lv\/wp-content\/uploads\/2021\/08\/Screen-Shot-2021-05-17-at-15.59.27-1024x768-min.png\" class=\"slide-image\"  alt=\"\">\r\n                                                                    <\/div>\r\n                            <\/div>\r\n                                                        <div class=\"carousel-item \" data-counter=\"3\">\r\n                                <div class=\"align-modal-helper d-flex flex-wrap align-items-center justify-content-center\">\r\n                                    <img decoding=\"async\" src=\"https:\/\/cirks.lv\/wp-content\/uploads\/2021\/08\/NRJA-vizualizacija-723x1024-min-706x1000.png\" class=\"slide-image\"  alt=\"\">\r\n                                                                    <\/div>\r\n                            <\/div>\r\n                                                        <div class=\"carousel-item \" data-counter=\"4\">\r\n                                <div class=\"align-modal-helper d-flex flex-wrap align-items-center justify-content-center\">\r\n                                    <img decoding=\"async\" src=\"https:\/\/cirks.lv\/wp-content\/uploads\/2021\/08\/Cirka-fasa\u0304de-pilna\u0304-apjoma\u0304-NRJA-1024x576-1.jpg\" class=\"slide-image\"  alt=\"\">\r\n                                                                    <\/div>\r\n                            <\/div>\r\n                                                <\/div>\r\n                <\/div>\r\n            <\/div>\r\n        <\/div>\r\n                    <a class=\"carousel-control-prev position-absolute\" href=\"#imagesSlider0\" role=\"button\" data-slide=\"prev\">\r\n                <img decoding=\"async\" src=\"https:\/\/cirks.lv\/wp-content\/themes\/cirks\/images\/icons\/arrow-left-white.svg\" alt=\"\">\r\n            <\/a>\r\n            <a class=\"carousel-control-next position-absolute\" href=\"#imagesSlider0\" role=\"button\" data-slide=\"next\">\r\n                <img decoding=\"async\" src=\"https:\/\/cirks.lv\/wp-content\/themes\/cirks\/images\/icons\/arrow-right-white.svg\" alt=\"\">\r\n            <\/a>\r\n                <button class=\"modal-cross position-absolute\" data-dismiss=\"modal\">\r\n            <img decoding=\"async\" src=\"https:\/\/cirks.lv\/wp-content\/themes\/cirks\/images\/icons\/cross.svg\" alt=\"\">\r\n        <\/button>\r\n    <\/div>\r\n<\/div>\n<p><span style=\"color: #808080;\"><em>Visualizations: pictures 1-3: Riga Circus after reconstruction in 2023. Pictures 4 and 5 \u2013 Riga Circus after complete reconstruction<\/em><\/span><\/p>\n<h2>Circus building<\/h2>\n<p>The Riga circus building is the only permanent circus building in the Baltic states and one of the first in Europe. When J\u0101nis Fr\u012bdrihs Baumanis, the first academically educated Latvian architect, designed the R\u012bgas cirks building in 1888, the facade facing Mer\u0137e\u013ca Street contained not only the door for spectators but also an entrance for horses to get into the yard. Over the years, the building has been rebuilt, changed, adapted, and complemented with new details. The building will now be reconstructed again, this time with a view to restoring the historic, attractive features of the Riga circus in combination with contemporary vibes.<\/p>\n<p>In the past, this place featured not only strongmen, jugglers, clowns, and acrobats, but also the first cinema shows in Riga, concerts and wonders of art from all over the world. Currently, R\u012bgas cirks is a wonderful place to experience the most diverse facets of art and culture. Local and international artist shows are taking place here, children and adults learn the secrets of circus disciplines in the circus school, while artists-in residency are generating new ideas and creating new shows. The transformation of the circus building will take place gradually. The first stage of reconstruction will be launched at the end of 2020: we will work on energy efficiency and thermal insulation of the building. The most noticeable change will come afterwards: a comfortable pedestrian passage will be made in place of the former horse entrance, a place where Garl\u012bbs Mer\u0137elis will be able to meet Alfr\u0113ds Kalni\u0146\u0161. But all the way up to the legendary circus dome made of railway tracks, there will be walkways for urban explorers.<\/p>\n<p>&nbsp;<\/p>\n<h2>Values of R\u012bgas cirks<\/h2>\n<p><img loading=\"lazy\" decoding=\"async\" class=\"alignnone wp-image-12554 size-full\" src=\"https:\/\/cirks.lv\/wp-content\/uploads\/2021\/11\/vertibas.jpeg\" alt=\"\" width=\"1920\" height=\"1080\" srcset=\"https:\/\/cirks.lv\/wp-content\/uploads\/2021\/11\/vertibas.jpeg 1920w, https:\/\/cirks.lv\/wp-content\/uploads\/2021\/11\/vertibas-300x169.jpeg 300w, https:\/\/cirks.lv\/wp-content\/uploads\/2021\/11\/vertibas-1024x576.jpeg 1024w, https:\/\/cirks.lv\/wp-content\/uploads\/2021\/11\/vertibas-768x432.jpeg 768w, https:\/\/cirks.lv\/wp-content\/uploads\/2021\/11\/vertibas-1536x864.jpeg 1536w, https:\/\/cirks.lv\/wp-content\/uploads\/2021\/11\/vertibas-1500x844.jpeg 1500w\" sizes=\"auto, (max-width: 1920px) 100vw, 1920px\" \/><strong>Diversity<\/strong> <span style=\"color: #808080;\">performances \/ on stage \/ in the audience \/ community<\/span><\/p>\n<p>We aspire to show circus in all its diversity, not only as a discipline, but as a creative art form. As well as representing circus, we strive for inclusiveness on and off stage, among artists, students and the audience.<\/p>\n<p><strong>Cooperation<\/strong>\u00a0 <span style=\"color: #808080;\">with artists \/ with other art forms \/ with the environment \/ with other creative organisations \/ society \/ interdisciplinary \/ intercultural communication<\/span><\/p>\n<p>Circus has always been a space for interdisciplinary collaboration &#8211; in fact it is one of the core values of circus arts. Rigas cirks will continue to bring together artists form all kinds of creative backgrounds to communicate through performance art.<\/p>\n<p><strong>Courage<\/strong> <span style=\"color: #808080;\">the essence of circus \/ artistic freedom \/ overcoming your fears \/ breaking stereotypes \/ new forms \/ experiments<\/span><\/p>\n<p>Courage to overcome your fears to achieve something that seems to be impossible is an integral part of the circus arts. You can see that in every circus performance and in every circus artist.<\/p>\n<p><strong>Art<\/strong> <span style=\"color: #808080;\">quality content \/ art as an platform for ideas, not just aesthetics \/ encouragement for art \/ art education \/ understanding art<\/span><\/p>\n<p>Circus is a language, not just a decoration or made just for amusement. In our artistic programme we aspire to create quality content with artistic value, as well as meaningful message behind it. To achieve this and share it with our audiences we invite the worlds best contemporary circus artists and performers from other creative fields. We encourage the creation of art, showing finished performances as well as works in progress. Also we try to make the space where artists can create and let their creative thoughts fly.<\/p>\n<p><strong>Improvement<\/strong>\u00a0<span style=\"color: #808080;\">in our artists \/ circus school as a place for growth \/ improvement in the organisations employees\u00a0<\/span><\/p>\n<p>At the foundation of circus lies never ending evolution for individuals and for the community as a whole. Contemporary art in Latvian society is at its first stages and that is why communication, education and improvement is a key factor.<\/p>\n<p>&nbsp;<\/p>\n<h2>Strategic Objectives of the R\u012bgas cirks<\/h2>\n<blockquote><p><strong>R\u012bgas cirks is a multifunctional art centre<\/strong> which aims not only at offering important and topical circus performances to an ever-expanding public, but also promotes the development and visibility of the circus industry in the Latvian society in the long term.<\/p><\/blockquote>\n<p>The strategic objectives of the R\u012bgas cirks are the development, modernisation, and promotion of professional circus art in Latvia and abroad, as well as ensuring its availability to all members of the society. All capital shares (100%) are the property of the Republic of Latvia, and the holder of state capital shares is the Ministry of Culture. The decisions of the shareholders meeting are taken by the State Secretary of the Ministry of Culture. R\u012bgas Cirks is not involved in other companies. In order to fully develop the circus sector and to offer the circus miracle to the widest possible number of people in the long term, targeted and considerate efforts are taking place in a number of strategic directions. It is currently possible for the general public to see visiting circus shows in the Riga Circus and other venues throughout Latvia. Circus disciplines can now be tried out by everyone \u2013 the Riga Circus School offers lessons for children and workshops for people of all ages. On the other hand, R\u012bgas cirks promotes international visibility and creativity by working with international networks of circus professionals and organising a programme of artist residencies. The Riga circus building was closed in 2016-2018 to strengthen the wall facing Mer\u0137e\u013ca Street. However, since September 2018, it has housed a series of cultural events \u2013 contemporary art festivals, shows, exhibitions, concerts, and circus performances. In the coming years, the Riga Circus building will undergo significant changes, which will alter not only the functional use of the building but also the urban environment adjacent to it by connecting two streets \u2013 Mer\u0137e\u013ca street and A. Kalni\u0146a street.<\/p>\n<p>Find out more about the future vision in this video:<\/p>\n<div class=\"video-wysiwyg\"><iframe loading=\"lazy\" title=\"R\u012bgas cirks ir piedz\u012bvojums!\" width=\"500\" height=\"281\" src=\"https:\/\/www.youtube.com\/embed\/uzZmX_mZy_E?feature=oembed\" frameborder=\"0\" allow=\"accelerometer; autoplay; clipboard-write; encrypted-media; gyroscope; picture-in-picture; web-share\" referrerpolicy=\"strict-origin-when-cross-origin\" allowfullscreen><\/iframe><\/div>\n","protected":false},"excerpt":{"rendered":"<p>Rigas Cirks is a multifunctional arts centre, that deliberately works towards offering relevant and current circus shows to wider audiences, as well as promotes development and availability of circus arts in Latvia and the Baltics. Rigas Cirks building was built in 1888 and can be considered one of the oldest circus-focused buildings in Europe. After&#8230;<\/p>\n","protected":false},"author":1,"featured_media":13077,"parent":4876,"menu_order":10,"comment_status":"closed","ping_status":"closed","template":"","meta":{"_acf_changed":false,"footnotes":""},"class_list":["post-12664","page","type-page","status-publish","has-post-thumbnail","hentry"],"acf":[],"yoast_head":"<!-- This site is optimized with the Yoast SEO plugin v27.3 - https:\/\/yoast.com\/product\/yoast-seo-wordpress\/ -->\n<title>About us - cirks.lv<\/title>\n<meta name=\"robots\" content=\"index, follow, max-snippet:-1, max-image-preview:large, max-video-preview:-1\" \/>\n<link rel=\"canonical\" href=\"https:\/\/cirks.lv\/en\/circus\/about-us\/\" \/>\n<meta property=\"og:locale\" content=\"en_US\" \/>\n<meta property=\"og:type\" content=\"article\" \/>\n<meta property=\"og:title\" content=\"About us - cirks.lv\" \/>\n<meta property=\"og:description\" content=\"Rigas Cirks is a multifunctional arts centre, that deliberately works towards offering relevant and current circus shows to wider audiences, as well as promotes development and availability of circus arts in Latvia and the Baltics. Rigas Cirks building was built in 1888 and can be considered one of the oldest circus-focused buildings in Europe. After...\" \/>\n<meta property=\"og:url\" content=\"https:\/\/cirks.lv\/en\/circus\/about-us\/\" \/>\n<meta property=\"og:site_name\" content=\"cirks.lv\" \/>\n<meta property=\"article:modified_time\" content=\"2026-03-19T10:49:51+00:00\" \/>\n<meta name=\"twitter:card\" content=\"summary_large_image\" \/>\n<meta name=\"twitter:site\" content=\"@VISA_RigasCirks\" \/>\n<meta name=\"twitter:label1\" content=\"Est. reading time\" \/>\n\t<meta name=\"twitter:data1\" content=\"7 minutes\" \/>\n<script type=\"application\/ld+json\" class=\"yoast-schema-graph\">{\"@context\":\"https:\\\/\\\/schema.org\",\"@graph\":[{\"@type\":\"WebPage\",\"@id\":\"https:\\\/\\\/cirks.lv\\\/en\\\/circus\\\/about-us\\\/\",\"url\":\"https:\\\/\\\/cirks.lv\\\/en\\\/circus\\\/about-us\\\/\",\"name\":\"About us - cirks.lv\",\"isPartOf\":{\"@id\":\"https:\\\/\\\/cirks.lv\\\/en\\\/#website\"},\"primaryImageOfPage\":{\"@id\":\"https:\\\/\\\/cirks.lv\\\/en\\\/circus\\\/about-us\\\/#primaryimage\"},\"image\":{\"@id\":\"https:\\\/\\\/cirks.lv\\\/en\\\/circus\\\/about-us\\\/#primaryimage\"},\"thumbnailUrl\":\"https:\\\/\\\/cirks.lv\\\/wp-content\\\/uploads\\\/2021\\\/12\\\/pikto_cirks-cirks.svg\",\"datePublished\":\"2021-11-16T10:24:07+00:00\",\"dateModified\":\"2026-03-19T10:49:51+00:00\",\"breadcrumb\":{\"@id\":\"https:\\\/\\\/cirks.lv\\\/en\\\/circus\\\/about-us\\\/#breadcrumb\"},\"inLanguage\":\"en-US\",\"potentialAction\":[{\"@type\":\"ReadAction\",\"target\":[\"https:\\\/\\\/cirks.lv\\\/en\\\/circus\\\/about-us\\\/\"]}]},{\"@type\":\"ImageObject\",\"inLanguage\":\"en-US\",\"@id\":\"https:\\\/\\\/cirks.lv\\\/en\\\/circus\\\/about-us\\\/#primaryimage\",\"url\":\"https:\\\/\\\/cirks.lv\\\/wp-content\\\/uploads\\\/2021\\\/12\\\/pikto_cirks-cirks.svg\",\"contentUrl\":\"https:\\\/\\\/cirks.lv\\\/wp-content\\\/uploads\\\/2021\\\/12\\\/pikto_cirks-cirks.svg\"},{\"@type\":\"BreadcrumbList\",\"@id\":\"https:\\\/\\\/cirks.lv\\\/en\\\/circus\\\/about-us\\\/#breadcrumb\",\"itemListElement\":[{\"@type\":\"ListItem\",\"position\":1,\"name\":\"Home\",\"item\":\"https:\\\/\\\/cirks.lv\\\/en\\\/\"},{\"@type\":\"ListItem\",\"position\":2,\"name\":\"Circus\",\"item\":\"https:\\\/\\\/cirks.lv\\\/en\\\/circus\\\/\"},{\"@type\":\"ListItem\",\"position\":3,\"name\":\"About us\"}]},{\"@type\":\"WebSite\",\"@id\":\"https:\\\/\\\/cirks.lv\\\/en\\\/#website\",\"url\":\"https:\\\/\\\/cirks.lv\\\/en\\\/\",\"name\":\"cirks.lv\",\"description\":\"Circus, cirks, stage arts\",\"publisher\":{\"@id\":\"https:\\\/\\\/cirks.lv\\\/en\\\/#organization\"},\"potentialAction\":[{\"@type\":\"SearchAction\",\"target\":{\"@type\":\"EntryPoint\",\"urlTemplate\":\"https:\\\/\\\/cirks.lv\\\/en\\\/?s={search_term_string}\"},\"query-input\":{\"@type\":\"PropertyValueSpecification\",\"valueRequired\":true,\"valueName\":\"search_term_string\"}}],\"inLanguage\":\"en-US\"},{\"@type\":\"Organization\",\"@id\":\"https:\\\/\\\/cirks.lv\\\/en\\\/#organization\",\"name\":\"R\u012bgas Cirks\",\"url\":\"https:\\\/\\\/cirks.lv\\\/en\\\/\",\"logo\":{\"@type\":\"ImageObject\",\"inLanguage\":\"en-US\",\"@id\":\"https:\\\/\\\/cirks.lv\\\/en\\\/#\\\/schema\\\/logo\\\/image\\\/\",\"url\":\"https:\\\/\\\/cirks.lv\\\/wp-content\\\/uploads\\\/2021\\\/08\\\/RC-logo-2018.jpg\",\"contentUrl\":\"https:\\\/\\\/cirks.lv\\\/wp-content\\\/uploads\\\/2021\\\/08\\\/RC-logo-2018.jpg\",\"width\":1753,\"height\":1240,\"caption\":\"R\u012bgas Cirks\"},\"image\":{\"@id\":\"https:\\\/\\\/cirks.lv\\\/en\\\/#\\\/schema\\\/logo\\\/image\\\/\"},\"sameAs\":[\"https:\\\/\\\/x.com\\\/VISA_RigasCirks\",\"https:\\\/\\\/www.instagram.com\\\/VSIA_RigasCirks\\\/\"]}]}<\/script>\n<!-- \/ Yoast SEO plugin. -->","yoast_head_json":{"title":"About us - cirks.lv","robots":{"index":"index","follow":"follow","max-snippet":"max-snippet:-1","max-image-preview":"max-image-preview:large","max-video-preview":"max-video-preview:-1"},"canonical":"https:\/\/cirks.lv\/en\/circus\/about-us\/","og_locale":"en_US","og_type":"article","og_title":"About us - cirks.lv","og_description":"Rigas Cirks is a multifunctional arts centre, that deliberately works towards offering relevant and current circus shows to wider audiences, as well as promotes development and availability of circus arts in Latvia and the Baltics. Rigas Cirks building was built in 1888 and can be considered one of the oldest circus-focused buildings in Europe. After...","og_url":"https:\/\/cirks.lv\/en\/circus\/about-us\/","og_site_name":"cirks.lv","article_modified_time":"2026-03-19T10:49:51+00:00","twitter_card":"summary_large_image","twitter_site":"@VISA_RigasCirks","twitter_misc":{"Est. reading time":"7 minutes"},"schema":{"@context":"https:\/\/schema.org","@graph":[{"@type":"WebPage","@id":"https:\/\/cirks.lv\/en\/circus\/about-us\/","url":"https:\/\/cirks.lv\/en\/circus\/about-us\/","name":"About us - cirks.lv","isPartOf":{"@id":"https:\/\/cirks.lv\/en\/#website"},"primaryImageOfPage":{"@id":"https:\/\/cirks.lv\/en\/circus\/about-us\/#primaryimage"},"image":{"@id":"https:\/\/cirks.lv\/en\/circus\/about-us\/#primaryimage"},"thumbnailUrl":"https:\/\/cirks.lv\/wp-content\/uploads\/2021\/12\/pikto_cirks-cirks.svg","datePublished":"2021-11-16T10:24:07+00:00","dateModified":"2026-03-19T10:49:51+00:00","breadcrumb":{"@id":"https:\/\/cirks.lv\/en\/circus\/about-us\/#breadcrumb"},"inLanguage":"en-US","potentialAction":[{"@type":"ReadAction","target":["https:\/\/cirks.lv\/en\/circus\/about-us\/"]}]},{"@type":"ImageObject","inLanguage":"en-US","@id":"https:\/\/cirks.lv\/en\/circus\/about-us\/#primaryimage","url":"https:\/\/cirks.lv\/wp-content\/uploads\/2021\/12\/pikto_cirks-cirks.svg","contentUrl":"https:\/\/cirks.lv\/wp-content\/uploads\/2021\/12\/pikto_cirks-cirks.svg"},{"@type":"BreadcrumbList","@id":"https:\/\/cirks.lv\/en\/circus\/about-us\/#breadcrumb","itemListElement":[{"@type":"ListItem","position":1,"name":"Home","item":"https:\/\/cirks.lv\/en\/"},{"@type":"ListItem","position":2,"name":"Circus","item":"https:\/\/cirks.lv\/en\/circus\/"},{"@type":"ListItem","position":3,"name":"About us"}]},{"@type":"WebSite","@id":"https:\/\/cirks.lv\/en\/#website","url":"https:\/\/cirks.lv\/en\/","name":"cirks.lv","description":"Circus, cirks, stage arts","publisher":{"@id":"https:\/\/cirks.lv\/en\/#organization"},"potentialAction":[{"@type":"SearchAction","target":{"@type":"EntryPoint","urlTemplate":"https:\/\/cirks.lv\/en\/?s={search_term_string}"},"query-input":{"@type":"PropertyValueSpecification","valueRequired":true,"valueName":"search_term_string"}}],"inLanguage":"en-US"},{"@type":"Organization","@id":"https:\/\/cirks.lv\/en\/#organization","name":"R\u012bgas Cirks","url":"https:\/\/cirks.lv\/en\/","logo":{"@type":"ImageObject","inLanguage":"en-US","@id":"https:\/\/cirks.lv\/en\/#\/schema\/logo\/image\/","url":"https:\/\/cirks.lv\/wp-content\/uploads\/2021\/08\/RC-logo-2018.jpg","contentUrl":"https:\/\/cirks.lv\/wp-content\/uploads\/2021\/08\/RC-logo-2018.jpg","width":1753,"height":1240,"caption":"R\u012bgas Cirks"},"image":{"@id":"https:\/\/cirks.lv\/en\/#\/schema\/logo\/image\/"},"sameAs":["https:\/\/x.com\/VISA_RigasCirks","https:\/\/www.instagram.com\/VSIA_RigasCirks\/"]}]}},"_links":{"self":[{"href":"https:\/\/cirks.lv\/en\/wp-json\/wp\/v2\/pages\/12664","targetHints":{"allow":["GET"]}}],"collection":[{"href":"https:\/\/cirks.lv\/en\/wp-json\/wp\/v2\/pages"}],"about":[{"href":"https:\/\/cirks.lv\/en\/wp-json\/wp\/v2\/types\/page"}],"author":[{"embeddable":true,"href":"https:\/\/cirks.lv\/en\/wp-json\/wp\/v2\/users\/1"}],"replies":[{"embeddable":true,"href":"https:\/\/cirks.lv\/en\/wp-json\/wp\/v2\/comments?post=12664"}],"version-history":[{"count":14,"href":"https:\/\/cirks.lv\/en\/wp-json\/wp\/v2\/pages\/12664\/revisions"}],"predecessor-version":[{"id":38232,"href":"https:\/\/cirks.lv\/en\/wp-json\/wp\/v2\/pages\/12664\/revisions\/38232"}],"up":[{"embeddable":true,"href":"https:\/\/cirks.lv\/en\/wp-json\/wp\/v2\/pages\/4876"}],"wp:featuredmedia":[{"embeddable":true,"href":"https:\/\/cirks.lv\/en\/wp-json\/wp\/v2\/media\/13077"}],"wp:attachment":[{"href":"https:\/\/cirks.lv\/en\/wp-json\/wp\/v2\/media?parent=12664"}],"curies":[{"name":"wp","href":"https:\/\/api.w.org\/{rel}","templated":true}]}}